{"id":1624,"date":"2023-11-19T19:56:01","date_gmt":"2023-11-19T19:56:01","guid":{"rendered":"https:\/\/healthagentsturkey.com\/?page_id=1624"},"modified":"2026-02-25T10:31:55","modified_gmt":"2026-02-25T07:31:55","slug":"hollywood-gulus-tasarimi","status":"publish","type":"page","link":"http:\/\/healthagentsturkey.com\/fr\/tedavi\/dis\/estetik-dis-hekimligi\/hollywood-gulus-tasarimi\/","title":{"rendered":"Hollywood Smile Design"},"content":{"rendered":"<div data-elementor-type=\"wp-page\" data-elementor-id=\"1624\" class=\"elementor elementor-1624\" data-elementor-post-type=\"page\">\n\t\t\t\t\t\t<section class=\"elementor-section elementor-top-section elementor-element elementor-element-eedafb9 elementor-section-content-middle elementor-section-boxed elementor-section-height-default elementor-section-height-default tp-parallax-no syd-sticky-section-no\" data-id=\"eedafb9\" data-element_type=\"section\" data-settings=\"{&quot;tp_sticky_sec_effect_enable&quot;:false}\">\n\t\t\t\t\t\t<div class=\"elementor-container elementor-column-gap-default\">\n\t\t\t\t\t<div data-aos=\"\" class=\"elementor-column elementor-col-50 elementor-top-column elementor-element elementor-element-571508b syd-sticky-section-no\" data-id=\"571508b\" data-element_type=\"column\" data-settings=\"{&quot;tp_sticky_col_effect_enable&quot;:false}\">\n\t\t\t<div class=\"elementor-widget-wrap elementor-element-populated\">\n\t\t\t\t\t\t<div class=\"elementor-element elementor-element-2fc2cb6 syd-sticky-section-no elementor-widget elementor-widget-heading\" data-id=\"2fc2cb6\" data-element_type=\"widget\" data-widget_type=\"heading.default\">\n\t\t\t\t<div class=\"elementor-widget-container\">\n\t\t\t\t\t<h2 class=\"elementor-heading-title elementor-size-default\">Sourire hollywoodien<\/h2>\t\t\t\t<\/div>\n\t\t\t\t<\/div>\n\t\t\t\t<div class=\"elementor-element elementor-element-1cf0f1c syd-sticky-section-no elementor-widget elementor-widget-text-editor\" data-id=\"1cf0f1c\" data-element_type=\"widget\" data-widget_type=\"text-editor.default\">\n\t\t\t\t<div class=\"elementor-widget-container\">\n\t\t\t\t\t\t\t\t\t<p>Le terme \"Hollywood Smile\" d\u00e9signe un type de traitement dentaire ou de dentisterie cosm\u00e9tique qui vise \u00e0 cr\u00e9er un ensemble de dents esth\u00e9tiquement plaisant, brillant et sym\u00e9trique, semblable au sourire que l'on voit souvent chez les c\u00e9l\u00e9brit\u00e9s hollywoodiennes. Il se caract\u00e9rise par des dents parfaitement align\u00e9es, blanches et bien form\u00e9es.<\/p><p>Le sourire hollywoodien implique g\u00e9n\u00e9ralement une combinaison de diverses proc\u00e9dures dentaires telles que le blanchiment des dents, les facettes dentaires, les couronnes dentaires, les implants dentaires, les traitements orthodontiques et le remodelage des lignes gingivales. Ces traitements sont con\u00e7us pour r\u00e9soudre diff\u00e9rents probl\u00e8mes dentaires tels que la d\u00e9coloration des dents, les d\u00e9fauts d'alignement, les lacunes, les \u00e9br\u00e9chures et autres imperfections esth\u00e9tiques.<\/p>\t\t\t\t\t\t\t\t<\/div>\n\t\t\t\t<\/div>\n\t\t\t\t\t<\/div>\n\t\t<\/div>\n\t\t\t\t<div data-aos=\"\" class=\"elementor-column elementor-col-50 elementor-top-column elementor-element elementor-element-bc4d4c0 syd-sticky-section-no\" data-id=\"bc4d4c0\" data-element_type=\"column\" data-settings=\"{&quot;tp_sticky_col_effect_enable&quot;:false}\">\n\t\t\t<div class=\"elementor-widget-wrap elementor-element-populated\">\n\t\t\t\t\t\t<div class=\"elementor-element elementor-element-48dd569 syd-sticky-section-no elementor-widget elementor-widget-image\" data-id=\"48dd569\" data-element_type=\"widget\" data-widget_type=\"image.default\">\n\t\t\t\t<div class=\"elementor-widget-container\">\n\t\t\t\t\t\t\t\t\t<\/div>\n\t\t\t\t<\/div>\n\t\t\t\t\t<\/div>\n\t\t<\/div>\n\t\t\t\t\t<\/div>\n\t\t<\/section>\n\t\t<div class=\"elementor-element elementor-element-99fe56d e-flex e-con-boxed syd-sticky-section-no e-con e-parent\" data-id=\"99fe56d\" data-element_type=\"container\">\n\t\t\t\t\t<div class=\"e-con-inner\">\n\t\t\t\t<div class=\"elementor-element elementor-element-def30c4 syd-sticky-section-no elementor-widget elementor-widget-text-editor\" data-id=\"def30c4\" data-element_type=\"widget\" data-widget_type=\"text-editor.default\">\n\t\t\t\t<div class=\"elementor-widget-container\">\n\t\t\t\t\t\t\t\t\t<p>Alors que le blanchiment des dents est couramment utilis\u00e9 pour \u00e9liminer les taches et les d\u00e9colorations, les facettes dentaires sont de fines coquilles en porcelaine ou en r\u00e9sine composite qui sont coll\u00e9es sur la surface avant des dents pour en am\u00e9liorer l'apparence. Les couronnes dentaires sont des coiffes en forme de dent qui recouvrent l'ensemble de la dent pour en restaurer la forme, la taille, la durabilit\u00e9 et l'apparence. Les implants dentaires sont utilis\u00e9s pour remplacer les dents manquantes et les traitements orthodontiques tels que les appareils dentaires ou les goutti\u00e8res peuvent \u00eatre utilis\u00e9s pour corriger les d\u00e9fauts d'alignement et obtenir un sourire plus droit. Un modelage des gencives peut \u00eatre effectu\u00e9 pour remodeler la ligne gingivale et cr\u00e9er un sourire plus \u00e9quilibr\u00e9.<\/p><p>L'objectif du sourire hollywoodien est de cr\u00e9er un sourire \u00e9blouissant et attrayant qui mette en valeur l'esth\u00e9tique g\u00e9n\u00e9rale du visage. Le sourire hollywoodien est devenu une tendance populaire non seulement \u00e0 Hollywood, mais aussi parmi les personnes qui souhaitent un sourire radieux et confiant. Il est important de noter que l'obtention d'un sourire hollywoodien peut n\u00e9cessiter un plan de traitement personnalis\u00e9 bas\u00e9 sur les besoins et pr\u00e9f\u00e9rences dentaires uniques d'un individu, et il est recommand\u00e9 de consulter un dentiste qualifi\u00e9 ou un dentiste cosm\u00e9tique.<\/p>\t\t\t\t\t\t\t\t<\/div>\n\t\t\t\t<\/div>\n\t\t\t\t\t<\/div>\n\t\t\t\t<\/div>\n\t\t\t\t<section class=\"elementor-section elementor-top-section elementor-element elementor-element-cfed380 elementor-section-content-middle elementor-section-boxed elementor-section-height-default elementor-section-height-default tp-parallax-no syd-sticky-section-no\" data-id=\"cfed380\" data-element_type=\"section\" data-settings=\"{&quot;background_background&quot;:&quot;classic&quot;,&quot;tp_sticky_sec_effect_enable&quot;:false}\">\n\t\t\t\t\t\t<div class=\"elementor-container elementor-column-gap-default\">\n\t\t\t\t\t<div data-aos=\"\" class=\"elementor-column elementor-col-50 elementor-top-column elementor-element elementor-element-d8fac92 syd-sticky-section-no\" data-id=\"d8fac92\" data-element_type=\"column\" data-settings=\"{&quot;tp_sticky_col_effect_enable&quot;:false}\">\n\t\t\t<div class=\"elementor-widget-wrap elementor-element-populated\">\n\t\t\t\t\t\t<div class=\"elementor-element elementor-element-ea4173f syd-sticky-section-no elementor-widget elementor-widget-heading\" data-id=\"ea4173f\" data-element_type=\"widget\" data-widget_type=\"heading.default\">\n\t\t\t\t<div class=\"elementor-widget-container\">\n\t\t\t\t\t<h2 class=\"elementor-heading-title elementor-size-default\">Avez-vous des questions ?<\/h2>\t\t\t\t<\/div>\n\t\t\t\t<\/div>\n\t\t\t\t\t<\/div>\n\t\t<\/div>\n\t\t\t\t<div data-aos=\"\" class=\"elementor-column elementor-col-50 elementor-top-column elementor-element elementor-element-7aa5769 syd-sticky-section-no\" data-id=\"7aa5769\" data-element_type=\"column\" data-settings=\"{&quot;tp_sticky_col_effect_enable&quot;:false}\">\n\t\t\t<div class=\"elementor-widget-wrap elementor-element-populated\">\n\t\t\t\t\t\t<div class=\"elementor-element elementor-element-9c6e3e1 elementor-align-right elementor-mobile-align-center syd-sticky-section-no elementor-widget elementor-widget-button\" data-id=\"9c6e3e1\" data-element_type=\"widget\" data-widget_type=\"button.default\">\n\t\t\t\t<div class=\"elementor-widget-container\">\n\t\t\t\t\t\t\t\t\t<div class=\"elementor-button-wrapper\">\n\t\t\t\t\t<a class=\"elementor-button elementor-button-link elementor-size-sm\" href=\"http:\/\/healthagentsturkey.com\/fr\/iletisim\/\">\n\t\t\t\t\t\t<span class=\"elementor-button-content-wrapper\">\n\t\t\t\t\t\t\t\t\t<span class=\"elementor-button-text\">Contactez nous<\/span>\n\t\t\t\t\t<\/span>\n\t\t\t\t\t<\/a>\n\t\t\t\t<\/div>\n\t\t\t\t\t\t\t\t<\/div>\n\t\t\t\t<\/div>\n\t\t\t\t\t<\/div>\n\t\t<\/div>\n\t\t\t\t\t<\/div>\n\t\t<\/section>\n\t\t\t\t<\/div>","protected":false},"excerpt":{"rendered":"<p>Hollywood G\u00fcl\u00fc\u015f\u00fc \u201cHollywood G\u00fcl\u00fc\u015f\u00fc\u201d terimi, Hollywood \u00fcnl\u00fclerinde s\u0131kl\u0131kla g\u00f6r\u00fclen g\u00fcl\u00fc\u015fe benzer, estetik a\u00e7\u0131dan ho\u015f, parlak ve simetrik bir dizi di\u015f olu\u015fturmay\u0131 ama\u00e7layan [&hellip;]<\/p>","protected":false},"author":1,"featured_media":0,"parent":1618,"menu_order":0,"comment_status":"closed","ping_status":"closed","template":"elementor_header_footer","meta":{"_eb_attr":"","footnotes":""},"class_list":["post-1624","page","type-page","status-publish","hentry"],"_links":{"self":[{"href":"http:\/\/healthagentsturkey.com\/fr\/wp-json\/wp\/v2\/pages\/1624","targetHints":{"allow":["GET"]}}],"collection":[{"href":"http:\/\/healthagentsturkey.com\/fr\/wp-json\/wp\/v2\/pages"}],"about":[{"href":"http:\/\/healthagentsturkey.com\/fr\/wp-json\/wp\/v2\/types\/page"}],"author":[{"embeddable":true,"href":"http:\/\/healthagentsturkey.com\/fr\/wp-json\/wp\/v2\/users\/1"}],"replies":[{"embeddable":true,"href":"http:\/\/healthagentsturkey.com\/fr\/wp-json\/wp\/v2\/comments?post=1624"}],"version-history":[{"count":1,"href":"http:\/\/healthagentsturkey.com\/fr\/wp-json\/wp\/v2\/pages\/1624\/revisions"}],"predecessor-version":[{"id":4769,"href":"http:\/\/healthagentsturkey.com\/fr\/wp-json\/wp\/v2\/pages\/1624\/revisions\/4769"}],"up":[{"embeddable":true,"href":"http:\/\/healthagentsturkey.com\/fr\/wp-json\/wp\/v2\/pages\/1618"}],"wp:attachment":[{"href":"http:\/\/healthagentsturkey.com\/fr\/wp-json\/wp\/v2\/media?parent=1624"}],"curies":[{"name":"wp","href":"https:\/\/api.w.org\/{rel}","templated":true}]}}