{"id":1622,"date":"2023-11-19T19:50:04","date_gmt":"2023-11-19T19:50:04","guid":{"rendered":"https:\/\/healthagentsturkey.com\/?page_id=1622"},"modified":"2026-02-25T10:31:55","modified_gmt":"2026-02-25T07:31:55","slug":"restoratif-dis-hekimligi","status":"publish","type":"page","link":"http:\/\/healthagentsturkey.com\/fr\/tedavi\/dis\/restoratif-dis-hekimligi\/","title":{"rendered":"Dentisterie restauratrice"},"content":{"rendered":"<div data-elementor-type=\"wp-page\" data-elementor-id=\"1622\" class=\"elementor elementor-1622\" data-elementor-post-type=\"page\">\n\t\t\t\t\t\t<section class=\"elementor-section elementor-top-section elementor-element elementor-element-eedafb9 elementor-section-content-middle elementor-section-boxed elementor-section-height-default elementor-section-height-default tp-parallax-no syd-sticky-section-no\" data-id=\"eedafb9\" data-element_type=\"section\" data-settings=\"{&quot;tp_sticky_sec_effect_enable&quot;:false}\">\n\t\t\t\t\t\t<div class=\"elementor-container elementor-column-gap-default\">\n\t\t\t\t\t<div data-aos=\"\" class=\"elementor-column elementor-col-50 elementor-top-column elementor-element elementor-element-571508b syd-sticky-section-no\" data-id=\"571508b\" data-element_type=\"column\" data-settings=\"{&quot;tp_sticky_col_effect_enable&quot;:false}\">\n\t\t\t<div class=\"elementor-widget-wrap elementor-element-populated\">\n\t\t\t\t\t\t<div class=\"elementor-element elementor-element-2fc2cb6 syd-sticky-section-no elementor-widget elementor-widget-heading\" data-id=\"2fc2cb6\" data-element_type=\"widget\" data-widget_type=\"heading.default\">\n\t\t\t\t<div class=\"elementor-widget-container\">\n\t\t\t\t\t<h2 class=\"elementor-heading-title elementor-size-default\">Dentisterie restauratrice<\/h2>\t\t\t\t<\/div>\n\t\t\t\t<\/div>\n\t\t\t\t<div class=\"elementor-element elementor-element-1cf0f1c syd-sticky-section-no elementor-widget elementor-widget-text-editor\" data-id=\"1cf0f1c\" data-element_type=\"widget\" data-widget_type=\"text-editor.default\">\n\t\t\t\t<div class=\"elementor-widget-container\">\n\t\t\t\t\t\t\t\t\t<p data-sourcepos=\"1:1-1:35\"><strong>Qu'est-ce que l'odontologie restauratrice ?<\/strong><\/p><p data-sourcepos=\"3:1-3:421\">L'odontologie restauratrice est une branche de l'odontologie qui se concentre sur la reconstruction ou le remplacement des dents endommag\u00e9es ou manquantes. Elle est utilis\u00e9e pour traiter les caries, les fractures dentaires, la perte de dents et d'autres probl\u00e8mes dentaires. La dentisterie restauratrice joue un r\u00f4le important dans l'am\u00e9lioration de la sant\u00e9 et de l'apparence de vos dents et vous permet d'appr\u00e9cier vos activit\u00e9s quotidiennes telles que manger, sourire et parler.<\/p><p data-sourcepos=\"6:1-6:44\"><strong>Quel est l'objectif de l'odontologie restauratrice ?<\/strong><\/p><p data-sourcepos=\"8:1-8:275\">L'objectif de la dentisterie restauratrice est d'am\u00e9liorer la fonction et l'esth\u00e9tique des dents. Des dents endommag\u00e9es ou manquantes peuvent rendre difficile l'alimentation, l'\u00e9locution et le sourire. La dentisterie restauratrice peut aider \u00e0 r\u00e9tablir ces fonctions en r\u00e9parant ou en rempla\u00e7ant ces dents.<\/p><p data-sourcepos=\"20:1-20:43\"><strong>Comment la dentisterie restauratrice est-elle pratiqu\u00e9e ?<\/strong><\/p><p data-sourcepos=\"22:1-22:301\">Les proc\u00e9dures de dentisterie restauratrice commencent par l'\u00e9limination par le dentiste des tissus cari\u00e9s ou endommag\u00e9s, puis par la mise en place d'un mat\u00e9riau destin\u00e9 \u00e0 combler ou \u00e0 recouvrir la cavit\u00e9. L'obturation ou la couronne est fa\u00e7onn\u00e9e et polie sur mesure pour correspondre \u00e0 la couleur de la dent ou des dents naturelles.<\/p><p data-sourcepos=\"24:1-24:41\">\u00a0<\/p>\t\t\t\t\t\t\t\t<\/div>\n\t\t\t\t<\/div>\n\t\t\t\t\t<\/div>\n\t\t<\/div>\n\t\t\t\t<div data-aos=\"\" class=\"elementor-column elementor-col-50 elementor-top-column elementor-element elementor-element-bc4d4c0 syd-sticky-section-no\" data-id=\"bc4d4c0\" data-element_type=\"column\" data-settings=\"{&quot;tp_sticky_col_effect_enable&quot;:false}\">\n\t\t\t<div class=\"elementor-widget-wrap elementor-element-populated\">\n\t\t\t\t\t\t<div class=\"elementor-element elementor-element-48dd569 syd-sticky-section-no elementor-widget elementor-widget-image\" data-id=\"48dd569\" data-element_type=\"widget\" data-widget_type=\"image.default\">\n\t\t\t\t<div class=\"elementor-widget-container\">\n\t\t\t\t\t\t\t\t\t<\/div>\n\t\t\t\t<\/div>\n\t\t\t\t<div class=\"elementor-element elementor-element-513bba3 syd-sticky-section-no elementor-widget elementor-widget-text-editor\" data-id=\"513bba3\" data-element_type=\"widget\" data-widget_type=\"text-editor.default\">\n\t\t\t\t<div class=\"elementor-widget-container\">\n\t\t\t\t\t\t\t\t\t<p data-sourcepos=\"5:1-5:36\"><strong>Types de soins dentaires de restauration<\/strong><\/p><p data-sourcepos=\"7:1-7:69\">La dentisterie restauratrice comprend diverses proc\u00e9dures telles que<\/p><ul data-sourcepos=\"9:1-19:0\"><li data-sourcepos=\"9:1-10:22\"><strong>Remplissage :<\/strong>\u00a0Petites obturations de la couleur de la dent utilis\u00e9es pour r\u00e9parer une carie dentaire ou d'autres dommages.<\/li><li data-sourcepos=\"11:1-12:24\"><strong>Rev\u00eatements<\/strong>\u00a0Des facettes plus grandes, de la couleur des dents, sont utilis\u00e9es pour recouvrir les dents endommag\u00e9es ou manquantes.<\/li><li data-sourcepos=\"13:1-14:20\"><strong>Couronnes<\/strong>\u00a0Des facettes encore plus grandes, de la couleur des dents, sont utilis\u00e9es pour recouvrir compl\u00e8tement et soutenir les dents endommag\u00e9es ou manquantes.<\/li><li data-sourcepos=\"15:1-16:22\"><strong>Ponts<\/strong>\u00a0Un ensemble de couronnes utilis\u00e9es pour relier deux ou plusieurs dents manquantes.<\/li><li data-sourcepos=\"17:1-19:0\"><strong>Proth\u00e8ses<\/strong>\u00a0Les proth\u00e8ses amovibles sont utilis\u00e9es pour les patients \u00e0 qui il manque tout ou partie des dents.<\/li><\/ul><p data-sourcepos=\"20:1-20:43\">\u00a0<\/p>\t\t\t\t\t\t\t\t<\/div>\n\t\t\t\t<\/div>\n\t\t\t\t\t<\/div>\n\t\t<\/div>\n\t\t\t\t\t<\/div>\n\t\t<\/section>\n\t\t<div class=\"elementor-element elementor-element-f0780d3 e-flex e-con-boxed syd-sticky-section-no e-con e-parent\" data-id=\"f0780d3\" data-element_type=\"container\">\n\t\t\t\t\t<div class=\"e-con-inner\">\n\t\t\t\t<div class=\"elementor-element elementor-element-0cf0749 syd-sticky-section-no elementor-widget elementor-widget-text-editor\" data-id=\"0cf0749\" data-element_type=\"widget\" data-widget_type=\"text-editor.default\">\n\t\t\t\t<div class=\"elementor-widget-container\">\n\t\t\t\t\t\t\t\t\t<p data-sourcepos=\"24:1-24:41\"><strong>Avantages de la dentisterie restauratrice<\/strong><\/p><p data-sourcepos=\"26:1-26:425\">La dentisterie restauratrice pr\u00e9sente de nombreux avantages pour l'am\u00e9lioration de la sant\u00e9 et de l'apparence des dents. Ces proc\u00e9dures peuvent aider \u00e0 r\u00e9duire les maux de dents et autres g\u00eanes en traitant des probl\u00e8mes dentaires tels que la carie ou la perte de dents. Elles peuvent \u00e9galement contribuer \u00e0 am\u00e9liorer la fonction et l'apparence de vos dents, vous aidant ainsi \u00e0 appr\u00e9cier vos activit\u00e9s quotidiennes telles que manger, sourire et parler.<\/p><p data-sourcepos=\"28:1-28:74\"><strong>Pourquoi venir \u00e0 Istanbul, en Turquie, pour une dentisterie restauratrice ?<\/strong><\/p><p data-sourcepos=\"30:1-30:120\">Istanbul, en Turquie, est une destination de tourisme de sant\u00e9 populaire pour la dentisterie restauratrice. Il y a plusieurs raisons \u00e0 cela :<\/p><ul data-sourcepos=\"32:1-35:0\"><li data-sourcepos=\"32:1-32:82\">Istanbul compte certains des meilleurs dentistes du monde.<\/li><li data-sourcepos=\"33:1-33:95\">Les services dentaires \u00e0 Istanbul sont plus abordables que dans de nombreuses autres r\u00e9gions du monde.<\/li><li data-sourcepos=\"34:1-35:0\">Istanbul est une ville dynamique et cosmopolite qui a beaucoup \u00e0 offrir aux visiteurs.<\/li><\/ul><p data-sourcepos=\"36:1-36:239\">Si vous envisagez de recourir \u00e0 la dentisterie restauratrice \u00e0 Istanbul, n'h\u00e9sitez pas \u00e0 contacter notre agence de tourisme m\u00e9dical. Nous serons ravis de vous aider \u00e0 trouver un dentiste appropri\u00e9 et \u00e0 planifier votre voyage dentaire.<\/p>\t\t\t\t\t\t\t\t<\/div>\n\t\t\t\t<\/div>\n\t\t\t\t\t<\/div>\n\t\t\t\t<\/div>\n\t\t\t\t<section class=\"elementor-section elementor-top-section elementor-element elementor-element-cfed380 elementor-section-content-middle elementor-section-boxed elementor-section-height-default elementor-section-height-default tp-parallax-no syd-sticky-section-no\" data-id=\"cfed380\" data-element_type=\"section\" data-settings=\"{&quot;background_background&quot;:&quot;classic&quot;,&quot;tp_sticky_sec_effect_enable&quot;:false}\">\n\t\t\t\t\t\t<div class=\"elementor-container elementor-column-gap-default\">\n\t\t\t\t\t<div data-aos=\"\" class=\"elementor-column elementor-col-50 elementor-top-column elementor-element elementor-element-d8fac92 syd-sticky-section-no\" data-id=\"d8fac92\" data-element_type=\"column\" data-settings=\"{&quot;tp_sticky_col_effect_enable&quot;:false}\">\n\t\t\t<div class=\"elementor-widget-wrap elementor-element-populated\">\n\t\t\t\t\t\t<div class=\"elementor-element elementor-element-ea4173f syd-sticky-section-no elementor-widget elementor-widget-heading\" data-id=\"ea4173f\" data-element_type=\"widget\" data-widget_type=\"heading.default\">\n\t\t\t\t<div class=\"elementor-widget-container\">\n\t\t\t\t\t<h2 class=\"elementor-heading-title elementor-size-default\">Avez-vous des questions ?<\/h2>\t\t\t\t<\/div>\n\t\t\t\t<\/div>\n\t\t\t\t\t<\/div>\n\t\t<\/div>\n\t\t\t\t<div data-aos=\"\" class=\"elementor-column elementor-col-50 elementor-top-column elementor-element elementor-element-7aa5769 syd-sticky-section-no\" data-id=\"7aa5769\" data-element_type=\"column\" data-settings=\"{&quot;tp_sticky_col_effect_enable&quot;:false}\">\n\t\t\t<div class=\"elementor-widget-wrap elementor-element-populated\">\n\t\t\t\t\t\t<div class=\"elementor-element elementor-element-9c6e3e1 elementor-align-right elementor-mobile-align-center syd-sticky-section-no elementor-widget elementor-widget-button\" data-id=\"9c6e3e1\" data-element_type=\"widget\" data-widget_type=\"button.default\">\n\t\t\t\t<div class=\"elementor-widget-container\">\n\t\t\t\t\t\t\t\t\t<div class=\"elementor-button-wrapper\">\n\t\t\t\t\t<a class=\"elementor-button elementor-button-link elementor-size-sm\" href=\"http:\/\/healthagentsturkey.com\/fr\/iletisim\/\">\n\t\t\t\t\t\t<span class=\"elementor-button-content-wrapper\">\n\t\t\t\t\t\t\t\t\t<span class=\"elementor-button-text\">Contactez nous<\/span>\n\t\t\t\t\t<\/span>\n\t\t\t\t\t<\/a>\n\t\t\t\t<\/div>\n\t\t\t\t\t\t\t\t<\/div>\n\t\t\t\t<\/div>\n\t\t\t\t\t<\/div>\n\t\t<\/div>\n\t\t\t\t\t<\/div>\n\t\t<\/section>\n\t\t\t\t<\/div>","protected":false},"excerpt":{"rendered":"<p>Restoratif Di\u015f Hekimli\u011fi Restoratif Di\u015f Hekimli\u011fi Nedir? Restoratif di\u015f hekimli\u011fi, hasarl\u0131 veya eksik di\u015fleri yeniden in\u015fa etme veya de\u011fi\u015ftirmeye odaklanan bir di\u015f [&hellip;]<\/p>","protected":false},"author":1,"featured_media":0,"parent":1439,"menu_order":0,"comment_status":"closed","ping_status":"closed","template":"elementor_header_footer","meta":{"_eb_attr":"","footnotes":""},"class_list":["post-1622","page","type-page","status-publish","hentry"],"_links":{"self":[{"href":"http:\/\/healthagentsturkey.com\/fr\/wp-json\/wp\/v2\/pages\/1622","targetHints":{"allow":["GET"]}}],"collection":[{"href":"http:\/\/healthagentsturkey.com\/fr\/wp-json\/wp\/v2\/pages"}],"about":[{"href":"http:\/\/healthagentsturkey.com\/fr\/wp-json\/wp\/v2\/types\/page"}],"author":[{"embeddable":true,"href":"http:\/\/healthagentsturkey.com\/fr\/wp-json\/wp\/v2\/users\/1"}],"replies":[{"embeddable":true,"href":"http:\/\/healthagentsturkey.com\/fr\/wp-json\/wp\/v2\/comments?post=1622"}],"version-history":[{"count":1,"href":"http:\/\/healthagentsturkey.com\/fr\/wp-json\/wp\/v2\/pages\/1622\/revisions"}],"predecessor-version":[{"id":4778,"href":"http:\/\/healthagentsturkey.com\/fr\/wp-json\/wp\/v2\/pages\/1622\/revisions\/4778"}],"up":[{"embeddable":true,"href":"http:\/\/healthagentsturkey.com\/fr\/wp-json\/wp\/v2\/pages\/1439"}],"wp:attachment":[{"href":"http:\/\/healthagentsturkey.com\/fr\/wp-json\/wp\/v2\/media?parent=1622"}],"curies":[{"name":"wp","href":"https:\/\/api.w.org\/{rel}","templated":true}]}}