{"id":1620,"date":"2023-11-19T19:49:33","date_gmt":"2023-11-19T19:49:33","guid":{"rendered":"https:\/\/healthagentsturkey.com\/?page_id=1620"},"modified":"2026-02-25T10:31:55","modified_gmt":"2026-02-25T07:31:55","slug":"implant-dis-hekimligi","status":"publish","type":"page","link":"http:\/\/healthagentsturkey.com\/fr\/tedavi\/dis\/implant-dis-hekimligi\/","title":{"rendered":"Dentisterie implantaire"},"content":{"rendered":"<div data-elementor-type=\"wp-page\" data-elementor-id=\"1620\" class=\"elementor elementor-1620\" data-elementor-post-type=\"page\">\n\t\t\t\t\t\t<section class=\"elementor-section elementor-top-section elementor-element elementor-element-eedafb9 elementor-section-content-middle elementor-section-boxed elementor-section-height-default elementor-section-height-default tp-parallax-no syd-sticky-section-no\" data-id=\"eedafb9\" data-element_type=\"section\" data-settings=\"{&quot;tp_sticky_sec_effect_enable&quot;:false}\">\n\t\t\t\t\t\t<div class=\"elementor-container elementor-column-gap-default\">\n\t\t\t\t\t<div data-aos=\"\" class=\"elementor-column elementor-col-50 elementor-top-column elementor-element elementor-element-571508b syd-sticky-section-no\" data-id=\"571508b\" data-element_type=\"column\" data-settings=\"{&quot;tp_sticky_col_effect_enable&quot;:false}\">\n\t\t\t<div class=\"elementor-widget-wrap elementor-element-populated\">\n\t\t\t\t\t\t<div class=\"elementor-element elementor-element-2fc2cb6 syd-sticky-section-no elementor-widget elementor-widget-heading\" data-id=\"2fc2cb6\" data-element_type=\"widget\" data-widget_type=\"heading.default\">\n\t\t\t\t<div class=\"elementor-widget-container\">\n\t\t\t\t\t<h2 class=\"elementor-heading-title elementor-size-default\">Implant<\/h2>\t\t\t\t<\/div>\n\t\t\t\t<\/div>\n\t\t\t\t<div class=\"elementor-element elementor-element-1cf0f1c syd-sticky-section-no elementor-widget elementor-widget-text-editor\" data-id=\"1cf0f1c\" data-element_type=\"widget\" data-widget_type=\"text-editor.default\">\n\t\t\t\t<div class=\"elementor-widget-container\">\n\t\t\t\t\t\t\t\t\t<p data-sourcepos=\"1:1-1:26\"><strong>Qu'est-ce qu'un implant dentaire ?<\/strong><\/p><p data-sourcepos=\"3:1-3:253\">Les implants dentaires sont des racines artificielles en titane utilis\u00e9es pour remplacer les dents manquantes. Les implants sont plac\u00e9s dans l'os de la m\u00e2choire et fonctionnent comme des racines de dents naturelles. Les implants sont le moyen le plus naturel et le plus durable de remplacer des dents manquantes.<\/p><p data-sourcepos=\"5:1-5:92\"><strong>Les implants dentaires sont utilis\u00e9s pour r\u00e9soudre les probl\u00e8mes suivants caus\u00e9s par des dents manquantes :<\/strong><\/p><ul data-sourcepos=\"7:1-10:0\"><li data-sourcepos=\"7:1-7:24\"><strong>Difficult\u00e9s \u00e0 s'alimenter<\/strong><\/li><li data-sourcepos=\"8:1-8:21\"><strong>Difficult\u00e9s d'\u00e9locution<\/strong><\/li><li data-sourcepos=\"9:1-10:0\"><strong>Perte d'aspect esth\u00e9tique<\/strong><\/li><\/ul><p data-sourcepos=\"5:1-5:32\"><strong>Avantages des implants dentaires<\/strong><\/p><p data-sourcepos=\"5:1-5:32\">Les implants dentaires pr\u00e9sentent de nombreux avantages. Ceux-ci sont notamment les suivants :<\/p><ul data-sourcepos=\"9:1-13:0\"><li data-sourcepos=\"9:1-9:159\"><strong>Sourire naturel :<\/strong>\u00a0Comme les implants fonctionnent comme des racines de dents naturelles, les dents restaur\u00e9es avec des implants ne peuvent pas \u00eatre distingu\u00e9es des dents naturelles.<\/li><li data-sourcepos=\"10:1-10:111\"><strong>Pr\u00e9vention de la perte de dents :<\/strong>\u00a0Les implants peuvent aider \u00e0 pr\u00e9venir la perte de l'os de la m\u00e2choire caus\u00e9e par la perte des dents.<\/li><li data-sourcepos=\"11:1-11:116\"><strong>R\u00e9duire les maux de dents :<\/strong>\u00a0Les implants peuvent aider \u00e0 r\u00e9duire la douleur caus\u00e9e par des dents cari\u00e9es ou endommag\u00e9es.<\/li><li data-sourcepos=\"12:1-13:0\"><strong>Faciliter l'alimentation :<\/strong>\u00a0Les implants peuvent remplir la fonction de mastication comme les dents naturelles, ce qui peut rendre l'alimentation plus facile et plus agr\u00e9able.<\/li><\/ul>\t\t\t\t\t\t\t\t<\/div>\n\t\t\t\t<\/div>\n\t\t\t\t\t<\/div>\n\t\t<\/div>\n\t\t\t\t<div data-aos=\"\" class=\"elementor-column elementor-col-50 elementor-top-column elementor-element elementor-element-bc4d4c0 syd-sticky-section-no\" data-id=\"bc4d4c0\" data-element_type=\"column\" data-settings=\"{&quot;tp_sticky_col_effect_enable&quot;:false}\">\n\t\t\t<div class=\"elementor-widget-wrap elementor-element-populated\">\n\t\t\t\t\t\t<div class=\"elementor-element elementor-element-48dd569 syd-sticky-section-no elementor-widget elementor-widget-image\" data-id=\"48dd569\" data-element_type=\"widget\" data-widget_type=\"image.default\">\n\t\t\t\t<div class=\"elementor-widget-container\">\n\t\t\t\t\t\t\t\t\t<\/div>\n\t\t\t\t<\/div>\n\t\t\t\t<div class=\"elementor-element elementor-element-2539c9c syd-sticky-section-no elementor-widget elementor-widget-text-editor\" data-id=\"2539c9c\" data-element_type=\"widget\" data-widget_type=\"text-editor.default\">\n\t\t\t\t<div class=\"elementor-widget-container\">\n\t\t\t\t\t\t\t\t\t<p data-sourcepos=\"14:1-14:36\"><strong>Etapes de la pose d'un implant dentaire.<\/strong><\/p><p data-sourcepos=\"16:1-16:66\">La proc\u00e9dure d'implantation dentaire se d\u00e9roule g\u00e9n\u00e9ralement en deux ou trois \u00e9tapes :<\/p><ol data-sourcepos=\"18:1-22:0\"><li data-sourcepos=\"18:1-19:35\"><strong>Pose d'un implant :<\/strong> Dans un premier temps, le dentiste place les implants dans l'os de la m\u00e2choire. Cette proc\u00e9dure est g\u00e9n\u00e9ralement r\u00e9alis\u00e9e sous anesth\u00e9sie locale.<\/li><li data-sourcepos=\"20:1-20:161\"><strong>Cicatrisation de l'implant :<\/strong>\u00a0Pendant que les implants sont soud\u00e9s \u00e0 l'os de la m\u00e2choire, le dentiste place une dent ou un pont temporaire. Cette p\u00e9riode de cicatrisation dure g\u00e9n\u00e9ralement plusieurs mois.<\/li><li data-sourcepos=\"21:1-22:0\"><strong>Pose d'une couronne ou d'un pont :<\/strong>\u00a0Au stade final, le dentiste pose une couronne ou un pont permanent sur les implants. Cette proc\u00e9dure est g\u00e9n\u00e9ralement r\u00e9alis\u00e9e sous anesth\u00e9sie locale.<\/li><\/ol><p>\u00a0<\/p>\t\t\t\t\t\t\t\t<\/div>\n\t\t\t\t<\/div>\n\t\t\t\t\t<\/div>\n\t\t<\/div>\n\t\t\t\t\t<\/div>\n\t\t<\/section>\n\t\t<div class=\"elementor-element elementor-element-34d01ae e-flex e-con-boxed syd-sticky-section-no e-con e-parent\" data-id=\"34d01ae\" data-element_type=\"container\">\n\t\t\t\t\t<div class=\"e-con-inner\">\n\t\t\t\t<div class=\"elementor-element elementor-element-1e67feb syd-sticky-section-no elementor-widget elementor-widget-text-editor\" data-id=\"1e67feb\" data-element_type=\"widget\" data-widget_type=\"text-editor.default\">\n\t\t\t\t<div class=\"elementor-widget-container\">\n\t\t\t\t\t\t\t\t\t<p data-sourcepos=\"23:1-23:26\"><strong>Quels sont les facteurs qui influencent le prix d'un traitement par implants dentaires ?<\/strong><\/p><p data-sourcepos=\"25:1-25:251\">Les prix des implants dentaires varient en fonction du type d'implant, de la zone o\u00f9 l'implant sera plac\u00e9 et des honoraires du dentiste. En g\u00e9n\u00e9ral, les prix des implants dentaires sont plus \u00e9lev\u00e9s que ceux des autres proc\u00e9dures utilis\u00e9es pour traiter les caries ou la perte de dents.<\/p><p data-sourcepos=\"27:1-27:31\"><strong>Implants dentaires \u00e0 Istanbul<\/strong><\/p><p data-sourcepos=\"29:1-29:102\">Istanbul est une destination de tourisme de sant\u00e9 tr\u00e8s pris\u00e9e pour les implants dentaires. Il y a plusieurs raisons \u00e0 cela :<\/p><ul data-sourcepos=\"31:1-33:0\"><li data-sourcepos=\"31:1-31:82\">Istanbul compte certains des meilleurs dentistes du monde.<\/li><li data-sourcepos=\"32:1-33:0\">Les services d'implant dentaire \u00e0 Istanbul sont plus abordables que dans de nombreuses autres r\u00e9gions du monde.<\/li><\/ul><p data-sourcepos=\"34:1-34:226\">Pour obtenir des implants dentaires \u00e0 Istanbul <a href=\"http:\/\/healthagentsturkey.com\/fr\/iletisim\/\">nous contacter<\/a>n'h\u00e9sitez pas \u00e0 nous contacter. Nous nous ferons un plaisir de vous aider \u00e0 trouver un dentiste appropri\u00e9 et \u00e0 planifier votre projet d'implant dentaire.<\/p>\t\t\t\t\t\t\t\t<\/div>\n\t\t\t\t<\/div>\n\t\t\t\t\t<\/div>\n\t\t\t\t<\/div>\n\t\t\t\t<section class=\"elementor-section elementor-top-section elementor-element elementor-element-7dd23a9 elementor-section-content-middle elementor-section-boxed elementor-section-height-default elementor-section-height-default tp-parallax-no syd-sticky-section-no\" data-id=\"7dd23a9\" data-element_type=\"section\" data-settings=\"{&quot;background_background&quot;:&quot;classic&quot;,&quot;tp_sticky_sec_effect_enable&quot;:false}\">\n\t\t\t\t\t\t<div class=\"elementor-container elementor-column-gap-default\">\n\t\t\t\t\t<div data-aos=\"\" class=\"elementor-column elementor-col-50 elementor-top-column elementor-element elementor-element-76493f1 syd-sticky-section-no\" data-id=\"76493f1\" data-element_type=\"column\" data-settings=\"{&quot;tp_sticky_col_effect_enable&quot;:false}\">\n\t\t\t<div class=\"elementor-widget-wrap elementor-element-populated\">\n\t\t\t\t\t\t<div class=\"elementor-element elementor-element-73a746f syd-sticky-section-no elementor-widget elementor-widget-heading\" data-id=\"73a746f\" data-element_type=\"widget\" data-widget_type=\"heading.default\">\n\t\t\t\t<div class=\"elementor-widget-container\">\n\t\t\t\t\t<h2 class=\"elementor-heading-title elementor-size-default\">Avez-vous des questions ?<\/h2>\t\t\t\t<\/div>\n\t\t\t\t<\/div>\n\t\t\t\t\t<\/div>\n\t\t<\/div>\n\t\t\t\t<div data-aos=\"\" class=\"elementor-column elementor-col-50 elementor-top-column elementor-element elementor-element-78e52ef syd-sticky-section-no\" data-id=\"78e52ef\" data-element_type=\"column\" data-settings=\"{&quot;tp_sticky_col_effect_enable&quot;:false}\">\n\t\t\t<div class=\"elementor-widget-wrap elementor-element-populated\">\n\t\t\t\t\t\t<div class=\"elementor-element elementor-element-3db0366 elementor-align-right elementor-mobile-align-center syd-sticky-section-no elementor-widget elementor-widget-button\" data-id=\"3db0366\" data-element_type=\"widget\" data-widget_type=\"button.default\">\n\t\t\t\t<div class=\"elementor-widget-container\">\n\t\t\t\t\t\t\t\t\t<div class=\"elementor-button-wrapper\">\n\t\t\t\t\t<a class=\"elementor-button elementor-button-link elementor-size-sm\" href=\"http:\/\/healthagentsturkey.com\/fr\/iletisim\/\">\n\t\t\t\t\t\t<span class=\"elementor-button-content-wrapper\">\n\t\t\t\t\t\t\t\t\t<span class=\"elementor-button-text\">Contactez nous<\/span>\n\t\t\t\t\t<\/span>\n\t\t\t\t\t<\/a>\n\t\t\t\t<\/div>\n\t\t\t\t\t\t\t\t<\/div>\n\t\t\t\t<\/div>\n\t\t\t\t\t<\/div>\n\t\t<\/div>\n\t\t\t\t\t<\/div>\n\t\t<\/section>\n\t\t\t\t<\/div>","protected":false},"excerpt":{"rendered":"<p>\u0130mplant Di\u015f \u0130mplantlar\u0131 Nedir? Di\u015f implantlar\u0131, eksik di\u015fleri yerine koymak i\u00e7in kullan\u0131lan titanyumdan yap\u0131lm\u0131\u015f yapay k\u00f6klerdir. \u0130mplantlar, \u00e7ene kemi\u011fine yerle\u015ftirilir ve do\u011fal [&hellip;]<\/p>","protected":false},"author":1,"featured_media":0,"parent":1439,"menu_order":0,"comment_status":"closed","ping_status":"closed","template":"elementor_header_footer","meta":{"_eb_attr":"","footnotes":""},"class_list":["post-1620","page","type-page","status-publish","hentry"],"_links":{"self":[{"href":"http:\/\/healthagentsturkey.com\/fr\/wp-json\/wp\/v2\/pages\/1620","targetHints":{"allow":["GET"]}}],"collection":[{"href":"http:\/\/healthagentsturkey.com\/fr\/wp-json\/wp\/v2\/pages"}],"about":[{"href":"http:\/\/healthagentsturkey.com\/fr\/wp-json\/wp\/v2\/types\/page"}],"author":[{"embeddable":true,"href":"http:\/\/healthagentsturkey.com\/fr\/wp-json\/wp\/v2\/users\/1"}],"replies":[{"embeddable":true,"href":"http:\/\/healthagentsturkey.com\/fr\/wp-json\/wp\/v2\/comments?post=1620"}],"version-history":[{"count":1,"href":"http:\/\/healthagentsturkey.com\/fr\/wp-json\/wp\/v2\/pages\/1620\/revisions"}],"predecessor-version":[{"id":4772,"href":"http:\/\/healthagentsturkey.com\/fr\/wp-json\/wp\/v2\/pages\/1620\/revisions\/4772"}],"up":[{"embeddable":true,"href":"http:\/\/healthagentsturkey.com\/fr\/wp-json\/wp\/v2\/pages\/1439"}],"wp:attachment":[{"href":"http:\/\/healthagentsturkey.com\/fr\/wp-json\/wp\/v2\/media?parent=1620"}],"curies":[{"name":"wp","href":"https:\/\/api.w.org\/{rel}","templated":true}]}}