{"id":1592,"date":"2023-11-18T23:42:47","date_gmt":"2023-11-18T23:42:47","guid":{"rendered":"https:\/\/healthagentsturkey.com\/?page_id=1592"},"modified":"2026-02-25T10:31:57","modified_gmt":"2026-02-25T07:31:57","slug":"sakal-ekimi","status":"publish","type":"page","link":"http:\/\/healthagentsturkey.com\/fr\/tedavi\/sac-ekimi\/sakal-ekimi\/","title":{"rendered":"Transplantation de barbe"},"content":{"rendered":"<div data-elementor-type=\"wp-page\" data-elementor-id=\"1592\" class=\"elementor elementor-1592\" data-elementor-post-type=\"page\">\n\t\t\t\t\t\t<section class=\"elementor-section elementor-top-section elementor-element elementor-element-eedafb9 elementor-section-content-middle elementor-section-boxed elementor-section-height-default elementor-section-height-default tp-parallax-no syd-sticky-section-no\" data-id=\"eedafb9\" data-element_type=\"section\" data-settings=\"{&quot;tp_sticky_sec_effect_enable&quot;:false}\">\n\t\t\t\t\t\t<div class=\"elementor-container elementor-column-gap-default\">\n\t\t\t\t\t<div data-aos=\"\" class=\"elementor-column elementor-col-50 elementor-top-column elementor-element elementor-element-571508b syd-sticky-section-no\" data-id=\"571508b\" data-element_type=\"column\" data-settings=\"{&quot;tp_sticky_col_effect_enable&quot;:false}\">\n\t\t\t<div class=\"elementor-widget-wrap elementor-element-populated\">\n\t\t\t\t\t\t<div class=\"elementor-element elementor-element-2fc2cb6 syd-sticky-section-no elementor-widget elementor-widget-heading\" data-id=\"2fc2cb6\" data-element_type=\"widget\" data-widget_type=\"heading.default\">\n\t\t\t\t<div class=\"elementor-widget-container\">\n\t\t\t\t\t<h2 class=\"elementor-heading-title elementor-size-default\">Qu'est-ce que la transplantation de barbe ?<\/h2>\t\t\t\t<\/div>\n\t\t\t\t<\/div>\n\t\t\t\t<div class=\"elementor-element elementor-element-1cf0f1c elementor-widget__width-initial syd-sticky-section-no elementor-widget elementor-widget-text-editor\" data-id=\"1cf0f1c\" data-element_type=\"widget\" data-widget_type=\"text-editor.default\">\n\t\t\t\t<div class=\"elementor-widget-container\">\n\t\t\t\t\t\t\t\t\t<p>Greffe de barbe ; barbe clairsem\u00e9e, faible ou ne poussant pas dans la r\u00e9gion du visage\u00a0<a href=\"https:\/\/tr.wikipedia.org\/wiki\/Sakal\">Barbe<\/a>\u00a0est une proc\u00e9dure de chirurgie esth\u00e9tique qui vise \u00e0 remplir les poils de fa\u00e7on permanente. Transplantation de barbe : elle permet d'am\u00e9liorer la forme des traits du visage et du menton et d'obtenir une structure de barbe plus dense et plus fournie.<\/p><p><b>Comment se fait la transplantation de barbe ?<\/b><\/p><p>Transplantation de barbe,\u00a0<a href=\"https:\/\/tr.wikipedia.org\/wiki\/Folik%C3%BCler_%C3%BCnite_ekstraksiyonu\">l'extraction d'unit\u00e9s folliculaires (FUE)<\/a>\u00a0est effectu\u00e9e selon une m\u00e9thode appel\u00e9e \"la m\u00e9thode\".\u00a0<a href=\"https:\/\/tr.wikipedia.org\/wiki\/Folik%C3%BCler_%C3%BCnite_ekstraksiyonu\">M\u00e9thode FUE<\/a>L'intervention consiste \u00e0 pr\u00e9lever des follicules pileux individuels et \u00e0 les placer dans la zone de la barbe. Au cours de l'intervention, les follicules pileux \u00e0 pr\u00e9lever sont d'abord pr\u00e9lev\u00e9s dans la zone donneuse (g\u00e9n\u00e9ralement la r\u00e9gion de la nuque), puis les follicules sont plac\u00e9s un par un dans la zone de la barbe.<\/p><p>La transplantation de barbe est g\u00e9n\u00e9ralement r\u00e9alis\u00e9e sous anesth\u00e9sie locale et dure entre 4 et 8 heures. La dur\u00e9e de l'intervention peut varier en fonction du nombre et de la zone de la barbe \u00e0 transplanter. Une fois le processus de cicatrisation termin\u00e9, l'apparence de la barbe est naturelle et adapt\u00e9e aux traits du visage de la personne. Les r\u00e9sultats sont pleinement visibles au bout de 6 \u00e0 12 mois.<\/p>\t\t\t\t\t\t\t\t<\/div>\n\t\t\t\t<\/div>\n\t\t\t\t\t<\/div>\n\t\t<\/div>\n\t\t\t\t<div data-aos=\"\" class=\"elementor-column elementor-col-50 elementor-top-column elementor-element elementor-element-bc4d4c0 syd-sticky-section-no\" data-id=\"bc4d4c0\" data-element_type=\"column\" data-settings=\"{&quot;tp_sticky_col_effect_enable&quot;:false}\">\n\t\t\t<div class=\"elementor-widget-wrap elementor-element-populated\">\n\t\t\t\t\t\t<div class=\"elementor-element elementor-element-48dd569 syd-sticky-section-no elementor-widget elementor-widget-image\" data-id=\"48dd569\" data-element_type=\"widget\" data-widget_type=\"image.default\">\n\t\t\t\t<div class=\"elementor-widget-container\">\n\t\t\t\t\t\t\t\t\t<\/div>\n\t\t\t\t<\/div>\n\t\t\t\t\t<\/div>\n\t\t<\/div>\n\t\t\t\t\t<\/div>\n\t\t<\/section>\n\t\t<div class=\"elementor-element elementor-element-0260b06 e-flex e-con-boxed syd-sticky-section-no e-con e-parent\" data-id=\"0260b06\" data-element_type=\"container\">\n\t\t\t\t\t<div class=\"e-con-inner\">\n\t\t\t\t<div class=\"elementor-element elementor-element-ebb047d syd-sticky-section-no elementor-widget elementor-widget-text-editor\" data-id=\"ebb047d\" data-element_type=\"widget\" data-widget_type=\"text-editor.default\">\n\t\t\t\t<div class=\"elementor-widget-container\">\n\t\t\t\t\t\t\t\t\t<p><b>Quels sont les avantages de la greffe de barbe ?<\/b><\/p><ul><li aria-level=\"1\">La transplantation de barbe am\u00e9liore les contours du visage et affine la forme du menton.<\/li><li aria-level=\"1\">La transplantation de barbe aide la personne \u00e0 se sentir mieux en \u00e9liminant les d\u00e9ficiences du visage.<\/li><li aria-level=\"1\"><a href=\"https:\/\/tr.wikipedia.org\/wiki\/Sakal\">Barbe<\/a>\u00a0corrige l'\u00e9parpillement de la zone.<\/li><li aria-level=\"1\">La transplantation de barbe est une proc\u00e9dure qui donne des r\u00e9sultats permanents. Les follicules pileux transplant\u00e9s poussent naturellement et durent toute la vie tant que l'entretien de la barbe est r\u00e9gulier.<\/li><li aria-level=\"1\">Dans la p\u00e9riode qui suit l'intervention, la douleur n'est g\u00e9n\u00e9ralement pas ressentie, et si elle l'est, elle est temporaire.<\/li><\/ul><p><b>Quels sont les inconv\u00e9nients de la greffe de barbe ?<\/b><\/p><ul><li aria-level=\"1\">Gonflement et rougeur apr\u00e8s l'intervention<\/li><li aria-level=\"1\">Cro\u00fbtes et d\u00e9mangeaisons<\/li><li aria-level=\"1\">Dans la zone de traitement\u00a0<a href=\"https:\/\/tr.wikipedia.org\/wiki\/Enfeksiyon_hastal%C4%B1klar%C4%B1#:~:text=Enfeksiyon%20hastal%C4%B1klar%C4%B1%2C%20bula%C5%9F%C4%B1c%C4%B1%20hastal%C4%B1klar%20ve,d%C4%B1%C5%9F%C4%B1nda%20geli%C5%9Fen%20salg%C4%B1nlarla%20m%C3%BCcadele%20eder.\">infection<\/a>\u00a0risque<\/li><li aria-level=\"1\">Perte de cheveux<\/li><li aria-level=\"1\">Co\u00fbt \u00e9lev\u00e9<\/li><\/ul><p><b><br \/>O\u00f9 puis-je me rendre pour une greffe de barbe ?<\/b><\/p><p>Notre priorit\u00e9 dans le secteur de la sant\u00e9 a toujours \u00e9t\u00e9 la satisfaction et la sant\u00e9 des patients.\u00a0<b>Agents de sant\u00e9 ;<\/b>\u00a0est assur\u00e9e par des m\u00e9decins sp\u00e9cialis\u00e9s dans un environnement \u00e9quip\u00e9 de technologies modernes et des derni\u00e8res innovations m\u00e9dicales. Nous sommes toujours \u00e0 vos c\u00f4t\u00e9s pour vous offrir le meilleur service et nous sommes fiers des succ\u00e8s que nous avons obtenus dans les proc\u00e9dures chirurgicales que nous pratiquons. C'est pourquoi\u00a0<b>Agents de sant\u00e9<\/b>\u00a0nos m\u00e9decins, gr\u00e2ce \u00e0 leur expertise et \u00e0 leur exp\u00e9rience, comme dans toutes les proc\u00e9dures m\u00e9dicales\u00a0<b><i>greffe de barbe<\/i><\/b>\u00a0Il est \u00e9galement souvent pr\u00e9f\u00e9r\u00e9 pour le processus. Vous pouvez donc nous choisir en toute confiance.<\/p>\t\t\t\t\t\t\t\t<\/div>\n\t\t\t\t<\/div>\n\t\t\t\t\t<\/div>\n\t\t\t\t<\/div>\n\t\t\t\t<section class=\"elementor-section elementor-top-section elementor-element elementor-element-cfed380 elementor-section-content-middle elementor-section-boxed elementor-section-height-default elementor-section-height-default tp-parallax-no syd-sticky-section-no\" data-id=\"cfed380\" data-element_type=\"section\" data-settings=\"{&quot;background_background&quot;:&quot;classic&quot;,&quot;tp_sticky_sec_effect_enable&quot;:false}\">\n\t\t\t\t\t\t<div class=\"elementor-container elementor-column-gap-default\">\n\t\t\t\t\t<div data-aos=\"\" class=\"elementor-column elementor-col-50 elementor-top-column elementor-element elementor-element-d8fac92 syd-sticky-section-no\" data-id=\"d8fac92\" data-element_type=\"column\" data-settings=\"{&quot;tp_sticky_col_effect_enable&quot;:false}\">\n\t\t\t<div class=\"elementor-widget-wrap elementor-element-populated\">\n\t\t\t\t\t\t<div class=\"elementor-element elementor-element-ea4173f syd-sticky-section-no elementor-widget elementor-widget-heading\" data-id=\"ea4173f\" data-element_type=\"widget\" data-widget_type=\"heading.default\">\n\t\t\t\t<div class=\"elementor-widget-container\">\n\t\t\t\t\t<h2 class=\"elementor-heading-title elementor-size-default\">Avez-vous des questions ?<\/h2>\t\t\t\t<\/div>\n\t\t\t\t<\/div>\n\t\t\t\t\t<\/div>\n\t\t<\/div>\n\t\t\t\t<div data-aos=\"\" class=\"elementor-column elementor-col-50 elementor-top-column elementor-element elementor-element-7aa5769 syd-sticky-section-no\" data-id=\"7aa5769\" data-element_type=\"column\" data-settings=\"{&quot;tp_sticky_col_effect_enable&quot;:false}\">\n\t\t\t<div class=\"elementor-widget-wrap elementor-element-populated\">\n\t\t\t\t\t\t<div class=\"elementor-element elementor-element-9c6e3e1 elementor-align-right elementor-mobile-align-center syd-sticky-section-no elementor-widget elementor-widget-button\" data-id=\"9c6e3e1\" data-element_type=\"widget\" data-widget_type=\"button.default\">\n\t\t\t\t<div class=\"elementor-widget-container\">\n\t\t\t\t\t\t\t\t\t<div class=\"elementor-button-wrapper\">\n\t\t\t\t\t<a class=\"elementor-button elementor-button-link elementor-size-sm\" href=\"http:\/\/healthagentsturkey.com\/fr\/iletisim\/\">\n\t\t\t\t\t\t<span class=\"elementor-button-content-wrapper\">\n\t\t\t\t\t\t\t\t\t<span class=\"elementor-button-text\">Contactez nous<\/span>\n\t\t\t\t\t<\/span>\n\t\t\t\t\t<\/a>\n\t\t\t\t<\/div>\n\t\t\t\t\t\t\t\t<\/div>\n\t\t\t\t<\/div>\n\t\t\t\t\t<\/div>\n\t\t<\/div>\n\t\t\t\t\t<\/div>\n\t\t<\/section>\n\t\t\t\t<\/div>","protected":false},"excerpt":{"rendered":"<p>Sakal Ekimi Nedir? Sakal ekimi y\u00fcz b\u00f6lgesinde seyrek, zay\u0131f veya \u00e7\u0131kmayan\u00a0sakal\u00a0t\u00fcylerini kal\u0131c\u0131 olarak doldurmay\u0131 ama\u00e7layan bir estetik cerrahi i\u015flemidir. Sakal ekimi ki\u015finin [&hellip;]<\/p>","protected":false},"author":1,"featured_media":0,"parent":1407,"menu_order":0,"comment_status":"closed","ping_status":"closed","template":"elementor_header_footer","meta":{"_eb_attr":"","footnotes":""},"class_list":["post-1592","page","type-page","status-publish","hentry"],"_links":{"self":[{"href":"http:\/\/healthagentsturkey.com\/fr\/wp-json\/wp\/v2\/pages\/1592","targetHints":{"allow":["GET"]}}],"collection":[{"href":"http:\/\/healthagentsturkey.com\/fr\/wp-json\/wp\/v2\/pages"}],"about":[{"href":"http:\/\/healthagentsturkey.com\/fr\/wp-json\/wp\/v2\/types\/page"}],"author":[{"embeddable":true,"href":"http:\/\/healthagentsturkey.com\/fr\/wp-json\/wp\/v2\/users\/1"}],"replies":[{"embeddable":true,"href":"http:\/\/healthagentsturkey.com\/fr\/wp-json\/wp\/v2\/comments?post=1592"}],"version-history":[{"count":1,"href":"http:\/\/healthagentsturkey.com\/fr\/wp-json\/wp\/v2\/pages\/1592\/revisions"}],"predecessor-version":[{"id":4805,"href":"http:\/\/healthagentsturkey.com\/fr\/wp-json\/wp\/v2\/pages\/1592\/revisions\/4805"}],"up":[{"embeddable":true,"href":"http:\/\/healthagentsturkey.com\/fr\/wp-json\/wp\/v2\/pages\/1407"}],"wp:attachment":[{"href":"http:\/\/healthagentsturkey.com\/fr\/wp-json\/wp\/v2\/media?parent=1592"}],"curies":[{"name":"wp","href":"https:\/\/api.w.org\/{rel}","templated":true}]}}