{"id":1582,"date":"2023-11-18T23:25:44","date_gmt":"2023-11-18T23:25:44","guid":{"rendered":"https:\/\/healthagentsturkey.com\/?page_id=1582"},"modified":"2026-02-25T10:31:57","modified_gmt":"2026-02-25T07:31:57","slug":"sac-lazeri","status":"publish","type":"page","link":"http:\/\/healthagentsturkey.com\/fr\/tedavi\/sac-ekimi\/sac-lazeri\/","title":{"rendered":"Laser pour les cheveux"},"content":{"rendered":"<div data-elementor-type=\"wp-page\" data-elementor-id=\"1582\" class=\"elementor elementor-1582\" data-elementor-post-type=\"page\">\n\t\t\t\t\t\t<section class=\"elementor-section elementor-top-section elementor-element elementor-element-eedafb9 elementor-section-content-middle elementor-section-boxed elementor-section-height-default elementor-section-height-default tp-parallax-no syd-sticky-section-no\" data-id=\"eedafb9\" data-element_type=\"section\" data-settings=\"{&quot;tp_sticky_sec_effect_enable&quot;:false}\">\n\t\t\t\t\t\t<div class=\"elementor-container elementor-column-gap-default\">\n\t\t\t\t\t<div data-aos=\"\" class=\"elementor-column elementor-col-50 elementor-top-column elementor-element elementor-element-571508b syd-sticky-section-no\" data-id=\"571508b\" data-element_type=\"column\" data-settings=\"{&quot;tp_sticky_col_effect_enable&quot;:false}\">\n\t\t\t<div class=\"elementor-widget-wrap elementor-element-populated\">\n\t\t\t\t\t\t<div class=\"elementor-element elementor-element-2fc2cb6 syd-sticky-section-no elementor-widget elementor-widget-heading\" data-id=\"2fc2cb6\" data-element_type=\"widget\" data-widget_type=\"heading.default\">\n\t\t\t\t<div class=\"elementor-widget-container\">\n\t\t\t\t\t<h2 class=\"elementor-heading-title elementor-size-default\">Qu'est-ce que le laser pour cheveux ?<\/h2>\t\t\t\t<\/div>\n\t\t\t\t<\/div>\n\t\t\t\t<div class=\"elementor-element elementor-element-1cf0f1c elementor-widget__width-initial syd-sticky-section-no elementor-widget elementor-widget-text-editor\" data-id=\"1cf0f1c\" data-element_type=\"widget\" data-widget_type=\"text-editor.default\">\n\t\t\t\t<div class=\"elementor-widget-container\">\n\t\t\t\t\t\t\t\t\t<p><b><i>Laser pour les cheveux<\/i><\/b>,\u00a0<a href=\"https:\/\/tr.wikipedia.org\/wiki\/Sa%C3%A7_d%C3%B6k%C3%BClmesi\">perte de cheveux<\/a>est un type de th\u00e9rapie laser utilis\u00e9 pour pr\u00e9venir ou arr\u00eater la croissance des cheveux. Cette th\u00e9rapie vise \u00e0 augmenter la croissance des cheveux en d\u00e9livrant une lumi\u00e8re laser \u00e0 la bonne longueur d'onde aux follicules pileux.\u00a0<b><i>Laser pour les cheveux<\/i><\/b>\u00a0Le traitement est g\u00e9n\u00e9ralement appliqu\u00e9 par sessions et pendant plusieurs mois. Cette m\u00e9thode de traitement est utilis\u00e9e dans les premiers stades de la perte de cheveux, comme la calvitie masculine.<\/p><p><b>Comment se d\u00e9roule le traitement au laser des cheveux ?<\/b><\/p><p><b><i>Laser pour les cheveux<\/i><\/b>\u00a0Le traitement est r\u00e9alis\u00e9 en envoyant une lumi\u00e8re laser de faible intensit\u00e9 \u00e0 la bonne longueur d'onde sur la peau \u00e0 l'aide d'un appareil sp\u00e9cial. Les s\u00e9ances de traitement sont effectu\u00e9es par un sp\u00e9cialiste et se d\u00e9roulent g\u00e9n\u00e9ralement plusieurs fois par semaine pendant plusieurs mois.<\/p><p>\u00a0<\/p>\t\t\t\t\t\t\t\t<\/div>\n\t\t\t\t<\/div>\n\t\t\t\t\t<\/div>\n\t\t<\/div>\n\t\t\t\t<div data-aos=\"\" class=\"elementor-column elementor-col-50 elementor-top-column elementor-element elementor-element-bc4d4c0 syd-sticky-section-no\" data-id=\"bc4d4c0\" data-element_type=\"column\" data-settings=\"{&quot;tp_sticky_col_effect_enable&quot;:false}\">\n\t\t\t<div class=\"elementor-widget-wrap elementor-element-populated\">\n\t\t\t\t\t\t<div class=\"elementor-element elementor-element-48dd569 syd-sticky-section-no elementor-widget elementor-widget-image\" data-id=\"48dd569\" data-element_type=\"widget\" data-widget_type=\"image.default\">\n\t\t\t\t<div class=\"elementor-widget-container\">\n\t\t\t\t\t\t\t\t\t<\/div>\n\t\t\t\t<\/div>\n\t\t\t\t\t<\/div>\n\t\t<\/div>\n\t\t\t\t\t<\/div>\n\t\t<\/section>\n\t\t<div class=\"elementor-element elementor-element-0260b06 e-flex e-con-boxed syd-sticky-section-no e-con e-parent\" data-id=\"0260b06\" data-element_type=\"container\">\n\t\t\t\t\t<div class=\"e-con-inner\">\n\t\t\t\t<div class=\"elementor-element elementor-element-ebb047d syd-sticky-section-no elementor-widget elementor-widget-text-editor\" data-id=\"ebb047d\" data-element_type=\"widget\" data-widget_type=\"text-editor.default\">\n\t\t\t\t<div class=\"elementor-widget-container\">\n\t\t\t\t\t\t\t\t\t<p>Pendant le traitement, la personne porte un bonnet sp\u00e9cial et l'appareil laser est dirig\u00e9 vers la peau. L'appareil atteint les follicules pileux et produit des rayons laser de faible intensit\u00e9.\u00a0<b><i>lumi\u00e8re laser<\/i><\/b>\u00a0pour stimuler la croissance des cheveux. La lumi\u00e8re laser vise \u00e0 stimuler la croissance des cheveux en stimulant les follicules pileux.<\/p><p>Les s\u00e9ances de traitement durent g\u00e9n\u00e9ralement de 15 \u00e0 30 minutes et sont indolores.\u00a0<b><i>Traitement au laser des cheveux<\/i><\/b>Il s'agit g\u00e9n\u00e9ralement d'un processus qui dure plusieurs mois et plusieurs s\u00e9ances peuvent \u00eatre n\u00e9cessaires pour obtenir des r\u00e9sultats complets.<\/p><p><b>Quels sont les avantages du traitement au laser des cheveux ?<\/b><\/p><ul><li aria-level=\"1\">Aucune douleur ou g\u00eane n'est ressentie pendant le traitement au laser des cheveux.<\/li><li aria-level=\"1\">Le traitement n'entra\u00eene pas d'effets secondaires graves.<\/li><li aria-level=\"1\">Il aide \u00e0 pr\u00e9venir la chute des cheveux.<\/li><li aria-level=\"1\">Traitement au laser des cheveux,\u00a0<a href=\"https:\/\/tr.wikipedia.org\/wiki\/Sa%C3%A7\">Cheveux<\/a>\u00a0Il stimule la croissance des cheveux en diffusant une lumi\u00e8re laser de faible intensit\u00e9 jusqu'aux racines.<\/li><li aria-level=\"1\">Comme il s'agit d'un traitement s\u00fbr, il est utilis\u00e9 par de nombreuses personnes.<\/li><\/ul><p><b><br \/>Quels sont les inconv\u00e9nients du traitement au laser des cheveux ?<\/b><\/p><ul><li aria-level=\"1\">Les r\u00e9sultats effectifs peuvent prendre du temps.<\/li><li aria-level=\"1\"><a href=\"https:\/\/tr.wikipedia.org\/wiki\/Enfeksiyon_hastal%C4%B1klar%C4%B1\">Possibilit\u00e9 d'infection<\/a>\u00a0Il y en a.<\/li><li aria-level=\"1\">Compl\u00e8tement\u00a0<a href=\"https:\/\/tr.wikipedia.org\/wiki\/Sa%C3%A7\">Cheveux<\/a>\u00a0ne peut pas emp\u00eacher sa perte.<\/li><li aria-level=\"1\">Le traitement peut \u00eatre co\u00fbteux.<\/li><li aria-level=\"1\">Ce traitement peut ne pas convenir \u00e0 tout le monde.<\/li><li aria-level=\"1\">Rarement, rougeur apr\u00e8s le traitement au laser des cheveux,\u00a0<a href=\"https:\/\/tr.wikipedia.org\/wiki\/Ka%C5%9F%C4%B1nt%C4%B1\">D\u00e9mangeaisons<\/a>\u00a0ou des effets secondaires tels que des gonflements peuvent survenir.<\/li><\/ul><p><b><br \/>O\u00f9 puis-je me rendre pour un traitement au laser des cheveux ?<\/b><\/p><p><a href=\"https:\/\/tr.wikipedia.org\/wiki\/Sa%C4%9Fl%C4%B1k\">Sant\u00e9<\/a>\u00a0Notre priorit\u00e9 dans le secteur a toujours \u00e9t\u00e9 la satisfaction et la sant\u00e9 des patients.\u00a0<b>Agents de sant\u00e9 ;<\/b>\u00a0est assur\u00e9e par des m\u00e9decins sp\u00e9cialis\u00e9s dans un environnement \u00e9quip\u00e9 de technologies modernes et des derni\u00e8res innovations m\u00e9dicales. Nous sommes toujours \u00e0 vos c\u00f4t\u00e9s pour vous offrir le meilleur service et nous sommes fiers des succ\u00e8s que nous avons obtenus dans les proc\u00e9dures chirurgicales que nous pratiquons. C'est pourquoi\u00a0<b>Agents de sant\u00e9<\/b>\u00a0nos m\u00e9decins, gr\u00e2ce \u00e0 leur expertise et \u00e0 leur exp\u00e9rience, comme dans toutes les proc\u00e9dures m\u00e9dicales\u00a0<b><i>laser pour cheveux<\/i><\/b>\u00a0Il est \u00e9galement souvent pr\u00e9f\u00e9r\u00e9 pour ses op\u00e9rations. Vous pouvez aussi nous choisir en toute confiance.<\/p>\t\t\t\t\t\t\t\t<\/div>\n\t\t\t\t<\/div>\n\t\t\t\t\t<\/div>\n\t\t\t\t<\/div>\n\t\t\t\t<section class=\"elementor-section elementor-top-section elementor-element elementor-element-cfed380 elementor-section-content-middle elementor-section-boxed elementor-section-height-default elementor-section-height-default tp-parallax-no syd-sticky-section-no\" data-id=\"cfed380\" data-element_type=\"section\" data-settings=\"{&quot;background_background&quot;:&quot;classic&quot;,&quot;tp_sticky_sec_effect_enable&quot;:false}\">\n\t\t\t\t\t\t<div class=\"elementor-container elementor-column-gap-default\">\n\t\t\t\t\t<div data-aos=\"\" class=\"elementor-column elementor-col-50 elementor-top-column elementor-element elementor-element-d8fac92 syd-sticky-section-no\" data-id=\"d8fac92\" data-element_type=\"column\" data-settings=\"{&quot;tp_sticky_col_effect_enable&quot;:false}\">\n\t\t\t<div class=\"elementor-widget-wrap elementor-element-populated\">\n\t\t\t\t\t\t<div class=\"elementor-element elementor-element-ea4173f syd-sticky-section-no elementor-widget elementor-widget-heading\" data-id=\"ea4173f\" data-element_type=\"widget\" data-widget_type=\"heading.default\">\n\t\t\t\t<div class=\"elementor-widget-container\">\n\t\t\t\t\t<h2 class=\"elementor-heading-title elementor-size-default\">Avez-vous des questions ?<\/h2>\t\t\t\t<\/div>\n\t\t\t\t<\/div>\n\t\t\t\t\t<\/div>\n\t\t<\/div>\n\t\t\t\t<div data-aos=\"\" class=\"elementor-column elementor-col-50 elementor-top-column elementor-element elementor-element-7aa5769 syd-sticky-section-no\" data-id=\"7aa5769\" data-element_type=\"column\" data-settings=\"{&quot;tp_sticky_col_effect_enable&quot;:false}\">\n\t\t\t<div class=\"elementor-widget-wrap elementor-element-populated\">\n\t\t\t\t\t\t<div class=\"elementor-element elementor-element-9c6e3e1 elementor-align-right elementor-mobile-align-center syd-sticky-section-no elementor-widget elementor-widget-button\" data-id=\"9c6e3e1\" data-element_type=\"widget\" data-widget_type=\"button.default\">\n\t\t\t\t<div class=\"elementor-widget-container\">\n\t\t\t\t\t\t\t\t\t<div class=\"elementor-button-wrapper\">\n\t\t\t\t\t<a class=\"elementor-button elementor-button-link elementor-size-sm\" href=\"http:\/\/healthagentsturkey.com\/fr\/iletisim\/\">\n\t\t\t\t\t\t<span class=\"elementor-button-content-wrapper\">\n\t\t\t\t\t\t\t\t\t<span class=\"elementor-button-text\">Contactez nous<\/span>\n\t\t\t\t\t<\/span>\n\t\t\t\t\t<\/a>\n\t\t\t\t<\/div>\n\t\t\t\t\t\t\t\t<\/div>\n\t\t\t\t<\/div>\n\t\t\t\t\t<\/div>\n\t\t<\/div>\n\t\t\t\t\t<\/div>\n\t\t<\/section>\n\t\t\t\t<\/div>","protected":false},"excerpt":{"rendered":"<p>Sa\u00e7 Lazeri Nedir? Sa\u00e7 lazeri,\u00a0sa\u00e7 d\u00f6k\u00fclmesini \u00f6nlemek veya durdurmak i\u00e7in kullan\u0131lan bir t\u00fcr lazer terapisidir. Bu terapi, sa\u00e7 k\u00f6klerine do\u011fru dalga boyunda [&hellip;]<\/p>","protected":false},"author":1,"featured_media":0,"parent":1407,"menu_order":0,"comment_status":"closed","ping_status":"closed","template":"elementor_header_footer","meta":{"_eb_attr":"","footnotes":""},"class_list":["post-1582","page","type-page","status-publish","hentry"],"_links":{"self":[{"href":"http:\/\/healthagentsturkey.com\/fr\/wp-json\/wp\/v2\/pages\/1582","targetHints":{"allow":["GET"]}}],"collection":[{"href":"http:\/\/healthagentsturkey.com\/fr\/wp-json\/wp\/v2\/pages"}],"about":[{"href":"http:\/\/healthagentsturkey.com\/fr\/wp-json\/wp\/v2\/types\/page"}],"author":[{"embeddable":true,"href":"http:\/\/healthagentsturkey.com\/fr\/wp-json\/wp\/v2\/users\/1"}],"replies":[{"embeddable":true,"href":"http:\/\/healthagentsturkey.com\/fr\/wp-json\/wp\/v2\/comments?post=1582"}],"version-history":[{"count":1,"href":"http:\/\/healthagentsturkey.com\/fr\/wp-json\/wp\/v2\/pages\/1582\/revisions"}],"predecessor-version":[{"id":4803,"href":"http:\/\/healthagentsturkey.com\/fr\/wp-json\/wp\/v2\/pages\/1582\/revisions\/4803"}],"up":[{"embeddable":true,"href":"http:\/\/healthagentsturkey.com\/fr\/wp-json\/wp\/v2\/pages\/1407"}],"wp:attachment":[{"href":"http:\/\/healthagentsturkey.com\/fr\/wp-json\/wp\/v2\/media?parent=1582"}],"curies":[{"name":"wp","href":"https:\/\/api.w.org\/{rel}","templated":true}]}}