{"id":3273,"date":"2023-12-25T13:18:24","date_gmt":"2023-12-25T10:18:24","guid":{"rendered":"https:\/\/healthagentsturkey.com\/?page_id=3273"},"modified":"2026-02-25T10:31:56","modified_gmt":"2026-02-25T07:31:56","slug":"infertilite","status":"publish","type":"page","link":"http:\/\/healthagentsturkey.com\/en\/tedavi\/infertilite\/","title":{"rendered":"Infertility"},"content":{"rendered":"<div data-elementor-type=\"wp-page\" data-elementor-id=\"3273\" class=\"elementor elementor-3273\" data-elementor-post-type=\"page\">\n\t\t\t\t\t\t<section class=\"elementor-section elementor-top-section elementor-element elementor-element-eedafb9 elementor-section-content-middle elementor-section-boxed elementor-section-height-default elementor-section-height-default tp-parallax-no syd-sticky-section-no\" data-id=\"eedafb9\" data-element_type=\"section\" data-settings=\"{&quot;tp_sticky_sec_effect_enable&quot;:false}\">\n\t\t\t\t\t\t<div class=\"elementor-container elementor-column-gap-default\">\n\t\t\t\t\t<div data-aos=\"\" class=\"elementor-column elementor-col-50 elementor-top-column elementor-element elementor-element-571508b syd-sticky-section-no\" data-id=\"571508b\" data-element_type=\"column\" data-settings=\"{&quot;tp_sticky_col_effect_enable&quot;:false}\">\n\t\t\t<div class=\"elementor-widget-wrap elementor-element-populated\">\n\t\t\t\t\t\t<div class=\"elementor-element elementor-element-2fc2cb6 syd-sticky-section-no elementor-widget elementor-widget-heading\" data-id=\"2fc2cb6\" data-element_type=\"widget\" data-widget_type=\"heading.default\">\n\t\t\t\t<div class=\"elementor-widget-container\">\n\t\t\t\t\t<h2 class=\"elementor-heading-title elementor-size-default\">INFERTILITE<\/h2>\t\t\t\t<\/div>\n\t\t\t\t<\/div>\n\t\t\t\t<div class=\"elementor-element elementor-element-1cf0f1c elementor-widget__width-initial syd-sticky-section-no elementor-widget elementor-widget-text-editor\" data-id=\"1cf0f1c\" data-element_type=\"widget\" data-widget_type=\"text-editor.default\">\n\t\t\t\t<div class=\"elementor-widget-container\">\n\t\t\t\t\t\t\t\t\t<p>Health Agents, a leader in the field of health tourism, aims to be a beacon of hope for you in gynecological infertility treatments. The journey to have a child is an important milestone in every couple's life. We are here to support and guide your journey. With our innovative treatment methods and team of experts, we offer tailored solutions to each couple's unique needs.<\/p><p>Here are the main treatment methods we offer.<\/p>\t\t\t\t\t\t\t\t<\/div>\n\t\t\t\t<\/div>\n\t\t\t\t\t<\/div>\n\t\t<\/div>\n\t\t\t\t<div data-aos=\"\" class=\"elementor-column elementor-col-50 elementor-top-column elementor-element elementor-element-bc4d4c0 syd-sticky-section-no\" data-id=\"bc4d4c0\" data-element_type=\"column\" data-settings=\"{&quot;tp_sticky_col_effect_enable&quot;:false}\">\n\t\t\t<div class=\"elementor-widget-wrap elementor-element-populated\">\n\t\t\t\t\t\t<div class=\"elementor-element elementor-element-48dd569 syd-sticky-section-no elementor-widget elementor-widget-image\" data-id=\"48dd569\" data-element_type=\"widget\" data-widget_type=\"image.default\">\n\t\t\t\t<div class=\"elementor-widget-container\">\n\t\t\t\t\t\t\t\t\t<\/div>\n\t\t\t\t<\/div>\n\t\t\t\t\t<\/div>\n\t\t<\/div>\n\t\t\t\t\t<\/div>\n\t\t<\/section>\n\t\t<div class=\"elementor-element elementor-element-99fe56d e-flex e-con-boxed syd-sticky-section-no e-con e-parent\" data-id=\"99fe56d\" data-element_type=\"container\">\n\t\t\t\t\t<div class=\"e-con-inner\">\n\t\t\t\t<div class=\"elementor-element elementor-element-def30c4 syd-sticky-section-no elementor-widget elementor-widget-text-editor\" data-id=\"def30c4\" data-element_type=\"widget\" data-widget_type=\"text-editor.default\">\n\t\t\t\t<div class=\"elementor-widget-container\">\n\t\t\t\t\t\t\t\t\t<ol><li><strong>Inoculation (IUI):<\/strong> This method involves placing sperm cells directly into the uterus. This method offers a simple and effective solution to increase the chances of pregnancy naturally.<\/li><li><strong><a href=\"https:\/\/healthagentsturkey.com\/en\/tedavi\/infertilite__trashed\/ivf\/\">IVF Treatment<\/a>:<\/strong> This method, also known as in vitro fertilization, involves fertilization in a laboratory. The fertilized embryo is then transferred to the expectant mother's uterus. IVF is known for its high success rates.<\/li><li><strong>Personalized IVF Treatment:<\/strong> Tailored to each patient's needs, IVF treatment offers a personalized approach. This method is customized according to patient characteristics and needs, aiming for the highest chance of success.<\/li><li><strong>Microinjection - ICSI:<\/strong> Intracytoplasmic sperm injection (ICSI) involves injecting a single sperm cell directly into an egg. This method, which is especially preferred in cases of male factor infertility, increases success rates.<\/li><li><strong>IMSI - Sperm Microinjection:<\/strong> IMSI is an advanced form of ICSI and involves a detailed examination of the sperm under a microscope. By selecting the healthiest sperm cell, the chances of fertilization are increased.<\/li><li><strong>Embryoscope:<\/strong> This high-tech device continuously monitors the development of the embryos. The selection of healthy embryos is made more precisely with this method, thus increasing the chances of pregnancy.<\/li><li><strong>Blastocyst Transfer:<\/strong> The embryo is transferred to the uterus when it reaches the blastocyst stage (usually on day 5 after fertilization). This increases the chances of the embryo attaching to the uterine wall and increases the likelihood of a healthy pregnancy.<\/li><\/ol><p>At Health Agents, we strive to ensure the healthy start of a tiny life that will be a part of you and your future. Your journey is not only a treatment process for us, but also a precious step towards realizing your dreams. We aim to offer you the best service with the facilities of modern medicine and the meticulous work of our expert team. For more information about infertility treatment and our other services and to contact our experienced specialists <a href=\"http:\/\/healthagentsturkey.com\/en\/iletisim\/\">healthagentsturkey.com\/iletisim<\/a> You can contact us by visiting our website,<\/p><p><strong>Let's take your first step towards a healthy and happy future together.<\/strong><\/p>\t\t\t\t\t\t\t\t<\/div>\n\t\t\t\t<\/div>\n\t\t\t\t\t<\/div>\n\t\t\t\t<\/div>\n\t\t\t\t<section class=\"elementor-section elementor-top-section elementor-element elementor-element-cfed380 elementor-section-content-middle elementor-section-boxed elementor-section-height-default elementor-section-height-default tp-parallax-no syd-sticky-section-no\" data-id=\"cfed380\" data-element_type=\"section\" data-settings=\"{&quot;background_background&quot;:&quot;classic&quot;,&quot;tp_sticky_sec_effect_enable&quot;:false}\">\n\t\t\t\t\t\t<div class=\"elementor-container elementor-column-gap-default\">\n\t\t\t\t\t<div data-aos=\"\" class=\"elementor-column elementor-col-50 elementor-top-column elementor-element elementor-element-d8fac92 syd-sticky-section-no\" data-id=\"d8fac92\" data-element_type=\"column\" data-settings=\"{&quot;tp_sticky_col_effect_enable&quot;:false}\">\n\t\t\t<div class=\"elementor-widget-wrap elementor-element-populated\">\n\t\t\t\t\t\t<div class=\"elementor-element elementor-element-ea4173f syd-sticky-section-no elementor-widget elementor-widget-heading\" data-id=\"ea4173f\" data-element_type=\"widget\" data-widget_type=\"heading.default\">\n\t\t\t\t<div class=\"elementor-widget-container\">\n\t\t\t\t\t<h2 class=\"elementor-heading-title elementor-size-default\">Do you have questions?<\/h2>\t\t\t\t<\/div>\n\t\t\t\t<\/div>\n\t\t\t\t\t<\/div>\n\t\t<\/div>\n\t\t\t\t<div data-aos=\"\" class=\"elementor-column elementor-col-50 elementor-top-column elementor-element elementor-element-7aa5769 syd-sticky-section-no\" data-id=\"7aa5769\" data-element_type=\"column\" data-settings=\"{&quot;tp_sticky_col_effect_enable&quot;:false}\">\n\t\t\t<div class=\"elementor-widget-wrap elementor-element-populated\">\n\t\t\t\t\t\t<div class=\"elementor-element elementor-element-9c6e3e1 elementor-align-right elementor-mobile-align-center syd-sticky-section-no elementor-widget elementor-widget-button\" data-id=\"9c6e3e1\" data-element_type=\"widget\" data-widget_type=\"button.default\">\n\t\t\t\t<div class=\"elementor-widget-container\">\n\t\t\t\t\t\t\t\t\t<div class=\"elementor-button-wrapper\">\n\t\t\t\t\t<a class=\"elementor-button elementor-button-link elementor-size-sm\" href=\"http:\/\/healthagentsturkey.com\/en\/iletisim\/\">\n\t\t\t\t\t\t<span class=\"elementor-button-content-wrapper\">\n\t\t\t\t\t\t\t\t\t<span class=\"elementor-button-text\">Contact us<\/span>\n\t\t\t\t\t<\/span>\n\t\t\t\t\t<\/a>\n\t\t\t\t<\/div>\n\t\t\t\t\t\t\t\t<\/div>\n\t\t\t\t<\/div>\n\t\t\t\t\t<\/div>\n\t\t<\/div>\n\t\t\t\t\t<\/div>\n\t\t<\/section>\n\t\t\t\t<\/div>","protected":false},"excerpt":{"rendered":"<p>INFERTILITE Sa\u011fl\u0131k turizmi alan\u0131nda lider konumda olan Health Agents, jinekolojik infertilite (k\u0131s\u0131rl\u0131k) tedavilerinde size umut \u0131\u015f\u0131\u011f\u0131 olmay\u0131 hedefler. \u00c7ocuk sahibi olma yolculu\u011funda [&hellip;]<\/p>","protected":false},"author":1,"featured_media":0,"parent":899,"menu_order":0,"comment_status":"closed","ping_status":"closed","template":"elementor_header_footer","meta":{"_eb_attr":"","footnotes":""},"class_list":["post-3273","page","type-page","status-publish","hentry"],"_links":{"self":[{"href":"http:\/\/healthagentsturkey.com\/en\/wp-json\/wp\/v2\/pages\/3273","targetHints":{"allow":["GET"]}}],"collection":[{"href":"http:\/\/healthagentsturkey.com\/en\/wp-json\/wp\/v2\/pages"}],"about":[{"href":"http:\/\/healthagentsturkey.com\/en\/wp-json\/wp\/v2\/types\/page"}],"author":[{"embeddable":true,"href":"http:\/\/healthagentsturkey.com\/en\/wp-json\/wp\/v2\/users\/1"}],"replies":[{"embeddable":true,"href":"http:\/\/healthagentsturkey.com\/en\/wp-json\/wp\/v2\/comments?post=3273"}],"version-history":[{"count":1,"href":"http:\/\/healthagentsturkey.com\/en\/wp-json\/wp\/v2\/pages\/3273\/revisions"}],"predecessor-version":[{"id":4791,"href":"http:\/\/healthagentsturkey.com\/en\/wp-json\/wp\/v2\/pages\/3273\/revisions\/4791"}],"up":[{"embeddable":true,"href":"http:\/\/healthagentsturkey.com\/en\/wp-json\/wp\/v2\/pages\/899"}],"wp:attachment":[{"href":"http:\/\/healthagentsturkey.com\/en\/wp-json\/wp\/v2\/media?parent=3273"}],"curies":[{"name":"wp","href":"https:\/\/api.w.org\/{rel}","templated":true}]}}