{"id":3165,"date":"2023-12-22T04:12:46","date_gmt":"2023-12-22T01:12:46","guid":{"rendered":"https:\/\/healthagentsturkey.com\/?page_id=3165"},"modified":"2026-02-25T10:31:56","modified_gmt":"2026-02-25T07:31:56","slug":"rinoplasti","status":"publish","type":"page","link":"http:\/\/healthagentsturkey.com\/en\/tedavi\/estetik\/rinoplasti\/","title":{"rendered":"Rhinoplasty"},"content":{"rendered":"<div data-elementor-type=\"wp-page\" data-elementor-id=\"3165\" class=\"elementor elementor-3165\" data-elementor-post-type=\"page\">\n\t\t\t\t\t\t<section class=\"elementor-section elementor-top-section elementor-element elementor-element-eedafb9 elementor-section-content-middle elementor-section-boxed elementor-section-height-default elementor-section-height-default tp-parallax-no syd-sticky-section-no\" data-id=\"eedafb9\" data-element_type=\"section\" data-settings=\"{&quot;tp_sticky_sec_effect_enable&quot;:false}\">\n\t\t\t\t\t\t<div class=\"elementor-container elementor-column-gap-default\">\n\t\t\t\t\t<div data-aos=\"\" class=\"elementor-column elementor-col-50 elementor-top-column elementor-element elementor-element-571508b syd-sticky-section-no\" data-id=\"571508b\" data-element_type=\"column\" data-settings=\"{&quot;tp_sticky_col_effect_enable&quot;:false}\">\n\t\t\t<div class=\"elementor-widget-wrap elementor-element-populated\">\n\t\t\t\t\t\t<div class=\"elementor-element elementor-element-2fc2cb6 syd-sticky-section-no elementor-widget elementor-widget-heading\" data-id=\"2fc2cb6\" data-element_type=\"widget\" data-widget_type=\"heading.default\">\n\t\t\t\t<div class=\"elementor-widget-container\">\n\t\t\t\t\t<h2 class=\"elementor-heading-title elementor-size-default\">Nose Aesthetics<\/h2>\t\t\t\t<\/div>\n\t\t\t\t<\/div>\n\t\t\t\t<div class=\"elementor-element elementor-element-6e5f253 syd-sticky-section-no elementor-widget elementor-widget-heading\" data-id=\"6e5f253\" data-element_type=\"widget\" data-widget_type=\"heading.default\">\n\t\t\t\t<div class=\"elementor-widget-container\">\n\t\t\t\t\t<h6 class=\"elementor-heading-title elementor-size-default\">Rhinoplasty<\/h6>\t\t\t\t<\/div>\n\t\t\t\t<\/div>\n\t\t\t\t<div class=\"elementor-element elementor-element-1cf0f1c elementor-widget__width-initial syd-sticky-section-no elementor-widget elementor-widget-text-editor\" data-id=\"1cf0f1c\" data-element_type=\"widget\" data-widget_type=\"text-editor.default\">\n\t\t\t\t<div class=\"elementor-widget-container\">\n\t\t\t\t\t\t\t\t\t<p><strong>What is Rhinoplasty?<\/strong><\/p><p><strong>Rhinoplasty<\/strong>is the process of reconstructing and reshaping the nose. It is aimed to make the nose aesthetically and functionally better. Aesthetic nose surgery is known as <strong>rhinoplasty<\/strong>is one of the most common plastic surgeries today. Women and men are commonly <strong>rhinoplasty<\/strong> they make you do it.<\/p><p>The lower part of the nose consists of cartilage and the upper part of the nose consists of bone. <strong>Rhinoplasty<\/strong>is the process of reshaping bone, cartilage, skin or, if necessary, all three.<\/p>\t\t\t\t\t\t\t\t<\/div>\n\t\t\t\t<\/div>\n\t\t\t\t\t<\/div>\n\t\t<\/div>\n\t\t\t\t<div data-aos=\"\" class=\"elementor-column elementor-col-50 elementor-top-column elementor-element elementor-element-bc4d4c0 syd-sticky-section-no\" data-id=\"bc4d4c0\" data-element_type=\"column\" data-settings=\"{&quot;tp_sticky_col_effect_enable&quot;:false}\">\n\t\t\t<div class=\"elementor-widget-wrap elementor-element-populated\">\n\t\t\t\t\t\t<div class=\"elementor-element elementor-element-48dd569 syd-sticky-section-no elementor-widget elementor-widget-image\" data-id=\"48dd569\" data-element_type=\"widget\" data-widget_type=\"image.default\">\n\t\t\t\t<div class=\"elementor-widget-container\">\n\t\t\t\t\t\t\t\t\t<\/div>\n\t\t\t\t<\/div>\n\t\t\t\t\t<\/div>\n\t\t<\/div>\n\t\t\t\t\t<\/div>\n\t\t<\/section>\n\t\t<div class=\"elementor-element elementor-element-99fe56d e-flex e-con-boxed syd-sticky-section-no e-con e-parent\" data-id=\"99fe56d\" data-element_type=\"container\">\n\t\t\t\t\t<div class=\"e-con-inner\">\n\t\t\t\t<div class=\"elementor-element elementor-element-def30c4 syd-sticky-section-no elementor-widget elementor-widget-text-editor\" data-id=\"def30c4\" data-element_type=\"widget\" data-widget_type=\"text-editor.default\">\n\t\t\t\t<div class=\"elementor-widget-container\">\n\t\t\t\t\t\t\t\t\t<p><span style=\"font-weight: 600;\">Why Rhinoplasty is Performed<\/span>?<\/p><p><b>Rhinoplasty<\/b>In other words, rhinoplasty is a procedure preferred for both aesthetic and functional reasons. The reasons for performing this operation vary. Here are the most common reasons:\"<\/p><ul><li>Correction of deformations caused by injuries,<\/li><li>Elimination of breathing difficulties caused by the shape,<\/li><li>Correction of congenital or acquired nasal defects,<\/li><li>To breathe easier,<\/li><\/ul><ul><li>Achieving a more aesthetically pleasing appearance<\/li><\/ul><p><b>Rhinoplasty <\/b>For these and similar reasons, operations are performed to improve the quality of life of the person and to improve the nasal area functionally and aesthetically. This process is shaped according to the specific needs and expectations of the person.<\/p><p><strong>How is Rhinoplasty Performed?<\/strong><\/p><p><strong>Rhinoplasty<\/strong>is the process of changing the cartilage, bone and skin layer in the nose. Before the surgery is planned, the surgeon examines the person's face. He evaluates the skin on the nose, the structure of the face and the preferences of the individual. A personalized plan and shape is determined.<\/p><p><strong>Rhinoplasty<\/strong> surgery is performed in two ways. Open and closed.<\/p><p>In closed, the surgeon works through the nose. In open, the surgeon cuts open the tip of the nose about 3 cm and works from the tip of the nose. Which one to prefer is the choice of the surgeon and the patient.<\/p><p>Cartilage at the tip of the nose, skin thickness, <b>rhinoplasty<\/b>The effects of respiration are determined.<\/p><p>Today, with the developing technology, the patient's nose is photographed. With the help of a computer program <b>rhinoplasty<\/b> then the result of the nose is examined. For example, if the patient has a small chin, the physician also discusses chin augmentation with the patient. After nose surgery, the patient is usually discharged from the hospital on the same day.<\/p><p>As in all surgical operations, the risks of bleeding, infection and sensitivity to anesthesia are always present in rhinoplasty, albeit low.<\/p><p>Sometimes operation-specific;<\/p><ul><li>Difficulty breathing<\/li><li>Nasal congestion<\/li><li>Swelling<\/li><li>Uneven looking nose structure<\/li><li>Discoloration or bruising<\/li><li>Numbness in and around the nose<\/li><\/ul><ul><li>Septum perforation<\/li><\/ul><p>In such cases, re-intervention may be necessary depending on the severity of the symptom.<\/p><p><strong>Rhinoplasty<\/strong> surgeries are like a closed box. The cartilage and bone in the nose heal independently and in different times. The surgeon cuts the entire nose from one side and sometimes adds and shapes it.<\/p><p><strong>What Happens After Rhinoplasty?<\/strong><\/p><ul><li>If you smoke, you should quit or take a break. Smoking prolongs the healing process after surgery and increases the possibility of infection.<\/li><li><strong>Rhinoplasty<\/strong> After surgery, the internal dressings stay on for an average of one week. For support and protection, the surgeon may sometimes put a splint on the nose.<\/li><\/ul><div>\u00a0<\/div><div><p><strong>Rhinoplasty Prices<\/strong><\/p><\/div><div><span style=\"color: #374151; font-family: S\u00f6hne, ui-sans-serif, system-ui, -apple-system, 'Segoe UI', Roboto, Ubuntu, Cantarell, 'Noto Sans', sans-serif, 'Helvetica Neue', Arial, 'Apple Color Emoji', 'Segoe UI Emoji', 'Segoe UI Symbol', 'Noto Color Emoji'; white-space-collapse: preserve;\">The prices of rhinoplasty, that is, rhinoplasty operations, vary depending on various factors. These factors include the experience of the doctor, the standards of the preferred hospital, the quality of the equipment and materials used in the operation. Therefore, rhinoplasty prices are determined individually.<\/span><span style=\"text-align: var(--text-align);\">\u00a0<\/span><\/div><p>Remember that every patient is unique. Please contact our specialists for your personalized treatment plan and offer.<\/p>\t\t\t\t\t\t\t\t<\/div>\n\t\t\t\t<\/div>\n\t\t\t\t\t<\/div>\n\t\t\t\t<\/div>\n\t\t\t\t<section class=\"elementor-section elementor-top-section elementor-element elementor-element-cfed380 elementor-section-content-middle elementor-section-boxed elementor-section-height-default elementor-section-height-default tp-parallax-no syd-sticky-section-no\" data-id=\"cfed380\" data-element_type=\"section\" data-settings=\"{&quot;background_background&quot;:&quot;classic&quot;,&quot;tp_sticky_sec_effect_enable&quot;:false}\">\n\t\t\t\t\t\t<div class=\"elementor-container elementor-column-gap-default\">\n\t\t\t\t\t<div data-aos=\"\" class=\"elementor-column elementor-col-50 elementor-top-column elementor-element elementor-element-d8fac92 syd-sticky-section-no\" data-id=\"d8fac92\" data-element_type=\"column\" data-settings=\"{&quot;tp_sticky_col_effect_enable&quot;:false}\">\n\t\t\t<div class=\"elementor-widget-wrap elementor-element-populated\">\n\t\t\t\t\t\t<div class=\"elementor-element elementor-element-ea4173f syd-sticky-section-no elementor-widget elementor-widget-heading\" data-id=\"ea4173f\" data-element_type=\"widget\" data-widget_type=\"heading.default\">\n\t\t\t\t<div class=\"elementor-widget-container\">\n\t\t\t\t\t<h2 class=\"elementor-heading-title elementor-size-default\">Do you have questions?<\/h2>\t\t\t\t<\/div>\n\t\t\t\t<\/div>\n\t\t\t\t\t<\/div>\n\t\t<\/div>\n\t\t\t\t<div data-aos=\"\" class=\"elementor-column elementor-col-50 elementor-top-column elementor-element elementor-element-7aa5769 syd-sticky-section-no\" data-id=\"7aa5769\" data-element_type=\"column\" data-settings=\"{&quot;tp_sticky_col_effect_enable&quot;:false}\">\n\t\t\t<div class=\"elementor-widget-wrap elementor-element-populated\">\n\t\t\t\t\t\t<div class=\"elementor-element elementor-element-9c6e3e1 elementor-align-right elementor-mobile-align-center syd-sticky-section-no elementor-widget elementor-widget-button\" data-id=\"9c6e3e1\" data-element_type=\"widget\" data-widget_type=\"button.default\">\n\t\t\t\t<div class=\"elementor-widget-container\">\n\t\t\t\t\t\t\t\t\t<div class=\"elementor-button-wrapper\">\n\t\t\t\t\t<a class=\"elementor-button elementor-button-link elementor-size-sm\" href=\"http:\/\/healthagentsturkey.com\/en\/iletisim\/\">\n\t\t\t\t\t\t<span class=\"elementor-button-content-wrapper\">\n\t\t\t\t\t\t\t\t\t<span class=\"elementor-button-text\">Contact us<\/span>\n\t\t\t\t\t<\/span>\n\t\t\t\t\t<\/a>\n\t\t\t\t<\/div>\n\t\t\t\t\t\t\t\t<\/div>\n\t\t\t\t<\/div>\n\t\t\t\t\t<\/div>\n\t\t<\/div>\n\t\t\t\t\t<\/div>\n\t\t<\/section>\n\t\t\t\t<\/div>","protected":false},"excerpt":{"rendered":"<p>Burun Esteti\u011fi Rh\u0131noplasty Rinoplasti Nedir? Rinoplasti, burnu yeniden yap\u0131land\u0131rma, yeniden \u015fekil verme i\u015flemidir. Burnu estetik ve fonksiyonel olarak daha iyi hale getirmek [&hellip;]<\/p>","protected":false},"author":1,"featured_media":0,"parent":934,"menu_order":0,"comment_status":"closed","ping_status":"closed","template":"elementor_header_footer","meta":{"_eb_attr":"","footnotes":""},"class_list":["post-3165","page","type-page","status-publish","hentry"],"_links":{"self":[{"href":"http:\/\/healthagentsturkey.com\/en\/wp-json\/wp\/v2\/pages\/3165","targetHints":{"allow":["GET"]}}],"collection":[{"href":"http:\/\/healthagentsturkey.com\/en\/wp-json\/wp\/v2\/pages"}],"about":[{"href":"http:\/\/healthagentsturkey.com\/en\/wp-json\/wp\/v2\/types\/page"}],"author":[{"embeddable":true,"href":"http:\/\/healthagentsturkey.com\/en\/wp-json\/wp\/v2\/users\/1"}],"replies":[{"embeddable":true,"href":"http:\/\/healthagentsturkey.com\/en\/wp-json\/wp\/v2\/comments?post=3165"}],"version-history":[{"count":1,"href":"http:\/\/healthagentsturkey.com\/en\/wp-json\/wp\/v2\/pages\/3165\/revisions"}],"predecessor-version":[{"id":4789,"href":"http:\/\/healthagentsturkey.com\/en\/wp-json\/wp\/v2\/pages\/3165\/revisions\/4789"}],"up":[{"embeddable":true,"href":"http:\/\/healthagentsturkey.com\/en\/wp-json\/wp\/v2\/pages\/934"}],"wp:attachment":[{"href":"http:\/\/healthagentsturkey.com\/en\/wp-json\/wp\/v2\/media?parent=3165"}],"curies":[{"name":"wp","href":"https:\/\/api.w.org\/{rel}","templated":true}]}}