{"id":1905,"date":"2023-11-21T00:27:31","date_gmt":"2023-11-21T00:27:31","guid":{"rendered":"https:\/\/healthagentsturkey.com\/?page_id=1905"},"modified":"2026-02-25T10:31:56","modified_gmt":"2026-02-25T07:31:56","slug":"meme-buyutme","status":"publish","type":"page","link":"http:\/\/healthagentsturkey.com\/en\/tedavi\/estetik\/meme-buyutme\/","title":{"rendered":"Breast Augmentation"},"content":{"rendered":"<div data-elementor-type=\"wp-page\" data-elementor-id=\"1905\" class=\"elementor elementor-1905\" data-elementor-post-type=\"page\">\n\t\t\t\t\t\t<section class=\"elementor-section elementor-top-section elementor-element elementor-element-eedafb9 elementor-section-content-middle elementor-section-boxed elementor-section-height-default elementor-section-height-default tp-parallax-no syd-sticky-section-no\" data-id=\"eedafb9\" data-element_type=\"section\" data-settings=\"{&quot;tp_sticky_sec_effect_enable&quot;:false}\">\n\t\t\t\t\t\t<div class=\"elementor-container elementor-column-gap-default\">\n\t\t\t\t\t<div data-aos=\"\" class=\"elementor-column elementor-col-50 elementor-top-column elementor-element elementor-element-571508b syd-sticky-section-no\" data-id=\"571508b\" data-element_type=\"column\" data-settings=\"{&quot;tp_sticky_col_effect_enable&quot;:false}\">\n\t\t\t<div class=\"elementor-widget-wrap elementor-element-populated\">\n\t\t\t\t\t\t<div class=\"elementor-element elementor-element-2fc2cb6 syd-sticky-section-no elementor-widget elementor-widget-heading\" data-id=\"2fc2cb6\" data-element_type=\"widget\" data-widget_type=\"heading.default\">\n\t\t\t\t<div class=\"elementor-widget-container\">\n\t\t\t\t\t<h2 class=\"elementor-heading-title elementor-size-default\">What is Breast Augmentation?<\/h2>\t\t\t\t<\/div>\n\t\t\t\t<\/div>\n\t\t\t\t<div class=\"elementor-element elementor-element-1cf0f1c elementor-widget__width-initial syd-sticky-section-no elementor-widget elementor-widget-text-editor\" data-id=\"1cf0f1c\" data-element_type=\"widget\" data-widget_type=\"text-editor.default\">\n\t\t\t\t<div class=\"elementor-widget-container\">\n\t\t\t\t\t\t\t\t\t<p><a href=\"https:\/\/tr.wikipedia.org\/wiki\/Meme_b%C3%BCy%C3%BCtme\"><b>Breast augmentation<\/b><\/a> is a procedure that aims to enlarge the breasts through plastic surgery using breast tissue or implants. This procedure is done to increase the size and shape of the breasts and also helps patients to increase their self-confidence. It can be performed using silicone implants or other materials according to the patient's preference; it provides the possibility to control the size, shape and weight of the breasts.<\/p><p><b>How is breast augmentation performed?<\/b><\/p><p><a href=\"https:\/\/tr.wikipedia.org\/wiki\/Meme_b%C3%BCy%C3%BCtme\">Breast augmentation<\/a>\u00a0The procedure can usually be performed in several different ways, depending on the patient's preference:<\/p><p>\u00a0<\/p>\t\t\t\t\t\t\t\t<\/div>\n\t\t\t\t<\/div>\n\t\t\t\t\t<\/div>\n\t\t<\/div>\n\t\t\t\t<div data-aos=\"\" class=\"elementor-column elementor-col-50 elementor-top-column elementor-element elementor-element-bc4d4c0 syd-sticky-section-no\" data-id=\"bc4d4c0\" data-element_type=\"column\" data-settings=\"{&quot;tp_sticky_col_effect_enable&quot;:false}\">\n\t\t\t<div class=\"elementor-widget-wrap elementor-element-populated\">\n\t\t\t\t\t\t<div class=\"elementor-element elementor-element-48dd569 syd-sticky-section-no elementor-widget elementor-widget-image\" data-id=\"48dd569\" data-element_type=\"widget\" data-widget_type=\"image.default\">\n\t\t\t\t<div class=\"elementor-widget-container\">\n\t\t\t\t\t\t\t\t\t<\/div>\n\t\t\t\t<\/div>\n\t\t\t\t\t<\/div>\n\t\t<\/div>\n\t\t\t\t\t<\/div>\n\t\t<\/section>\n\t\t<div class=\"elementor-element elementor-element-99fe56d e-flex e-con-boxed syd-sticky-section-no e-con e-parent\" data-id=\"99fe56d\" data-element_type=\"container\">\n\t\t\t\t\t<div class=\"e-con-inner\">\n\t\t\t\t<div class=\"elementor-element elementor-element-def30c4 syd-sticky-section-no elementor-widget elementor-widget-text-editor\" data-id=\"def30c4\" data-element_type=\"widget\" data-widget_type=\"text-editor.default\">\n\t\t\t\t<div class=\"elementor-widget-container\">\n\t\t\t\t\t\t\t\t\t<ul><li><b><i>Silicone implants<\/i><\/b>: In this method, silicone implants are placed under the breast tissue and increase the size and shape of the breasts.<\/li><li><b><i>Autologous fat tissue transfer<\/i><\/b>: In this method; fat tissue taken from the patient's body is transferred to the breasts, increasing the size and shape of the breasts.<\/li><li><b><i>Dermal fillers<\/i><\/b>: In this method, a specific substance is injected into the patient's breasts, thereby reorganizing their size and shape.<\/li><\/ul><p><b>What are the advantages of breast augmentation?<\/b><\/p><ul><li aria-level=\"1\">Improvement in the size and shape of the breasts<\/li><li aria-level=\"1\">Increased self-confidence<\/li><li aria-level=\"1\">Natural and aesthetic appearance<\/li><li aria-level=\"1\">Maintaining breast shape<\/li><\/ul><p><b>What are the disadvantages of breast augmentation?<\/b><\/p><ul><li><a href=\"https:\/\/tr.wikipedia.org\/wiki\/Enfeksiyon_hastal%C4%B1klar%C4%B1#:~:text=Enfeksiyon%20hastal%C4%B1klar%C4%B1%2C%20bula%C5%9F%C4%B1c%C4%B1%20hastal%C4%B1klar%20ve,d%C4%B1%C5%9F%C4%B1nda%20geli%C5%9Fen%20salg%C4%B1nlarla%20m%C3%BCcadele%20eder.\">Infection<\/a>\u00a0risk of<\/li><li>Bleeding<\/li><li aria-level=\"1\">Redness or swelling<\/li><li aria-level=\"1\">Agri<\/li><li aria-level=\"1\">Asymmetry<\/li><li aria-level=\"1\">Implant deterioration<\/li><li aria-level=\"1\">Allergic reactions\u00a0<\/li><li aria-level=\"1\">High cost<\/li><\/ul><p><b><br \/>Where can I go for breast augmentation?<\/b><\/p><p>Our priority in the health sector has always been patient satisfaction and health.\u00a0<b>Health Agents<\/b>We provide services by specialized doctors in an environment equipped with modern technology and the latest medical innovations. We are always at your side to offer you the best service and we are proud of our achievements in the surgical procedures we perform. For this reason\u00a0<b>Health Agents<\/b>\u00a0our doctors, thanks to their expertise and experience, have the same expertise as in all medical procedures.\u00a0<a href=\"https:\/\/tr.wikipedia.org\/wiki\/Meme_b%C3%BCy%C3%BCtme\"><b><i>breast augmentation<\/i><\/b><\/a>\u00a0is also frequently preferred for the process. You can also choose us with confidence.<\/p>\t\t\t\t\t\t\t\t<\/div>\n\t\t\t\t<\/div>\n\t\t\t\t\t<\/div>\n\t\t\t\t<\/div>\n\t\t\t\t<section class=\"elementor-section elementor-top-section elementor-element elementor-element-cfed380 elementor-section-content-middle elementor-section-boxed elementor-section-height-default elementor-section-height-default tp-parallax-no syd-sticky-section-no\" data-id=\"cfed380\" data-element_type=\"section\" data-settings=\"{&quot;background_background&quot;:&quot;classic&quot;,&quot;tp_sticky_sec_effect_enable&quot;:false}\">\n\t\t\t\t\t\t<div class=\"elementor-container elementor-column-gap-default\">\n\t\t\t\t\t<div data-aos=\"\" class=\"elementor-column elementor-col-50 elementor-top-column elementor-element elementor-element-d8fac92 syd-sticky-section-no\" data-id=\"d8fac92\" data-element_type=\"column\" data-settings=\"{&quot;tp_sticky_col_effect_enable&quot;:false}\">\n\t\t\t<div class=\"elementor-widget-wrap elementor-element-populated\">\n\t\t\t\t\t\t<div class=\"elementor-element elementor-element-ea4173f syd-sticky-section-no elementor-widget elementor-widget-heading\" data-id=\"ea4173f\" data-element_type=\"widget\" data-widget_type=\"heading.default\">\n\t\t\t\t<div class=\"elementor-widget-container\">\n\t\t\t\t\t<h2 class=\"elementor-heading-title elementor-size-default\">Do you have questions?<\/h2>\t\t\t\t<\/div>\n\t\t\t\t<\/div>\n\t\t\t\t\t<\/div>\n\t\t<\/div>\n\t\t\t\t<div data-aos=\"\" class=\"elementor-column elementor-col-50 elementor-top-column elementor-element elementor-element-7aa5769 syd-sticky-section-no\" data-id=\"7aa5769\" data-element_type=\"column\" data-settings=\"{&quot;tp_sticky_col_effect_enable&quot;:false}\">\n\t\t\t<div class=\"elementor-widget-wrap elementor-element-populated\">\n\t\t\t\t\t\t<div class=\"elementor-element elementor-element-9c6e3e1 elementor-align-right elementor-mobile-align-center syd-sticky-section-no elementor-widget elementor-widget-button\" data-id=\"9c6e3e1\" data-element_type=\"widget\" data-widget_type=\"button.default\">\n\t\t\t\t<div class=\"elementor-widget-container\">\n\t\t\t\t\t\t\t\t\t<div class=\"elementor-button-wrapper\">\n\t\t\t\t\t<a class=\"elementor-button elementor-button-link elementor-size-sm\" href=\"http:\/\/healthagentsturkey.com\/en\/iletisim\/\">\n\t\t\t\t\t\t<span class=\"elementor-button-content-wrapper\">\n\t\t\t\t\t\t\t\t\t<span class=\"elementor-button-text\">Contact us<\/span>\n\t\t\t\t\t<\/span>\n\t\t\t\t\t<\/a>\n\t\t\t\t<\/div>\n\t\t\t\t\t\t\t\t<\/div>\n\t\t\t\t<\/div>\n\t\t\t\t\t<\/div>\n\t\t<\/div>\n\t\t\t\t\t<\/div>\n\t\t<\/section>\n\t\t\t\t<\/div>","protected":false},"excerpt":{"rendered":"<p>Meme B\u00fcy\u00fctme \u0130\u015flemi Nedir? Meme b\u00fcy\u00fctme i\u015flemi, plastik cerrahi yoluyla meme doku veya implantlar\u0131 kullan\u0131larak memelerin b\u00fcy\u00fct\u00fclmesini ama\u00e7layan bir prosed\u00fcrd\u00fcr. Bu i\u015flem, [&hellip;]<\/p>","protected":false},"author":1,"featured_media":0,"parent":934,"menu_order":0,"comment_status":"closed","ping_status":"closed","template":"elementor_header_footer","meta":{"_eb_attr":"","footnotes":""},"class_list":["post-1905","page","type-page","status-publish","hentry"],"_links":{"self":[{"href":"http:\/\/healthagentsturkey.com\/en\/wp-json\/wp\/v2\/pages\/1905","targetHints":{"allow":["GET"]}}],"collection":[{"href":"http:\/\/healthagentsturkey.com\/en\/wp-json\/wp\/v2\/pages"}],"about":[{"href":"http:\/\/healthagentsturkey.com\/en\/wp-json\/wp\/v2\/types\/page"}],"author":[{"embeddable":true,"href":"http:\/\/healthagentsturkey.com\/en\/wp-json\/wp\/v2\/users\/1"}],"replies":[{"embeddable":true,"href":"http:\/\/healthagentsturkey.com\/en\/wp-json\/wp\/v2\/comments?post=1905"}],"version-history":[{"count":1,"href":"http:\/\/healthagentsturkey.com\/en\/wp-json\/wp\/v2\/pages\/1905\/revisions"}],"predecessor-version":[{"id":4787,"href":"http:\/\/healthagentsturkey.com\/en\/wp-json\/wp\/v2\/pages\/1905\/revisions\/4787"}],"up":[{"embeddable":true,"href":"http:\/\/healthagentsturkey.com\/en\/wp-json\/wp\/v2\/pages\/934"}],"wp:attachment":[{"href":"http:\/\/healthagentsturkey.com\/en\/wp-json\/wp\/v2\/media?parent=1905"}],"curies":[{"name":"wp","href":"https:\/\/api.w.org\/{rel}","templated":true}]}}