{"id":1680,"date":"2023-11-19T22:28:07","date_gmt":"2023-11-19T22:28:07","guid":{"rendered":"https:\/\/healthagentsturkey.com\/?page_id=1680"},"modified":"2026-02-25T10:31:55","modified_gmt":"2026-02-25T07:31:55","slug":"dis-implanti","status":"publish","type":"page","link":"http:\/\/healthagentsturkey.com\/en\/tedavi\/dis\/implant-dis-hekimligi\/dis-implanti\/","title":{"rendered":"Dental Implant"},"content":{"rendered":"<div data-elementor-type=\"wp-page\" data-elementor-id=\"1680\" class=\"elementor elementor-1680\" data-elementor-post-type=\"page\">\n\t\t\t\t\t\t<section class=\"elementor-section elementor-top-section elementor-element elementor-element-eedafb9 elementor-section-content-middle elementor-section-boxed elementor-section-height-default elementor-section-height-default tp-parallax-no syd-sticky-section-no\" data-id=\"eedafb9\" data-element_type=\"section\" data-settings=\"{&quot;tp_sticky_sec_effect_enable&quot;:false}\">\n\t\t\t\t\t\t<div class=\"elementor-container elementor-column-gap-default\">\n\t\t\t\t\t<div data-aos=\"\" class=\"elementor-column elementor-col-50 elementor-top-column elementor-element elementor-element-571508b syd-sticky-section-no\" data-id=\"571508b\" data-element_type=\"column\" data-settings=\"{&quot;tp_sticky_col_effect_enable&quot;:false}\">\n\t\t\t<div class=\"elementor-widget-wrap elementor-element-populated\">\n\t\t\t\t\t\t<div class=\"elementor-element elementor-element-2fc2cb6 syd-sticky-section-no elementor-widget elementor-widget-heading\" data-id=\"2fc2cb6\" data-element_type=\"widget\" data-widget_type=\"heading.default\">\n\t\t\t\t<div class=\"elementor-widget-container\">\n\t\t\t\t\t<h2 class=\"elementor-heading-title elementor-size-default\">What is a Dental Implant?<\/h2>\t\t\t\t<\/div>\n\t\t\t\t<\/div>\n\t\t\t\t<div class=\"elementor-element elementor-element-1cf0f1c elementor-widget__width-initial syd-sticky-section-no elementor-widget elementor-widget-text-editor\" data-id=\"1cf0f1c\" data-element_type=\"widget\" data-widget_type=\"text-editor.default\">\n\t\t\t\t<div class=\"elementor-widget-container\">\n\t\t\t\t\t\t\t\t\t<p><a href=\"https:\/\/tr.wikipedia.org\/wiki\/Di%C5%9F_implant%C4%B1\"><b>Dental implant<\/b><\/a>is a small metal post, usually made of titanium, that is surgically inserted into the jawbone to replace the root of a missing tooth. After the implant is placed, the \"<b>osseointegration<\/b>\", it fuses with the surrounding bone over time, creating a strong and solid foundation for a replacement tooth or dental prosthesis such as a crown, bridge or denture.<\/p><p><a href=\"https:\/\/tr.wikipedia.org\/wiki\/Di%C5%9F_implant%C4%B1\"><b>Dental implant<\/b><\/a>\u00a0It can be used to replace a single missing tooth or several missing teeth and offers several advantages over other tooth replacement options such as dentures or bridges. For example, a dental implant is more robust and durable, does not require the support of neighboring teeth, and can help prevent bone loss and preserve the natural structure of the jaw.<\/p>\t\t\t\t\t\t\t\t<\/div>\n\t\t\t\t<\/div>\n\t\t\t\t\t<\/div>\n\t\t<\/div>\n\t\t\t\t<div data-aos=\"\" class=\"elementor-column elementor-col-50 elementor-top-column elementor-element elementor-element-bc4d4c0 syd-sticky-section-no\" data-id=\"bc4d4c0\" data-element_type=\"column\" data-settings=\"{&quot;tp_sticky_col_effect_enable&quot;:false}\">\n\t\t\t<div class=\"elementor-widget-wrap elementor-element-populated\">\n\t\t\t\t\t\t<div class=\"elementor-element elementor-element-48dd569 syd-sticky-section-no elementor-widget elementor-widget-image\" data-id=\"48dd569\" data-element_type=\"widget\" data-widget_type=\"image.default\">\n\t\t\t\t<div class=\"elementor-widget-container\">\n\t\t\t\t\t\t\t\t\t<\/div>\n\t\t\t\t<\/div>\n\t\t\t\t\t<\/div>\n\t\t<\/div>\n\t\t\t\t\t<\/div>\n\t\t<\/section>\n\t\t<div class=\"elementor-element elementor-element-99fe56d e-flex e-con-boxed syd-sticky-section-no e-con e-parent\" data-id=\"99fe56d\" data-element_type=\"container\">\n\t\t\t\t\t<div class=\"e-con-inner\">\n\t\t\t\t<div class=\"elementor-element elementor-element-def30c4 syd-sticky-section-no elementor-widget elementor-widget-text-editor\" data-id=\"def30c4\" data-element_type=\"widget\" data-widget_type=\"text-editor.default\">\n\t\t\t\t<div class=\"elementor-widget-container\">\n\t\t\t\t\t\t\t\t\t<p><b>What is the best age for dental implants?<\/b><\/p><p><a href=\"https:\/\/tr.wikipedia.org\/wiki\/Di%C5%9F_implant%C4%B1\"><b>Dental implant<\/b><\/a>\u00a0The optimal age depends on several factors, including the individual's general health, the quality and quantity of the jawbone and the extent of tooth loss.<\/p><p>\u00a0<a href=\"https:\/\/tr.wikipedia.org\/wiki\/Di%C5%9F_implant%C4%B1\"><b><i>Dental implant<\/i><\/b><\/a>\u00a0It can be a suitable option for many people of different ages, but the timing and suitability can vary depending on the individual's circumstances.<\/p><p>In general, for children or adolescents whose jaws are still developing, as the jawbone may not be fully mature and stable enough to support the implants\u00a0<a href=\"https:\/\/tr.wikipedia.org\/wiki\/Di%C5%9F_implant%C4%B1\"><b>dental implant<\/b><\/a>\u00a0is not recommended. However, as long as they are in good general health and have sufficient jawbone density and volume to support the implants,\u00a0<a href=\"https:\/\/tr.wikipedia.org\/wiki\/Di%C5%9F_implant%C4%B1\">dental implants<\/a>\u00a0can be a suitable option for adults of all ages. For this, you can perform preliminary examinations with our specialist dentists in our clinic and see if you are suitable for dental implants.<\/p><p><b>Where can I go for dental implants?<\/b><\/p><p><a href=\"https:\/\/tr.wikipedia.org\/wiki\/Sa%C4%9Fl%C4%B1k\">Health<\/a>\u00a0Our priority in the sector has always been patient satisfaction and health.\u00a0<b>Health Agents;<\/b>\u00a0is served by specialized doctors in an environment equipped with modern technology and the latest medical innovations. We are always at your side to offer you the best service and we are proud of our achievements in the surgical procedures we perform. For this reason\u00a0<b>Health Agents<\/b>\u00a0our doctors, thanks to their expertise and experience, have the same expertise as in all medical procedures.\u00a0<a href=\"https:\/\/tr.wikipedia.org\/wiki\/Di%C5%9F_implant%C4%B1\"><b><i>dental implant<\/i><\/b><\/a>\u00a0is also frequently preferred for the process. You can also choose us with confidence.<\/p>\t\t\t\t\t\t\t\t<\/div>\n\t\t\t\t<\/div>\n\t\t\t\t\t<\/div>\n\t\t\t\t<\/div>\n\t\t\t\t<section class=\"elementor-section elementor-top-section elementor-element elementor-element-cfed380 elementor-section-content-middle elementor-section-boxed elementor-section-height-default elementor-section-height-default tp-parallax-no syd-sticky-section-no\" data-id=\"cfed380\" data-element_type=\"section\" data-settings=\"{&quot;background_background&quot;:&quot;classic&quot;,&quot;tp_sticky_sec_effect_enable&quot;:false}\">\n\t\t\t\t\t\t<div class=\"elementor-container elementor-column-gap-default\">\n\t\t\t\t\t<div data-aos=\"\" class=\"elementor-column elementor-col-50 elementor-top-column elementor-element elementor-element-d8fac92 syd-sticky-section-no\" data-id=\"d8fac92\" data-element_type=\"column\" data-settings=\"{&quot;tp_sticky_col_effect_enable&quot;:false}\">\n\t\t\t<div class=\"elementor-widget-wrap elementor-element-populated\">\n\t\t\t\t\t\t<div class=\"elementor-element elementor-element-ea4173f syd-sticky-section-no elementor-widget elementor-widget-heading\" data-id=\"ea4173f\" data-element_type=\"widget\" data-widget_type=\"heading.default\">\n\t\t\t\t<div class=\"elementor-widget-container\">\n\t\t\t\t\t<h2 class=\"elementor-heading-title elementor-size-default\">Do you have questions?<\/h2>\t\t\t\t<\/div>\n\t\t\t\t<\/div>\n\t\t\t\t\t<\/div>\n\t\t<\/div>\n\t\t\t\t<div data-aos=\"\" class=\"elementor-column elementor-col-50 elementor-top-column elementor-element elementor-element-7aa5769 syd-sticky-section-no\" data-id=\"7aa5769\" data-element_type=\"column\" data-settings=\"{&quot;tp_sticky_col_effect_enable&quot;:false}\">\n\t\t\t<div class=\"elementor-widget-wrap elementor-element-populated\">\n\t\t\t\t\t\t<div class=\"elementor-element elementor-element-9c6e3e1 elementor-align-right elementor-mobile-align-center syd-sticky-section-no elementor-widget elementor-widget-button\" data-id=\"9c6e3e1\" data-element_type=\"widget\" data-widget_type=\"button.default\">\n\t\t\t\t<div class=\"elementor-widget-container\">\n\t\t\t\t\t\t\t\t\t<div class=\"elementor-button-wrapper\">\n\t\t\t\t\t<a class=\"elementor-button elementor-button-link elementor-size-sm\" href=\"http:\/\/healthagentsturkey.com\/en\/iletisim\/\">\n\t\t\t\t\t\t<span class=\"elementor-button-content-wrapper\">\n\t\t\t\t\t\t\t\t\t<span class=\"elementor-button-text\">Contact us<\/span>\n\t\t\t\t\t<\/span>\n\t\t\t\t\t<\/a>\n\t\t\t\t<\/div>\n\t\t\t\t\t\t\t\t<\/div>\n\t\t\t\t<\/div>\n\t\t\t\t\t<\/div>\n\t\t<\/div>\n\t\t\t\t\t<\/div>\n\t\t<\/section>\n\t\t\t\t<\/div>","protected":false},"excerpt":{"rendered":"<p>Di\u015f \u0130mplant\u0131 Nedir? Di\u015f implant\u0131 eksik bir di\u015fin k\u00f6k\u00fcn\u00fcn yerini almas\u0131 i\u00e7in \u00e7ene kemi\u011fine cerrahi olarak yerle\u015ftirilen ve genellikle titanyumdan yap\u0131lm\u0131\u015f k\u00fc\u00e7\u00fck [&hellip;]<\/p>","protected":false},"author":1,"featured_media":0,"parent":1620,"menu_order":0,"comment_status":"closed","ping_status":"closed","template":"elementor_header_footer","meta":{"_eb_attr":"","footnotes":""},"class_list":["post-1680","page","type-page","status-publish","hentry"],"_links":{"self":[{"href":"http:\/\/healthagentsturkey.com\/en\/wp-json\/wp\/v2\/pages\/1680","targetHints":{"allow":["GET"]}}],"collection":[{"href":"http:\/\/healthagentsturkey.com\/en\/wp-json\/wp\/v2\/pages"}],"about":[{"href":"http:\/\/healthagentsturkey.com\/en\/wp-json\/wp\/v2\/types\/page"}],"author":[{"embeddable":true,"href":"http:\/\/healthagentsturkey.com\/en\/wp-json\/wp\/v2\/users\/1"}],"replies":[{"embeddable":true,"href":"http:\/\/healthagentsturkey.com\/en\/wp-json\/wp\/v2\/comments?post=1680"}],"version-history":[{"count":1,"href":"http:\/\/healthagentsturkey.com\/en\/wp-json\/wp\/v2\/pages\/1680\/revisions"}],"predecessor-version":[{"id":4775,"href":"http:\/\/healthagentsturkey.com\/en\/wp-json\/wp\/v2\/pages\/1680\/revisions\/4775"}],"up":[{"embeddable":true,"href":"http:\/\/healthagentsturkey.com\/en\/wp-json\/wp\/v2\/pages\/1620"}],"wp:attachment":[{"href":"http:\/\/healthagentsturkey.com\/en\/wp-json\/wp\/v2\/media?parent=1680"}],"curies":[{"name":"wp","href":"https:\/\/api.w.org\/{rel}","templated":true}]}}