{"id":1644,"date":"2023-11-19T20:42:49","date_gmt":"2023-11-19T20:42:49","guid":{"rendered":"https:\/\/healthagentsturkey.com\/?page_id=1644"},"modified":"2026-02-25T10:31:55","modified_gmt":"2026-02-25T07:31:55","slug":"porselen-dis-kaplama","status":"publish","type":"page","link":"http:\/\/healthagentsturkey.com\/en\/tedavi\/dis\/estetik-dis-hekimligi\/porselen-dis-kaplama\/","title":{"rendered":"Porcelain Tooth Veneers"},"content":{"rendered":"<div data-elementor-type=\"wp-page\" data-elementor-id=\"1644\" class=\"elementor elementor-1644\" data-elementor-post-type=\"page\">\n\t\t\t\t\t\t<section class=\"elementor-section elementor-top-section elementor-element elementor-element-eedafb9 elementor-section-content-middle elementor-section-boxed elementor-section-height-default elementor-section-height-default tp-parallax-no syd-sticky-section-no\" data-id=\"eedafb9\" data-element_type=\"section\" data-settings=\"{&quot;tp_sticky_sec_effect_enable&quot;:false}\">\n\t\t\t\t\t\t<div class=\"elementor-container elementor-column-gap-default\">\n\t\t\t\t\t<div data-aos=\"\" class=\"elementor-column elementor-col-50 elementor-top-column elementor-element elementor-element-571508b syd-sticky-section-no\" data-id=\"571508b\" data-element_type=\"column\" data-settings=\"{&quot;tp_sticky_col_effect_enable&quot;:false}\">\n\t\t\t<div class=\"elementor-widget-wrap elementor-element-populated\">\n\t\t\t\t\t\t<div class=\"elementor-element elementor-element-2fc2cb6 syd-sticky-section-no elementor-widget elementor-widget-heading\" data-id=\"2fc2cb6\" data-element_type=\"widget\" data-widget_type=\"heading.default\">\n\t\t\t\t<div class=\"elementor-widget-container\">\n\t\t\t\t\t<h2 class=\"elementor-heading-title elementor-size-default\">Porcelain Tooth Veneers<\/h2>\t\t\t\t<\/div>\n\t\t\t\t<\/div>\n\t\t\t\t<div class=\"elementor-element elementor-element-1cf0f1c syd-sticky-section-no elementor-widget elementor-widget-text-editor\" data-id=\"1cf0f1c\" data-element_type=\"widget\" data-widget_type=\"text-editor.default\">\n\t\t\t\t<div class=\"elementor-widget-container\">\n\t\t\t\t\t\t\t\t\t<p><a href=\"https:\/\/tr.wikipedia.org\/wiki\/Porselen_di%C5%9F\"><b><i>Porcelain tooth<\/i><\/b><\/a><b><i>\u00a0Covering;<\/i><\/b>\u00a0a restorative that covers the outer surface of the tooth and helps to change the appearance, color, shape and size of the tooth\u00a0<a href=\"https:\/\/tr.wikipedia.org\/wiki\/Di%C5%9F_hekimli%C4%9Fi\">dentistry<\/a>\u00a0procedure. In this procedure, the top layer of the tooth is first removed to reduce the size of the tooth and then a porcelain veneer is bonded onto the tooth.<\/p><p><a href=\"https:\/\/tr.wikipedia.org\/wiki\/Porselen_di%C5%9F\"><b><i>Porcelain tooth<\/i><\/b><\/a><b><i>\u00a0coatings<\/i><\/b>porcelain veneers offer a choice of colors similar to the color of natural teeth and preserve the natural light transmission of the teeth, so that the teeth have a more natural and realistic appearance. In addition, porcelain dental veneers are durable and long-lasting, lasting for years with good care.<\/p>\t\t\t\t\t\t\t\t<\/div>\n\t\t\t\t<\/div>\n\t\t\t\t\t<\/div>\n\t\t<\/div>\n\t\t\t\t<div data-aos=\"\" class=\"elementor-column elementor-col-50 elementor-top-column elementor-element elementor-element-bc4d4c0 syd-sticky-section-no\" data-id=\"bc4d4c0\" data-element_type=\"column\" data-settings=\"{&quot;tp_sticky_col_effect_enable&quot;:false}\">\n\t\t\t<div class=\"elementor-widget-wrap elementor-element-populated\">\n\t\t\t\t\t\t<div class=\"elementor-element elementor-element-48dd569 syd-sticky-section-no elementor-widget elementor-widget-image\" data-id=\"48dd569\" data-element_type=\"widget\" data-widget_type=\"image.default\">\n\t\t\t\t<div class=\"elementor-widget-container\">\n\t\t\t\t\t\t\t\t\t<\/div>\n\t\t\t\t<\/div>\n\t\t\t\t\t<\/div>\n\t\t<\/div>\n\t\t\t\t\t<\/div>\n\t\t<\/section>\n\t\t<div class=\"elementor-element elementor-element-99fe56d e-flex e-con-boxed syd-sticky-section-no e-con e-parent\" data-id=\"99fe56d\" data-element_type=\"container\">\n\t\t\t\t\t<div class=\"e-con-inner\">\n\t\t\t\t<div class=\"elementor-element elementor-element-def30c4 syd-sticky-section-no elementor-widget elementor-widget-text-editor\" data-id=\"def30c4\" data-element_type=\"widget\" data-widget_type=\"text-editor.default\">\n\t\t\t\t<div class=\"elementor-widget-container\">\n\t\t\t\t\t\t\t\t\t<p><a href=\"https:\/\/tr.wikipedia.org\/wiki\/Porselen_di%C5%9F\"><b>Porcelain tooth<\/b><\/a>\u00a0veneers are often used to treat cracking, discoloration, wear or\u00a0<a href=\"https:\/\/tr.wikipedia.org\/wiki\/%C3%87%C3%BCr%C3%BCk#:~:text=Di%C5%9F%20%C3%A7%C3%BCr%C3%BC%C4%9F%C3%BC%2C%20bakterilerin%20%C3%BCrettikleri%20asitle,(oyulmu%C5%9F%20bo%C5%9Fluklar)%20meydana%20gelmektedir.\">rotten<\/a>\u00a0It is used to correct cosmetic or aesthetic problems such as<\/p><p><b>How is porcelain tooth veneering done?<\/b><\/p><ul><li aria-level=\"1\"><b><i>Preparation phase<\/i><\/b>: The first stage is preparing the teeth for the procedure. In this stage, the top layer of the tooth is removed, the size of the tooth is reduced and the tooth is shaped. In addition, the dentist chooses a porcelain veneer color that matches the natural color of the tooth and takes an impression of the tooth.<\/li><li aria-level=\"1\"><b><i>Porcelain veneer construction and installation<\/i><\/b>: The impressions are sent to the dental laboratory and specially planned in the laboratory.\u00a0<a href=\"https:\/\/tr.wikipedia.org\/wiki\/Porselen_di%C5%9F\"><b><i>porcelain tooth<\/i><\/b><\/a><b><i>\u00a0coating<\/i><\/b>\u00a0is made. The veneer is then sent back to the dental clinic and bonded to the tooth by the dentist. The porcelain veneer is fixed to the upper surface of the tooth with a special adhesive. Finally, the dentist polishes the edges of the veneer and makes final checks.<\/li><\/ul><p><b><br \/>How can I get rid of yellow teeth?<\/b><\/p><ul><li aria-level=\"1\">Brush your teeth at least twice a day and floss at least once a day to remove plaque and prevent stains from forming.<\/li><li aria-level=\"1\">Avoid foods and drinks that cause stains.<\/li><li aria-level=\"1\">Use whitening toothpaste.<\/li><li aria-level=\"1\">If your teeth are severely stained, you may want to consider professional teeth whitening.<\/li><li aria-level=\"1\">Quit smoking. Quitting smoking can help prevent future stains.<\/li><li aria-level=\"1\"><a href=\"https:\/\/tr.wikipedia.org\/wiki\/Porselen_di%C5%9F\"><b><i>Porcelain tooth<\/i><\/b><\/a><b><i>\u00a0coating<\/i><\/b>\u00a0procedure. With porcelain veneers, you can get rid of your yellow teeth and have a white and healthy smile.<\/li><\/ul><p>Remember, these steps can help improve the appearance of yellow teeth, but you also need to pay attention to oral hygiene to prevent future staining.<\/p><p><b>Where can I go for porcelain veneers?<\/b><\/p><p>Our priority in the health sector has always been patient satisfaction and health.\u00a0<b>Health Agents;<\/b>\u00a0is served by specialized doctors in an environment equipped with modern technology and the latest medical innovations. We are always at your side to offer you the best service and we are proud of our achievements in the surgical procedures we perform. For this reason\u00a0<b>Health Agents<\/b>\u00a0our doctors, thanks to their expertise and experience, have the same expertise as in all medical procedures.\u00a0<a href=\"https:\/\/tr.wikipedia.org\/wiki\/Porselen_di%C5%9F\"><b><i>porcelain tooth<\/i><\/b><\/a><b><i>\u00a0coating<\/i><\/b>\u00a0It is also frequently preferred for its operations. You can also choose us with confidence.<\/p>\t\t\t\t\t\t\t\t<\/div>\n\t\t\t\t<\/div>\n\t\t\t\t\t<\/div>\n\t\t\t\t<\/div>\n\t\t\t\t<section class=\"elementor-section elementor-top-section elementor-element elementor-element-cfed380 elementor-section-content-middle elementor-section-boxed elementor-section-height-default elementor-section-height-default tp-parallax-no syd-sticky-section-no\" data-id=\"cfed380\" data-element_type=\"section\" data-settings=\"{&quot;background_background&quot;:&quot;classic&quot;,&quot;tp_sticky_sec_effect_enable&quot;:false}\">\n\t\t\t\t\t\t<div class=\"elementor-container elementor-column-gap-default\">\n\t\t\t\t\t<div data-aos=\"\" class=\"elementor-column elementor-col-50 elementor-top-column elementor-element elementor-element-d8fac92 syd-sticky-section-no\" data-id=\"d8fac92\" data-element_type=\"column\" data-settings=\"{&quot;tp_sticky_col_effect_enable&quot;:false}\">\n\t\t\t<div class=\"elementor-widget-wrap elementor-element-populated\">\n\t\t\t\t\t\t<div class=\"elementor-element elementor-element-ea4173f syd-sticky-section-no elementor-widget elementor-widget-heading\" data-id=\"ea4173f\" data-element_type=\"widget\" data-widget_type=\"heading.default\">\n\t\t\t\t<div class=\"elementor-widget-container\">\n\t\t\t\t\t<h2 class=\"elementor-heading-title elementor-size-default\">Do you have questions?<\/h2>\t\t\t\t<\/div>\n\t\t\t\t<\/div>\n\t\t\t\t\t<\/div>\n\t\t<\/div>\n\t\t\t\t<div data-aos=\"\" class=\"elementor-column elementor-col-50 elementor-top-column elementor-element elementor-element-7aa5769 syd-sticky-section-no\" data-id=\"7aa5769\" data-element_type=\"column\" data-settings=\"{&quot;tp_sticky_col_effect_enable&quot;:false}\">\n\t\t\t<div class=\"elementor-widget-wrap elementor-element-populated\">\n\t\t\t\t\t\t<div class=\"elementor-element elementor-element-9c6e3e1 elementor-align-right elementor-mobile-align-center syd-sticky-section-no elementor-widget elementor-widget-button\" data-id=\"9c6e3e1\" data-element_type=\"widget\" data-widget_type=\"button.default\">\n\t\t\t\t<div class=\"elementor-widget-container\">\n\t\t\t\t\t\t\t\t\t<div class=\"elementor-button-wrapper\">\n\t\t\t\t\t<a class=\"elementor-button elementor-button-link elementor-size-sm\" href=\"http:\/\/healthagentsturkey.com\/en\/iletisim\/\">\n\t\t\t\t\t\t<span class=\"elementor-button-content-wrapper\">\n\t\t\t\t\t\t\t\t\t<span class=\"elementor-button-text\">Contact us<\/span>\n\t\t\t\t\t<\/span>\n\t\t\t\t\t<\/a>\n\t\t\t\t<\/div>\n\t\t\t\t\t\t\t\t<\/div>\n\t\t\t\t<\/div>\n\t\t\t\t\t<\/div>\n\t\t<\/div>\n\t\t\t\t\t<\/div>\n\t\t<\/section>\n\t\t\t\t<\/div>","protected":false},"excerpt":{"rendered":"<p>Porselen Di\u015f Kaplama Porselen di\u015f\u00a0kaplama\u00a0di\u015fin d\u0131\u015f y\u00fczeyini kaplayan ve di\u015fin g\u00f6r\u00fcn\u00fcm\u00fcn\u00fc, rengini, \u015feklini ve boyutunu de\u011fi\u015ftirmeye yard\u0131mc\u0131 olan bir restoratif\u00a0di\u015f hekimli\u011fi\u00a0i\u015flemidir. Bu [&hellip;]<\/p>","protected":false},"author":1,"featured_media":0,"parent":1618,"menu_order":0,"comment_status":"closed","ping_status":"closed","template":"elementor_header_footer","meta":{"_eb_attr":"","footnotes":""},"class_list":["post-1644","page","type-page","status-publish","hentry"],"_links":{"self":[{"href":"http:\/\/healthagentsturkey.com\/en\/wp-json\/wp\/v2\/pages\/1644","targetHints":{"allow":["GET"]}}],"collection":[{"href":"http:\/\/healthagentsturkey.com\/en\/wp-json\/wp\/v2\/pages"}],"about":[{"href":"http:\/\/healthagentsturkey.com\/en\/wp-json\/wp\/v2\/types\/page"}],"author":[{"embeddable":true,"href":"http:\/\/healthagentsturkey.com\/en\/wp-json\/wp\/v2\/users\/1"}],"replies":[{"embeddable":true,"href":"http:\/\/healthagentsturkey.com\/en\/wp-json\/wp\/v2\/comments?post=1644"}],"version-history":[{"count":1,"href":"http:\/\/healthagentsturkey.com\/en\/wp-json\/wp\/v2\/pages\/1644\/revisions"}],"predecessor-version":[{"id":4770,"href":"http:\/\/healthagentsturkey.com\/en\/wp-json\/wp\/v2\/pages\/1644\/revisions\/4770"}],"up":[{"embeddable":true,"href":"http:\/\/healthagentsturkey.com\/en\/wp-json\/wp\/v2\/pages\/1618"}],"wp:attachment":[{"href":"http:\/\/healthagentsturkey.com\/en\/wp-json\/wp\/v2\/media?parent=1644"}],"curies":[{"name":"wp","href":"https:\/\/api.w.org\/{rel}","templated":true}]}}