{"id":1642,"date":"2023-11-19T20:41:55","date_gmt":"2023-11-19T20:41:55","guid":{"rendered":"https:\/\/healthagentsturkey.com\/?page_id=1642"},"modified":"2026-02-25T10:31:55","modified_gmt":"2026-02-25T07:31:55","slug":"tam-zirkonyum-kronlar","status":"publish","type":"page","link":"http:\/\/healthagentsturkey.com\/en\/tedavi\/dis\/estetik-dis-hekimligi\/tam-zirkonyum-kronlar\/","title":{"rendered":"Full Zirconium Crowns"},"content":{"rendered":"<div data-elementor-type=\"wp-page\" data-elementor-id=\"1642\" class=\"elementor elementor-1642\" data-elementor-post-type=\"page\">\n\t\t\t\t\t\t<section class=\"elementor-section elementor-top-section elementor-element elementor-element-eedafb9 elementor-section-content-middle elementor-section-boxed elementor-section-height-default elementor-section-height-default tp-parallax-no syd-sticky-section-no\" data-id=\"eedafb9\" data-element_type=\"section\" data-settings=\"{&quot;tp_sticky_sec_effect_enable&quot;:false}\">\n\t\t\t\t\t\t<div class=\"elementor-container elementor-column-gap-default\">\n\t\t\t\t\t<div data-aos=\"\" class=\"elementor-column elementor-col-50 elementor-top-column elementor-element elementor-element-571508b syd-sticky-section-no\" data-id=\"571508b\" data-element_type=\"column\" data-settings=\"{&quot;tp_sticky_col_effect_enable&quot;:false}\">\n\t\t\t<div class=\"elementor-widget-wrap elementor-element-populated\">\n\t\t\t\t\t\t<div class=\"elementor-element elementor-element-2fc2cb6 syd-sticky-section-no elementor-widget elementor-widget-heading\" data-id=\"2fc2cb6\" data-element_type=\"widget\" data-widget_type=\"heading.default\">\n\t\t\t\t<div class=\"elementor-widget-container\">\n\t\t\t\t\t<h2 class=\"elementor-heading-title elementor-size-default\">Full Zirconium Crowns<\/h2>\t\t\t\t<\/div>\n\t\t\t\t<\/div>\n\t\t\t\t<div class=\"elementor-element elementor-element-1cf0f1c elementor-widget__width-initial syd-sticky-section-no elementor-widget elementor-widget-text-editor\" data-id=\"1cf0f1c\" data-element_type=\"widget\" data-widget_type=\"text-editor.default\">\n\t\t\t\t<div class=\"elementor-widget-container\">\n\t\t\t\t\t\t\t\t\t<p>A full zirconia crown, also known as a zirconia veneer, is a type of dental crown made entirely of zirconium, a durable and aesthetically pleasing ceramic material. Dental crowns are tooth-shaped veneers that are placed over a damaged or weakened tooth to restore its strength, function and appearance.<\/p>\t\t\t\t\t\t\t\t<\/div>\n\t\t\t\t<\/div>\n\t\t\t\t\t<\/div>\n\t\t<\/div>\n\t\t\t\t<div data-aos=\"\" class=\"elementor-column elementor-col-50 elementor-top-column elementor-element elementor-element-bc4d4c0 syd-sticky-section-no\" data-id=\"bc4d4c0\" data-element_type=\"column\" data-settings=\"{&quot;tp_sticky_col_effect_enable&quot;:false}\">\n\t\t\t<div class=\"elementor-widget-wrap elementor-element-populated\">\n\t\t\t\t\t\t<div class=\"elementor-element elementor-element-48dd569 syd-sticky-section-no elementor-widget elementor-widget-image\" data-id=\"48dd569\" data-element_type=\"widget\" data-widget_type=\"image.default\">\n\t\t\t\t<div class=\"elementor-widget-container\">\n\t\t\t\t\t\t\t\t\t<\/div>\n\t\t\t\t<\/div>\n\t\t\t\t\t<\/div>\n\t\t<\/div>\n\t\t\t\t\t<\/div>\n\t\t<\/section>\n\t\t<div class=\"elementor-element elementor-element-99fe56d e-flex e-con-boxed syd-sticky-section-no e-con e-parent\" data-id=\"99fe56d\" data-element_type=\"container\">\n\t\t\t\t\t<div class=\"e-con-inner\">\n\t\t\t\t<div class=\"elementor-element elementor-element-def30c4 syd-sticky-section-no elementor-widget elementor-widget-text-editor\" data-id=\"def30c4\" data-element_type=\"widget\" data-widget_type=\"text-editor.default\">\n\t\t\t\t<div class=\"elementor-widget-container\">\n\t\t\t\t\t\t\t\t\t<p>Zirconium dioxide, commonly called zirconia, is a white, translucent material with exceptional strength and durability. It is known for its biocompatibility, meaning it is well tolerated by the body and does not cause side effects or allergies. Zirconia crowns have become increasingly popular in dentistry due to their excellent mechanical properties and natural-looking aesthetics.<\/p><p>The process of creating and placing a full zirconium crown typically involves the following steps:<br \/><br \/>1. Preparation of the teeth: The affected tooth is prepared by removing the decayed or damaged parts and reshaping it to fit the crown.<br \/>2. Impression: An impression or digital scan is taken from the prepared tooth, which will serve as a guide for designing the zirconium crown in the dental laboratory.<br \/>3. Crown making: Experienced dental technicians in a dental laboratory use impressions or digital scanning to design and fabricate a zirconia crown. Computer-aided design and computer-aided manufacturing (CAD\/CAM) technology can be used to ensure a precise fit and optimal aesthetics.<br \/>4. Temporary crown: While the zirconium crown is being made, a temporary crown can be placed over the prepared tooth to protect it and maintain its functionality.<br \/>5. Crown placement: When the zirconium crown is ready, the fit, shape and color are tested. Any necessary corrections can be made before it is permanently placed. The tooth is cleaned and the zirconia crown is permanently bonded to the tooth using a dental filling material or bonding agent.<br \/><br \/>The benefits of full zirconium crowns include<br \/><br \/>1. Strength and durability: Zirconia is highly resistant to fractures and wear, making it a long-lasting restoration option.<br \/>2. Aesthetics: Zirconia has a tooth-like transparency that blends seamlessly with natural teeth, resulting in a highly aesthetic restoration.<br \/>3. Biocompatibility: Zirconia is biocompatible, meaning it is well tolerated by the body and does not cause adverse reactions, allergies.<br \/>4. Conservative tooth preparation: Compared to traditional crowns, zirconia crowns usually require minimal abrasion of the tooth structure, further protecting the natural tooth.<br \/>In determining whether a zirconium crown is the appropriate treatment option for your dental condition, it is important to consult a qualified dentist.<\/p>\t\t\t\t\t\t\t\t<\/div>\n\t\t\t\t<\/div>\n\t\t\t\t\t<\/div>\n\t\t\t\t<\/div>\n\t\t\t\t<section class=\"elementor-section elementor-top-section elementor-element elementor-element-cfed380 elementor-section-content-middle elementor-section-boxed elementor-section-height-default elementor-section-height-default tp-parallax-no syd-sticky-section-no\" data-id=\"cfed380\" data-element_type=\"section\" data-settings=\"{&quot;background_background&quot;:&quot;classic&quot;,&quot;tp_sticky_sec_effect_enable&quot;:false}\">\n\t\t\t\t\t\t<div class=\"elementor-container elementor-column-gap-default\">\n\t\t\t\t\t<div data-aos=\"\" class=\"elementor-column elementor-col-50 elementor-top-column elementor-element elementor-element-d8fac92 syd-sticky-section-no\" data-id=\"d8fac92\" data-element_type=\"column\" data-settings=\"{&quot;tp_sticky_col_effect_enable&quot;:false}\">\n\t\t\t<div class=\"elementor-widget-wrap elementor-element-populated\">\n\t\t\t\t\t\t<div class=\"elementor-element elementor-element-ea4173f syd-sticky-section-no elementor-widget elementor-widget-heading\" data-id=\"ea4173f\" data-element_type=\"widget\" data-widget_type=\"heading.default\">\n\t\t\t\t<div class=\"elementor-widget-container\">\n\t\t\t\t\t<h2 class=\"elementor-heading-title elementor-size-default\">Do you have questions?<\/h2>\t\t\t\t<\/div>\n\t\t\t\t<\/div>\n\t\t\t\t\t<\/div>\n\t\t<\/div>\n\t\t\t\t<div data-aos=\"\" class=\"elementor-column elementor-col-50 elementor-top-column elementor-element elementor-element-7aa5769 syd-sticky-section-no\" data-id=\"7aa5769\" data-element_type=\"column\" data-settings=\"{&quot;tp_sticky_col_effect_enable&quot;:false}\">\n\t\t\t<div class=\"elementor-widget-wrap elementor-element-populated\">\n\t\t\t\t\t\t<div class=\"elementor-element elementor-element-9c6e3e1 elementor-align-right elementor-mobile-align-center syd-sticky-section-no elementor-widget elementor-widget-button\" data-id=\"9c6e3e1\" data-element_type=\"widget\" data-widget_type=\"button.default\">\n\t\t\t\t<div class=\"elementor-widget-container\">\n\t\t\t\t\t\t\t\t\t<div class=\"elementor-button-wrapper\">\n\t\t\t\t\t<a class=\"elementor-button elementor-button-link elementor-size-sm\" href=\"http:\/\/healthagentsturkey.com\/en\/iletisim\/\">\n\t\t\t\t\t\t<span class=\"elementor-button-content-wrapper\">\n\t\t\t\t\t\t\t\t\t<span class=\"elementor-button-text\">Contact us<\/span>\n\t\t\t\t\t<\/span>\n\t\t\t\t\t<\/a>\n\t\t\t\t<\/div>\n\t\t\t\t\t\t\t\t<\/div>\n\t\t\t\t<\/div>\n\t\t\t\t\t<\/div>\n\t\t<\/div>\n\t\t\t\t\t<\/div>\n\t\t<\/section>\n\t\t\t\t<\/div>","protected":false},"excerpt":{"rendered":"<p>Tam Zirkonyum Kronlar Zirkonya kaplama olarak da bilinen tam zirkonyum kron, dayan\u0131kl\u0131 ve estetik a\u00e7\u0131dan ho\u015f bir seramik malzeme olan tamamen zirkonyumdan [&hellip;]<\/p>","protected":false},"author":1,"featured_media":0,"parent":1618,"menu_order":0,"comment_status":"closed","ping_status":"closed","template":"elementor_header_footer","meta":{"_eb_attr":"","footnotes":""},"class_list":["post-1642","page","type-page","status-publish","hentry"],"_links":{"self":[{"href":"http:\/\/healthagentsturkey.com\/en\/wp-json\/wp\/v2\/pages\/1642","targetHints":{"allow":["GET"]}}],"collection":[{"href":"http:\/\/healthagentsturkey.com\/en\/wp-json\/wp\/v2\/pages"}],"about":[{"href":"http:\/\/healthagentsturkey.com\/en\/wp-json\/wp\/v2\/types\/page"}],"author":[{"embeddable":true,"href":"http:\/\/healthagentsturkey.com\/en\/wp-json\/wp\/v2\/users\/1"}],"replies":[{"embeddable":true,"href":"http:\/\/healthagentsturkey.com\/en\/wp-json\/wp\/v2\/comments?post=1642"}],"version-history":[{"count":1,"href":"http:\/\/healthagentsturkey.com\/en\/wp-json\/wp\/v2\/pages\/1642\/revisions"}],"predecessor-version":[{"id":4771,"href":"http:\/\/healthagentsturkey.com\/en\/wp-json\/wp\/v2\/pages\/1642\/revisions\/4771"}],"up":[{"embeddable":true,"href":"http:\/\/healthagentsturkey.com\/en\/wp-json\/wp\/v2\/pages\/1618"}],"wp:attachment":[{"href":"http:\/\/healthagentsturkey.com\/en\/wp-json\/wp\/v2\/media?parent=1642"}],"curies":[{"name":"wp","href":"https:\/\/api.w.org\/{rel}","templated":true}]}}