{"id":1622,"date":"2023-11-19T19:50:04","date_gmt":"2023-11-19T19:50:04","guid":{"rendered":"https:\/\/healthagentsturkey.com\/?page_id=1622"},"modified":"2026-02-25T10:31:55","modified_gmt":"2026-02-25T07:31:55","slug":"restoratif-dis-hekimligi","status":"publish","type":"page","link":"http:\/\/healthagentsturkey.com\/en\/tedavi\/dis\/restoratif-dis-hekimligi\/","title":{"rendered":"Restorative Dentistry"},"content":{"rendered":"<div data-elementor-type=\"wp-page\" data-elementor-id=\"1622\" class=\"elementor elementor-1622\" data-elementor-post-type=\"page\">\n\t\t\t\t\t\t<section class=\"elementor-section elementor-top-section elementor-element elementor-element-eedafb9 elementor-section-content-middle elementor-section-boxed elementor-section-height-default elementor-section-height-default tp-parallax-no syd-sticky-section-no\" data-id=\"eedafb9\" data-element_type=\"section\" data-settings=\"{&quot;tp_sticky_sec_effect_enable&quot;:false}\">\n\t\t\t\t\t\t<div class=\"elementor-container elementor-column-gap-default\">\n\t\t\t\t\t<div data-aos=\"\" class=\"elementor-column elementor-col-50 elementor-top-column elementor-element elementor-element-571508b syd-sticky-section-no\" data-id=\"571508b\" data-element_type=\"column\" data-settings=\"{&quot;tp_sticky_col_effect_enable&quot;:false}\">\n\t\t\t<div class=\"elementor-widget-wrap elementor-element-populated\">\n\t\t\t\t\t\t<div class=\"elementor-element elementor-element-2fc2cb6 syd-sticky-section-no elementor-widget elementor-widget-heading\" data-id=\"2fc2cb6\" data-element_type=\"widget\" data-widget_type=\"heading.default\">\n\t\t\t\t<div class=\"elementor-widget-container\">\n\t\t\t\t\t<h2 class=\"elementor-heading-title elementor-size-default\">Restorative Dentistry<\/h2>\t\t\t\t<\/div>\n\t\t\t\t<\/div>\n\t\t\t\t<div class=\"elementor-element elementor-element-1cf0f1c syd-sticky-section-no elementor-widget elementor-widget-text-editor\" data-id=\"1cf0f1c\" data-element_type=\"widget\" data-widget_type=\"text-editor.default\">\n\t\t\t\t<div class=\"elementor-widget-container\">\n\t\t\t\t\t\t\t\t\t<p data-sourcepos=\"1:1-1:35\"><strong>What is Restorative Dentistry?<\/strong><\/p><p data-sourcepos=\"3:1-3:421\">Restorative dentistry is a branch of dentistry that focuses on rebuilding or replacing damaged or missing teeth. This is used to treat tooth decay, tooth fractures, tooth loss and other dental problems. Restorative dentistry is an important part of improving the health and appearance of your teeth and enabling you to enjoy your daily activities such as eating, smiling and speaking.<\/p><p data-sourcepos=\"6:1-6:44\"><strong>What is the purpose of restorative dentistry?<\/strong><\/p><p data-sourcepos=\"8:1-8:275\">The aim of restorative dentistry is to improve the function and aesthetics of teeth. Damaged or missing teeth can make it difficult to eat, speak and smile. Restorative dentistry can help restore these functions by repairing or replacing these teeth.<\/p><p data-sourcepos=\"20:1-20:43\"><strong>How is Restorative Dentistry Done?<\/strong><\/p><p data-sourcepos=\"22:1-22:301\">Restorative dentistry procedures begin with your dentist removing decayed or damaged tissue and then placing a material to fill or cover the cavity. The filling or crown is custom shaped and polished to match the color of your tooth or natural teeth.<\/p><p data-sourcepos=\"24:1-24:41\">\u00a0<\/p>\t\t\t\t\t\t\t\t<\/div>\n\t\t\t\t<\/div>\n\t\t\t\t\t<\/div>\n\t\t<\/div>\n\t\t\t\t<div data-aos=\"\" class=\"elementor-column elementor-col-50 elementor-top-column elementor-element elementor-element-bc4d4c0 syd-sticky-section-no\" data-id=\"bc4d4c0\" data-element_type=\"column\" data-settings=\"{&quot;tp_sticky_col_effect_enable&quot;:false}\">\n\t\t\t<div class=\"elementor-widget-wrap elementor-element-populated\">\n\t\t\t\t\t\t<div class=\"elementor-element elementor-element-48dd569 syd-sticky-section-no elementor-widget elementor-widget-image\" data-id=\"48dd569\" data-element_type=\"widget\" data-widget_type=\"image.default\">\n\t\t\t\t<div class=\"elementor-widget-container\">\n\t\t\t\t\t\t\t\t\t<\/div>\n\t\t\t\t<\/div>\n\t\t\t\t<div class=\"elementor-element elementor-element-513bba3 syd-sticky-section-no elementor-widget elementor-widget-text-editor\" data-id=\"513bba3\" data-element_type=\"widget\" data-widget_type=\"text-editor.default\">\n\t\t\t\t<div class=\"elementor-widget-container\">\n\t\t\t\t\t\t\t\t\t<p data-sourcepos=\"5:1-5:36\"><strong>Types of Restorative Dentistry<\/strong><\/p><p data-sourcepos=\"7:1-7:69\">Restorative dentistry includes various procedures such as<\/p><ul data-sourcepos=\"9:1-19:0\"><li data-sourcepos=\"9:1-10:22\"><strong>Fillers:<\/strong>\u00a0Small, tooth-colored fillings used to repair tooth decay or other damage.<\/li><li data-sourcepos=\"11:1-12:24\"><strong>Coatings<\/strong>\u00a0Larger, tooth-colored veneers used to cover damaged or missing teeth.<\/li><li data-sourcepos=\"13:1-14:20\"><strong>Crowns<\/strong>\u00a0Even larger, tooth-colored veneers used to completely cover and support damaged or missing teeth.<\/li><li data-sourcepos=\"15:1-16:22\"><strong>Bridges<\/strong>\u00a0A set of crowns used to connect two or more missing teeth.<\/li><li data-sourcepos=\"17:1-19:0\"><strong>Prostheses<\/strong>\u00a0Removable dentures used for patients who are missing all or part of their teeth.<\/li><\/ul><p data-sourcepos=\"20:1-20:43\">\u00a0<\/p>\t\t\t\t\t\t\t\t<\/div>\n\t\t\t\t<\/div>\n\t\t\t\t\t<\/div>\n\t\t<\/div>\n\t\t\t\t\t<\/div>\n\t\t<\/section>\n\t\t<div class=\"elementor-element elementor-element-f0780d3 e-flex e-con-boxed syd-sticky-section-no e-con e-parent\" data-id=\"f0780d3\" data-element_type=\"container\">\n\t\t\t\t\t<div class=\"e-con-inner\">\n\t\t\t\t<div class=\"elementor-element elementor-element-0cf0749 syd-sticky-section-no elementor-widget elementor-widget-text-editor\" data-id=\"0cf0749\" data-element_type=\"widget\" data-widget_type=\"text-editor.default\">\n\t\t\t\t<div class=\"elementor-widget-container\">\n\t\t\t\t\t\t\t\t\t<p data-sourcepos=\"24:1-24:41\"><strong>Benefits of Restorative Dentistry<\/strong><\/p><p data-sourcepos=\"26:1-26:425\">Restorative dentistry has many benefits to improve the health and appearance of your teeth. These procedures can help reduce toothache and other discomfort by treating dental problems such as tooth decay or tooth loss. They can also help improve the function and appearance of your teeth, helping you to enjoy your daily activities such as eating, smiling and speaking.<\/p><p data-sourcepos=\"28:1-28:74\"><strong>Why Come to Istanbul, Turkey for Restorative Dentistry?<\/strong><\/p><p data-sourcepos=\"30:1-30:120\">Istanbul, Turkey is a popular medical tourism destination for restorative dentistry. There are several reasons for this:<\/p><ul data-sourcepos=\"32:1-35:0\"><li data-sourcepos=\"32:1-32:82\">Istanbul is home to some of the best dentists in the world.<\/li><li data-sourcepos=\"33:1-33:95\">Dental services in Istanbul are more affordable than in many other parts of the world.<\/li><li data-sourcepos=\"34:1-35:0\">Istanbul is a vibrant and cosmopolitan city with much to offer visitors.<\/li><\/ul><p data-sourcepos=\"36:1-36:239\">If you are considering restorative dentistry in Istanbul, do not hesitate to contact our medical tourism agency. We will be happy to help you find a suitable dentist and plan your dental trip.<\/p>\t\t\t\t\t\t\t\t<\/div>\n\t\t\t\t<\/div>\n\t\t\t\t\t<\/div>\n\t\t\t\t<\/div>\n\t\t\t\t<section class=\"elementor-section elementor-top-section elementor-element elementor-element-cfed380 elementor-section-content-middle elementor-section-boxed elementor-section-height-default elementor-section-height-default tp-parallax-no syd-sticky-section-no\" data-id=\"cfed380\" data-element_type=\"section\" data-settings=\"{&quot;background_background&quot;:&quot;classic&quot;,&quot;tp_sticky_sec_effect_enable&quot;:false}\">\n\t\t\t\t\t\t<div class=\"elementor-container elementor-column-gap-default\">\n\t\t\t\t\t<div data-aos=\"\" class=\"elementor-column elementor-col-50 elementor-top-column elementor-element elementor-element-d8fac92 syd-sticky-section-no\" data-id=\"d8fac92\" data-element_type=\"column\" data-settings=\"{&quot;tp_sticky_col_effect_enable&quot;:false}\">\n\t\t\t<div class=\"elementor-widget-wrap elementor-element-populated\">\n\t\t\t\t\t\t<div class=\"elementor-element elementor-element-ea4173f syd-sticky-section-no elementor-widget elementor-widget-heading\" data-id=\"ea4173f\" data-element_type=\"widget\" data-widget_type=\"heading.default\">\n\t\t\t\t<div class=\"elementor-widget-container\">\n\t\t\t\t\t<h2 class=\"elementor-heading-title elementor-size-default\">Do you have questions?<\/h2>\t\t\t\t<\/div>\n\t\t\t\t<\/div>\n\t\t\t\t\t<\/div>\n\t\t<\/div>\n\t\t\t\t<div data-aos=\"\" class=\"elementor-column elementor-col-50 elementor-top-column elementor-element elementor-element-7aa5769 syd-sticky-section-no\" data-id=\"7aa5769\" data-element_type=\"column\" data-settings=\"{&quot;tp_sticky_col_effect_enable&quot;:false}\">\n\t\t\t<div class=\"elementor-widget-wrap elementor-element-populated\">\n\t\t\t\t\t\t<div class=\"elementor-element elementor-element-9c6e3e1 elementor-align-right elementor-mobile-align-center syd-sticky-section-no elementor-widget elementor-widget-button\" data-id=\"9c6e3e1\" data-element_type=\"widget\" data-widget_type=\"button.default\">\n\t\t\t\t<div class=\"elementor-widget-container\">\n\t\t\t\t\t\t\t\t\t<div class=\"elementor-button-wrapper\">\n\t\t\t\t\t<a class=\"elementor-button elementor-button-link elementor-size-sm\" href=\"http:\/\/healthagentsturkey.com\/en\/iletisim\/\">\n\t\t\t\t\t\t<span class=\"elementor-button-content-wrapper\">\n\t\t\t\t\t\t\t\t\t<span class=\"elementor-button-text\">Contact us<\/span>\n\t\t\t\t\t<\/span>\n\t\t\t\t\t<\/a>\n\t\t\t\t<\/div>\n\t\t\t\t\t\t\t\t<\/div>\n\t\t\t\t<\/div>\n\t\t\t\t\t<\/div>\n\t\t<\/div>\n\t\t\t\t\t<\/div>\n\t\t<\/section>\n\t\t\t\t<\/div>","protected":false},"excerpt":{"rendered":"<p>Restoratif Di\u015f Hekimli\u011fi Restoratif Di\u015f Hekimli\u011fi Nedir? Restoratif di\u015f hekimli\u011fi, hasarl\u0131 veya eksik di\u015fleri yeniden in\u015fa etme veya de\u011fi\u015ftirmeye odaklanan bir di\u015f [&hellip;]<\/p>","protected":false},"author":1,"featured_media":0,"parent":1439,"menu_order":0,"comment_status":"closed","ping_status":"closed","template":"elementor_header_footer","meta":{"_eb_attr":"","footnotes":""},"class_list":["post-1622","page","type-page","status-publish","hentry"],"_links":{"self":[{"href":"http:\/\/healthagentsturkey.com\/en\/wp-json\/wp\/v2\/pages\/1622","targetHints":{"allow":["GET"]}}],"collection":[{"href":"http:\/\/healthagentsturkey.com\/en\/wp-json\/wp\/v2\/pages"}],"about":[{"href":"http:\/\/healthagentsturkey.com\/en\/wp-json\/wp\/v2\/types\/page"}],"author":[{"embeddable":true,"href":"http:\/\/healthagentsturkey.com\/en\/wp-json\/wp\/v2\/users\/1"}],"replies":[{"embeddable":true,"href":"http:\/\/healthagentsturkey.com\/en\/wp-json\/wp\/v2\/comments?post=1622"}],"version-history":[{"count":1,"href":"http:\/\/healthagentsturkey.com\/en\/wp-json\/wp\/v2\/pages\/1622\/revisions"}],"predecessor-version":[{"id":4778,"href":"http:\/\/healthagentsturkey.com\/en\/wp-json\/wp\/v2\/pages\/1622\/revisions\/4778"}],"up":[{"embeddable":true,"href":"http:\/\/healthagentsturkey.com\/en\/wp-json\/wp\/v2\/pages\/1439"}],"wp:attachment":[{"href":"http:\/\/healthagentsturkey.com\/en\/wp-json\/wp\/v2\/media?parent=1622"}],"curies":[{"name":"wp","href":"https:\/\/api.w.org\/{rel}","templated":true}]}}