{"id":1599,"date":"2023-11-18T23:51:19","date_gmt":"2023-11-18T23:51:19","guid":{"rendered":"https:\/\/healthagentsturkey.com\/?page_id=1599"},"modified":"2026-02-25T10:31:57","modified_gmt":"2026-02-25T07:31:57","slug":"kas-ekimi","status":"publish","type":"page","link":"http:\/\/healthagentsturkey.com\/en\/tedavi\/sac-ekimi\/kas-ekimi\/","title":{"rendered":"Eyebrow Transplant"},"content":{"rendered":"<div data-elementor-type=\"wp-page\" data-elementor-id=\"1599\" class=\"elementor elementor-1599\" data-elementor-post-type=\"page\">\n\t\t\t\t\t\t<section class=\"elementor-section elementor-top-section elementor-element elementor-element-eedafb9 elementor-section-content-middle elementor-section-boxed elementor-section-height-default elementor-section-height-default tp-parallax-no syd-sticky-section-no\" data-id=\"eedafb9\" data-element_type=\"section\" data-settings=\"{&quot;tp_sticky_sec_effect_enable&quot;:false}\">\n\t\t\t\t\t\t<div class=\"elementor-container elementor-column-gap-default\">\n\t\t\t\t\t<div data-aos=\"\" class=\"elementor-column elementor-col-50 elementor-top-column elementor-element elementor-element-571508b syd-sticky-section-no\" data-id=\"571508b\" data-element_type=\"column\" data-settings=\"{&quot;tp_sticky_col_effect_enable&quot;:false}\">\n\t\t\t<div class=\"elementor-widget-wrap elementor-element-populated\">\n\t\t\t\t\t\t<div class=\"elementor-element elementor-element-2fc2cb6 syd-sticky-section-no elementor-widget elementor-widget-heading\" data-id=\"2fc2cb6\" data-element_type=\"widget\" data-widget_type=\"heading.default\">\n\t\t\t\t<div class=\"elementor-widget-container\">\n\t\t\t\t\t<h2 class=\"elementor-heading-title elementor-size-default\">What is Eyebrow Transplant?<\/h2>\t\t\t\t<\/div>\n\t\t\t\t<\/div>\n\t\t\t\t<div class=\"elementor-element elementor-element-1cf0f1c elementor-widget__width-initial syd-sticky-section-no elementor-widget elementor-widget-text-editor\" data-id=\"1cf0f1c\" data-element_type=\"widget\" data-widget_type=\"text-editor.default\">\n\t\t\t\t<div class=\"elementor-widget-container\">\n\t\t\t\t\t\t\t\t\t<p><b><i>Eyebrow transplant<\/i><\/b>a fuller and more pronounced\u00a0<a href=\"https:\/\/tr.wikipedia.org\/wiki\/Ka%C5%9F\">eyebrow<\/a>\u00a0A cosmetic procedure in which hair follicles are transplanted from one area of the body (usually the scalp) to the eyebrows to create the look. The procedure is a great treatment for people who naturally have sparse eyebrows, have lost their eyebrows due to injury or a medical condition, or have over-plucked their eyebrows in the past.<\/p><p>During the eyebrow transplant procedure, individual hair follicles are taken from the donor area and carefully transplanted into the eyebrow area. The transplanted hair then grows back and looks like natural eyebrow hair. Procedure\u00a0<a href=\"https:\/\/tr.wikipedia.org\/wiki\/Folik%C3%BCler_%C3%BCnite_nakli\">follicular unit transplantation\u00a0<b><i>(FUT)<\/i><\/b><\/a>\u00a0or\u00a0<a href=\"https:\/\/tr.wikipedia.org\/wiki\/Folik%C3%BCler_%C3%BCnite_ekstraksiyonu\"><b><i>follicular unit extraction (FUE)<\/i><\/b><\/a>\u00a0It can be realized using different techniques such as.<\/p><p>The recovery period is relatively short, with individuals usually able to return to normal activities within a few days after the procedure.\u00a0<b>Eyebrow transplant<\/b>The results can be long-lasting with careful care, and a significant improvement in the appearance of the eyebrows is achieved.<\/p>\t\t\t\t\t\t\t\t<\/div>\n\t\t\t\t<\/div>\n\t\t\t\t\t<\/div>\n\t\t<\/div>\n\t\t\t\t<div data-aos=\"\" class=\"elementor-column elementor-col-50 elementor-top-column elementor-element elementor-element-bc4d4c0 syd-sticky-section-no\" data-id=\"bc4d4c0\" data-element_type=\"column\" data-settings=\"{&quot;tp_sticky_col_effect_enable&quot;:false}\">\n\t\t\t<div class=\"elementor-widget-wrap elementor-element-populated\">\n\t\t\t\t\t\t<div class=\"elementor-element elementor-element-48dd569 syd-sticky-section-no elementor-widget elementor-widget-image\" data-id=\"48dd569\" data-element_type=\"widget\" data-widget_type=\"image.default\">\n\t\t\t\t<div class=\"elementor-widget-container\">\n\t\t\t\t\t\t\t\t\t<\/div>\n\t\t\t\t<\/div>\n\t\t\t\t\t<\/div>\n\t\t<\/div>\n\t\t\t\t\t<\/div>\n\t\t<\/section>\n\t\t<div class=\"elementor-element elementor-element-0260b06 e-flex e-con-boxed syd-sticky-section-no e-con e-parent\" data-id=\"0260b06\" data-element_type=\"container\">\n\t\t\t\t\t<div class=\"e-con-inner\">\n\t\t\t\t<div class=\"elementor-element elementor-element-ebb047d syd-sticky-section-no elementor-widget elementor-widget-text-editor\" data-id=\"ebb047d\" data-element_type=\"widget\" data-widget_type=\"text-editor.default\">\n\t\t\t\t<div class=\"elementor-widget-container\">\n\t\t\t\t\t\t\t\t\t<p><b>Does eyebrow transplant look natural?<\/b><\/p><p>Yes,\u00a0<b><i>eyebrow transplant<\/i><\/b>\u00a0When performed by an experienced doctor and medical team, it can look very natural. The results of the procedure depend on several factors, including the quality and quantity of donor hair, the placement of the transplanted follicles and the overall shape and size of the eyebrows.<\/p><p>To achieve a natural-looking result, the doctor will usually work with the patient to tailor the treatment to the patient's individual facial features and\u00a0<a href=\"https:\/\/tr.wikipedia.org\/wiki\/Estetik\">aesthetics<\/a>\u00a0creates a customized eyebrow design according to their goals. The doctor takes into account factors such as the angle and direction of the eyebrow hairs, the space between the hairs, the overall shape and symmetry of the eyebrows.<\/p><p>After the procedure, the transplanted hair goes through a normal growth cycle, which means that it can take several months for full results to appear. However\u00a0<b>eyebrow transplant<\/b>When the results are fully revealed, it looks just like natural eyebrow hairs.<\/p><p><b>Where can I go for eyebrow transplantation?<\/b><\/p><p>Our priority in the health sector has always been patient satisfaction and health.\u00a0<b>Health Agents;<\/b>\u00a0is served by specialized doctors in an environment equipped with modern technology and the latest medical innovations. We are always at your side to offer you the best service and we are proud of our achievements in the surgical procedures we perform. For this reason\u00a0<b>Health Agents<\/b>\u00a0our doctors, thanks to their expertise and experience, have the same expertise as in all medical procedures.\u00a0<b><i>eyebrow transplant<\/i><\/b>\u00a0It is also frequently preferred for its operations. You can also choose us with confidence.<\/p>\t\t\t\t\t\t\t\t<\/div>\n\t\t\t\t<\/div>\n\t\t\t\t\t<\/div>\n\t\t\t\t<\/div>\n\t\t\t\t<section class=\"elementor-section elementor-top-section elementor-element elementor-element-cfed380 elementor-section-content-middle elementor-section-boxed elementor-section-height-default elementor-section-height-default tp-parallax-no syd-sticky-section-no\" data-id=\"cfed380\" data-element_type=\"section\" data-settings=\"{&quot;background_background&quot;:&quot;classic&quot;,&quot;tp_sticky_sec_effect_enable&quot;:false}\">\n\t\t\t\t\t\t<div class=\"elementor-container elementor-column-gap-default\">\n\t\t\t\t\t<div data-aos=\"\" class=\"elementor-column elementor-col-50 elementor-top-column elementor-element elementor-element-d8fac92 syd-sticky-section-no\" data-id=\"d8fac92\" data-element_type=\"column\" data-settings=\"{&quot;tp_sticky_col_effect_enable&quot;:false}\">\n\t\t\t<div class=\"elementor-widget-wrap elementor-element-populated\">\n\t\t\t\t\t\t<div class=\"elementor-element elementor-element-ea4173f syd-sticky-section-no elementor-widget elementor-widget-heading\" data-id=\"ea4173f\" data-element_type=\"widget\" data-widget_type=\"heading.default\">\n\t\t\t\t<div class=\"elementor-widget-container\">\n\t\t\t\t\t<h2 class=\"elementor-heading-title elementor-size-default\">Do you have questions?<\/h2>\t\t\t\t<\/div>\n\t\t\t\t<\/div>\n\t\t\t\t\t<\/div>\n\t\t<\/div>\n\t\t\t\t<div data-aos=\"\" class=\"elementor-column elementor-col-50 elementor-top-column elementor-element elementor-element-7aa5769 syd-sticky-section-no\" data-id=\"7aa5769\" data-element_type=\"column\" data-settings=\"{&quot;tp_sticky_col_effect_enable&quot;:false}\">\n\t\t\t<div class=\"elementor-widget-wrap elementor-element-populated\">\n\t\t\t\t\t\t<div class=\"elementor-element elementor-element-9c6e3e1 elementor-align-right elementor-mobile-align-center syd-sticky-section-no elementor-widget elementor-widget-button\" data-id=\"9c6e3e1\" data-element_type=\"widget\" data-widget_type=\"button.default\">\n\t\t\t\t<div class=\"elementor-widget-container\">\n\t\t\t\t\t\t\t\t\t<div class=\"elementor-button-wrapper\">\n\t\t\t\t\t<a class=\"elementor-button elementor-button-link elementor-size-sm\" href=\"http:\/\/healthagentsturkey.com\/en\/iletisim\/\">\n\t\t\t\t\t\t<span class=\"elementor-button-content-wrapper\">\n\t\t\t\t\t\t\t\t\t<span class=\"elementor-button-text\">Contact us<\/span>\n\t\t\t\t\t<\/span>\n\t\t\t\t\t<\/a>\n\t\t\t\t<\/div>\n\t\t\t\t\t\t\t\t<\/div>\n\t\t\t\t<\/div>\n\t\t\t\t\t<\/div>\n\t\t<\/div>\n\t\t\t\t\t<\/div>\n\t\t<\/section>\n\t\t\t\t<\/div>","protected":false},"excerpt":{"rendered":"<p>Ka\u015f Ekimi Nedir? Ka\u015f ekimi, daha dolgun ve belirgin bir\u00a0ka\u015f\u00a0g\u00f6r\u00fcn\u00fcm\u00fc olu\u015fturmak i\u00e7in sa\u00e7 k\u00f6klerinin v\u00fccudun bir b\u00f6lgesinden (genellikle kafa derisinden) ka\u015flara nakledildi\u011fi [&hellip;]<\/p>","protected":false},"author":1,"featured_media":0,"parent":1407,"menu_order":0,"comment_status":"closed","ping_status":"closed","template":"elementor_header_footer","meta":{"_eb_attr":"","footnotes":""},"class_list":["post-1599","page","type-page","status-publish","hentry"],"_links":{"self":[{"href":"http:\/\/healthagentsturkey.com\/en\/wp-json\/wp\/v2\/pages\/1599","targetHints":{"allow":["GET"]}}],"collection":[{"href":"http:\/\/healthagentsturkey.com\/en\/wp-json\/wp\/v2\/pages"}],"about":[{"href":"http:\/\/healthagentsturkey.com\/en\/wp-json\/wp\/v2\/types\/page"}],"author":[{"embeddable":true,"href":"http:\/\/healthagentsturkey.com\/en\/wp-json\/wp\/v2\/users\/1"}],"replies":[{"embeddable":true,"href":"http:\/\/healthagentsturkey.com\/en\/wp-json\/wp\/v2\/comments?post=1599"}],"version-history":[{"count":1,"href":"http:\/\/healthagentsturkey.com\/en\/wp-json\/wp\/v2\/pages\/1599\/revisions"}],"predecessor-version":[{"id":4801,"href":"http:\/\/healthagentsturkey.com\/en\/wp-json\/wp\/v2\/pages\/1599\/revisions\/4801"}],"up":[{"embeddable":true,"href":"http:\/\/healthagentsturkey.com\/en\/wp-json\/wp\/v2\/pages\/1407"}],"wp:attachment":[{"href":"http:\/\/healthagentsturkey.com\/en\/wp-json\/wp\/v2\/media?parent=1599"}],"curies":[{"name":"wp","href":"https:\/\/api.w.org\/{rel}","templated":true}]}}