{"id":1592,"date":"2023-11-18T23:42:47","date_gmt":"2023-11-18T23:42:47","guid":{"rendered":"https:\/\/healthagentsturkey.com\/?page_id=1592"},"modified":"2026-02-25T10:31:57","modified_gmt":"2026-02-25T07:31:57","slug":"sakal-ekimi","status":"publish","type":"page","link":"http:\/\/healthagentsturkey.com\/en\/tedavi\/sac-ekimi\/sakal-ekimi\/","title":{"rendered":"Beard Transplant"},"content":{"rendered":"<div data-elementor-type=\"wp-page\" data-elementor-id=\"1592\" class=\"elementor elementor-1592\" data-elementor-post-type=\"page\">\n\t\t\t\t\t\t<section class=\"elementor-section elementor-top-section elementor-element elementor-element-eedafb9 elementor-section-content-middle elementor-section-boxed elementor-section-height-default elementor-section-height-default tp-parallax-no syd-sticky-section-no\" data-id=\"eedafb9\" data-element_type=\"section\" data-settings=\"{&quot;tp_sticky_sec_effect_enable&quot;:false}\">\n\t\t\t\t\t\t<div class=\"elementor-container elementor-column-gap-default\">\n\t\t\t\t\t<div data-aos=\"\" class=\"elementor-column elementor-col-50 elementor-top-column elementor-element elementor-element-571508b syd-sticky-section-no\" data-id=\"571508b\" data-element_type=\"column\" data-settings=\"{&quot;tp_sticky_col_effect_enable&quot;:false}\">\n\t\t\t<div class=\"elementor-widget-wrap elementor-element-populated\">\n\t\t\t\t\t\t<div class=\"elementor-element elementor-element-2fc2cb6 syd-sticky-section-no elementor-widget elementor-widget-heading\" data-id=\"2fc2cb6\" data-element_type=\"widget\" data-widget_type=\"heading.default\">\n\t\t\t\t<div class=\"elementor-widget-container\">\n\t\t\t\t\t<h2 class=\"elementor-heading-title elementor-size-default\">What is Beard Transplantation?<\/h2>\t\t\t\t<\/div>\n\t\t\t\t<\/div>\n\t\t\t\t<div class=\"elementor-element elementor-element-1cf0f1c elementor-widget__width-initial syd-sticky-section-no elementor-widget elementor-widget-text-editor\" data-id=\"1cf0f1c\" data-element_type=\"widget\" data-widget_type=\"text-editor.default\">\n\t\t\t\t<div class=\"elementor-widget-container\">\n\t\t\t\t\t\t\t\t\t<p>Beard transplantation; sparse, weak or not growing in the face area\u00a0<a href=\"https:\/\/tr.wikipedia.org\/wiki\/Sakal\">Beard<\/a>\u00a0is a plastic surgery procedure that aims to permanently fill the hair. Beard transplantation; It can help to improve the shape of the person's facial features and chin, and to have a denser and fuller beard structure.<\/p><p><b>How is beard transplantation done?<\/b><\/p><p>Beard transplantation,\u00a0<a href=\"https:\/\/tr.wikipedia.org\/wiki\/Folik%C3%BCler_%C3%BCnite_ekstraksiyonu\">follicular unit extraction (FUE)<\/a>\u00a0is carried out using a method called\u00a0<a href=\"https:\/\/tr.wikipedia.org\/wiki\/Folik%C3%BCler_%C3%BCnite_ekstraksiyonu\">FUE method<\/a>involves removing individual hair follicles and placing them in the beard area. During the procedure, first, the hair follicles are removed from the donor area (usually the nape of the neck) and then the follicles are placed one by one in the beard area.<\/p><p>Beard transplantation is usually performed under local anesthesia and takes between 4-8 hours. The duration of the procedure may vary depending on the number and area of the beard to be transplanted. When the healing process is completed, the beard appearance is natural and suitable for the facial features of the person. The results are fully visible in about 6-12 months.<\/p>\t\t\t\t\t\t\t\t<\/div>\n\t\t\t\t<\/div>\n\t\t\t\t\t<\/div>\n\t\t<\/div>\n\t\t\t\t<div data-aos=\"\" class=\"elementor-column elementor-col-50 elementor-top-column elementor-element elementor-element-bc4d4c0 syd-sticky-section-no\" data-id=\"bc4d4c0\" data-element_type=\"column\" data-settings=\"{&quot;tp_sticky_col_effect_enable&quot;:false}\">\n\t\t\t<div class=\"elementor-widget-wrap elementor-element-populated\">\n\t\t\t\t\t\t<div class=\"elementor-element elementor-element-48dd569 syd-sticky-section-no elementor-widget elementor-widget-image\" data-id=\"48dd569\" data-element_type=\"widget\" data-widget_type=\"image.default\">\n\t\t\t\t<div class=\"elementor-widget-container\">\n\t\t\t\t\t\t\t\t\t<\/div>\n\t\t\t\t<\/div>\n\t\t\t\t\t<\/div>\n\t\t<\/div>\n\t\t\t\t\t<\/div>\n\t\t<\/section>\n\t\t<div class=\"elementor-element elementor-element-0260b06 e-flex e-con-boxed syd-sticky-section-no e-con e-parent\" data-id=\"0260b06\" data-element_type=\"container\">\n\t\t\t\t\t<div class=\"e-con-inner\">\n\t\t\t\t<div class=\"elementor-element elementor-element-ebb047d syd-sticky-section-no elementor-widget elementor-widget-text-editor\" data-id=\"ebb047d\" data-element_type=\"widget\" data-widget_type=\"text-editor.default\">\n\t\t\t\t<div class=\"elementor-widget-container\">\n\t\t\t\t\t\t\t\t\t<p><b>What are the advantages of beard transplantation?<\/b><\/p><ul><li aria-level=\"1\">Beard transplantation improves the facial contours of the person and clarifies the shape of the chin.<\/li><li aria-level=\"1\">Beard transplantation helps the person to feel better by eliminating the deficiencies on the face.<\/li><li aria-level=\"1\"><a href=\"https:\/\/tr.wikipedia.org\/wiki\/Sakal\">Beard<\/a>\u00a0corrects the sparseness in its area.<\/li><li aria-level=\"1\">Beard transplantation is a procedure that provides permanent results. The transplanted hair follicles grow naturally and last a lifetime as long as regular beard care is practiced.<\/li><li aria-level=\"1\">In the post-procedure period, pain is usually not felt, and if it is felt, this pain is temporary.<\/li><\/ul><p><b>What are the disadvantages of beard transplantation?<\/b><\/p><ul><li aria-level=\"1\">Swelling and redness after the procedure<\/li><li aria-level=\"1\">Crusting and itching<\/li><li aria-level=\"1\">In the process area\u00a0<a href=\"https:\/\/tr.wikipedia.org\/wiki\/Enfeksiyon_hastal%C4%B1klar%C4%B1#:~:text=Enfeksiyon%20hastal%C4%B1klar%C4%B1%2C%20bula%C5%9F%C4%B1c%C4%B1%20hastal%C4%B1klar%20ve,d%C4%B1%C5%9F%C4%B1nda%20geli%C5%9Fen%20salg%C4%B1nlarla%20m%C3%BCcadele%20eder.\">infection<\/a>\u00a0risk of<\/li><li aria-level=\"1\">Hair loss<\/li><li aria-level=\"1\">High cost<\/li><\/ul><p><b><br \/>Where can I go for a beard transplant?<\/b><\/p><p>Our priority in the health sector has always been patient satisfaction and health.\u00a0<b>Health Agents;<\/b>\u00a0is served by specialized doctors in an environment equipped with modern technology and the latest medical innovations. We are always at your side to offer you the best service and we are proud of our achievements in the surgical procedures we perform. For this reason\u00a0<b>Health Agents<\/b>\u00a0our doctors, thanks to their expertise and experience, have the same expertise as in all medical procedures.\u00a0<b><i>beard transplant<\/i><\/b>\u00a0is also frequently preferred for the process. You can also choose us with confidence.<\/p>\t\t\t\t\t\t\t\t<\/div>\n\t\t\t\t<\/div>\n\t\t\t\t\t<\/div>\n\t\t\t\t<\/div>\n\t\t\t\t<section class=\"elementor-section elementor-top-section elementor-element elementor-element-cfed380 elementor-section-content-middle elementor-section-boxed elementor-section-height-default elementor-section-height-default tp-parallax-no syd-sticky-section-no\" data-id=\"cfed380\" data-element_type=\"section\" data-settings=\"{&quot;background_background&quot;:&quot;classic&quot;,&quot;tp_sticky_sec_effect_enable&quot;:false}\">\n\t\t\t\t\t\t<div class=\"elementor-container elementor-column-gap-default\">\n\t\t\t\t\t<div data-aos=\"\" class=\"elementor-column elementor-col-50 elementor-top-column elementor-element elementor-element-d8fac92 syd-sticky-section-no\" data-id=\"d8fac92\" data-element_type=\"column\" data-settings=\"{&quot;tp_sticky_col_effect_enable&quot;:false}\">\n\t\t\t<div class=\"elementor-widget-wrap elementor-element-populated\">\n\t\t\t\t\t\t<div class=\"elementor-element elementor-element-ea4173f syd-sticky-section-no elementor-widget elementor-widget-heading\" data-id=\"ea4173f\" data-element_type=\"widget\" data-widget_type=\"heading.default\">\n\t\t\t\t<div class=\"elementor-widget-container\">\n\t\t\t\t\t<h2 class=\"elementor-heading-title elementor-size-default\">Do you have questions?<\/h2>\t\t\t\t<\/div>\n\t\t\t\t<\/div>\n\t\t\t\t\t<\/div>\n\t\t<\/div>\n\t\t\t\t<div data-aos=\"\" class=\"elementor-column elementor-col-50 elementor-top-column elementor-element elementor-element-7aa5769 syd-sticky-section-no\" data-id=\"7aa5769\" data-element_type=\"column\" data-settings=\"{&quot;tp_sticky_col_effect_enable&quot;:false}\">\n\t\t\t<div class=\"elementor-widget-wrap elementor-element-populated\">\n\t\t\t\t\t\t<div class=\"elementor-element elementor-element-9c6e3e1 elementor-align-right elementor-mobile-align-center syd-sticky-section-no elementor-widget elementor-widget-button\" data-id=\"9c6e3e1\" data-element_type=\"widget\" data-widget_type=\"button.default\">\n\t\t\t\t<div class=\"elementor-widget-container\">\n\t\t\t\t\t\t\t\t\t<div class=\"elementor-button-wrapper\">\n\t\t\t\t\t<a class=\"elementor-button elementor-button-link elementor-size-sm\" href=\"http:\/\/healthagentsturkey.com\/en\/iletisim\/\">\n\t\t\t\t\t\t<span class=\"elementor-button-content-wrapper\">\n\t\t\t\t\t\t\t\t\t<span class=\"elementor-button-text\">Contact us<\/span>\n\t\t\t\t\t<\/span>\n\t\t\t\t\t<\/a>\n\t\t\t\t<\/div>\n\t\t\t\t\t\t\t\t<\/div>\n\t\t\t\t<\/div>\n\t\t\t\t\t<\/div>\n\t\t<\/div>\n\t\t\t\t\t<\/div>\n\t\t<\/section>\n\t\t\t\t<\/div>","protected":false},"excerpt":{"rendered":"<p>Sakal Ekimi Nedir? Sakal ekimi y\u00fcz b\u00f6lgesinde seyrek, zay\u0131f veya \u00e7\u0131kmayan\u00a0sakal\u00a0t\u00fcylerini kal\u0131c\u0131 olarak doldurmay\u0131 ama\u00e7layan bir estetik cerrahi i\u015flemidir. Sakal ekimi ki\u015finin [&hellip;]<\/p>","protected":false},"author":1,"featured_media":0,"parent":1407,"menu_order":0,"comment_status":"closed","ping_status":"closed","template":"elementor_header_footer","meta":{"_eb_attr":"","footnotes":""},"class_list":["post-1592","page","type-page","status-publish","hentry"],"_links":{"self":[{"href":"http:\/\/healthagentsturkey.com\/en\/wp-json\/wp\/v2\/pages\/1592","targetHints":{"allow":["GET"]}}],"collection":[{"href":"http:\/\/healthagentsturkey.com\/en\/wp-json\/wp\/v2\/pages"}],"about":[{"href":"http:\/\/healthagentsturkey.com\/en\/wp-json\/wp\/v2\/types\/page"}],"author":[{"embeddable":true,"href":"http:\/\/healthagentsturkey.com\/en\/wp-json\/wp\/v2\/users\/1"}],"replies":[{"embeddable":true,"href":"http:\/\/healthagentsturkey.com\/en\/wp-json\/wp\/v2\/comments?post=1592"}],"version-history":[{"count":1,"href":"http:\/\/healthagentsturkey.com\/en\/wp-json\/wp\/v2\/pages\/1592\/revisions"}],"predecessor-version":[{"id":4805,"href":"http:\/\/healthagentsturkey.com\/en\/wp-json\/wp\/v2\/pages\/1592\/revisions\/4805"}],"up":[{"embeddable":true,"href":"http:\/\/healthagentsturkey.com\/en\/wp-json\/wp\/v2\/pages\/1407"}],"wp:attachment":[{"href":"http:\/\/healthagentsturkey.com\/en\/wp-json\/wp\/v2\/media?parent=1592"}],"curies":[{"name":"wp","href":"https:\/\/api.w.org\/{rel}","templated":true}]}}