{"id":905,"date":"2023-11-12T08:49:17","date_gmt":"2023-11-12T08:49:17","guid":{"rendered":"https:\/\/healthagentsturkey.com\/?page_id=905"},"modified":"2023-12-23T14:40:08","modified_gmt":"2023-12-23T11:40:08","slug":"tibbi","status":"publish","type":"page","link":"http:\/\/healthagentsturkey.com\/ar\/hizmetler\/tibbi\/","title":{"rendered":"\u0627\u0644\u062e\u062f\u0645\u0627\u062a \u0627\u0644\u0637\u0628\u064a\u0629"},"content":{"rendered":"<div data-elementor-type=\"wp-page\" data-elementor-id=\"905\" class=\"elementor elementor-905\" data-elementor-post-type=\"page\">\n\t\t\t\t\t\t<section class=\"elementor-section elementor-top-section elementor-element elementor-element-eedafb9 elementor-section-content-middle elementor-section-boxed elementor-section-height-default elementor-section-height-default tp-parallax-no syd-sticky-section-no\" data-id=\"eedafb9\" data-element_type=\"section\" data-settings=\"{&quot;tp_sticky_sec_effect_enable&quot;:false}\">\n\t\t\t\t\t\t<div class=\"elementor-container elementor-column-gap-default\">\n\t\t\t\t\t<div data-aos=\"\" class=\"elementor-column elementor-col-50 elementor-top-column elementor-element elementor-element-571508b syd-sticky-section-no\" data-id=\"571508b\" data-element_type=\"column\" data-settings=\"{&quot;tp_sticky_col_effect_enable&quot;:false}\">\n\t\t\t<div class=\"elementor-widget-wrap elementor-element-populated\">\n\t\t\t\t\t\t<div class=\"elementor-element elementor-element-2fc2cb6 syd-sticky-section-no elementor-widget elementor-widget-heading\" data-id=\"2fc2cb6\" data-element_type=\"widget\" data-widget_type=\"heading.default\">\n\t\t\t\t<div class=\"elementor-widget-container\">\n\t\t\t\t\t<h2 class=\"elementor-heading-title elementor-size-default\">\u0627\u0644\u062e\u062f\u0645\u0627\u062a \u0627\u0644\u0637\u0628\u064a\u0629<\/h2>\t\t\t\t<\/div>\n\t\t\t\t<\/div>\n\t\t\t\t<div class=\"elementor-element elementor-element-1cf0f1c syd-sticky-section-no elementor-widget elementor-widget-text-editor\" data-id=\"1cf0f1c\" data-element_type=\"widget\" data-widget_type=\"text-editor.default\">\n\t\t\t\t<div class=\"elementor-widget-container\">\n\t\t\t\t\t\t\t\t\t<p><strong>\u0627\u0644\u062e\u062f\u0645\u0627\u062a \u0627\u0644\u0637\u0628\u064a\u0629<\/strong>\u0647\u0648 \u0642\u0637\u0627\u0639 \u0634\u0627\u0645\u0644 \u064a\u063a\u0637\u064a \u0645\u062c\u0645\u0648\u0639\u0629 \u0648\u0627\u0633\u0639\u0629 \u0645\u0646 \u0627\u0644\u062e\u062f\u0645\u0627\u062a \u0644\u0645\u062c\u0645\u0648\u0639\u0629 \u0643\u0628\u064a\u0631\u0629 \u0645\u0646 \u0627\u0644\u0645\u0634\u0627\u0643\u0644 \u0627\u0644\u0635\u062d\u064a\u0629. \u064a\u0642\u062f\u0645 \u0627\u0644\u0645\u0647\u0646\u064a\u0648\u0646 \u0627\u0644\u0635\u062d\u064a\u0648\u0646 \u0627\u0644\u0639\u0627\u0645\u0644\u0648\u0646 \u0641\u064a \u0647\u0630\u0627 \u0627\u0644\u0645\u062c\u0627\u0644 \u062e\u062f\u0645\u0627\u062a \u0641\u064a \u0645\u062e\u062a\u0644\u0641 \u0627\u0644\u0645\u062c\u0627\u0644\u0627\u062a \u0645\u062b\u0644 \u062e\u062f\u0645\u0627\u062a \u0627\u0644\u0635\u062d\u0629 \u0627\u0644\u0639\u0627\u0645\u0629 \u0648\u0627\u0644\u0641\u0631\u0648\u0639 \u0627\u0644\u062a\u062e\u0635\u0635\u064a\u0629 \u0648\u0627\u0644\u062a\u062f\u062e\u0644\u0627\u062a \u0627\u0644\u062c\u0631\u0627\u062d\u064a\u0629. \u062a\u0647\u062f\u0641 \u062e\u062f\u0645\u0627\u062a \u0627\u0644\u0635\u062d\u0629 \u0627\u0644\u0639\u0627\u0645\u0629 \u0645\u062b\u0644 \u0637\u0628 \u0627\u0644\u0623\u0633\u0631\u0629 \u0648\u0627\u0644\u0637\u0628 \u0627\u0644\u0628\u0627\u0637\u0646\u064a \u0648\u0637\u0628 \u0627\u0644\u0623\u0637\u0641\u0627\u0644 \u0648\u0623\u0645\u0631\u0627\u0636 \u0627\u0644\u0646\u0633\u0627\u0621 \u0648\u062c\u0631\u0627\u062d\u0629 \u0627\u0644\u0639\u0638\u0627\u0645 \u0625\u0644\u0649 \u062d\u0645\u0627\u064a\u0629 \u0627\u0644\u0635\u062d\u0629 \u0627\u0644\u0639\u0627\u0645\u0629 \u0644\u0644\u0623\u0641\u0631\u0627\u062f \u0648\u062a\u062d\u0633\u064a\u0646\u0647\u0627. \u062a\u0634\u0645\u0644 \u0627\u0644\u062a\u062e\u0635\u0635\u0627\u062a \u0623\u0645\u0631\u0627\u0636 \u0627\u0644\u0642\u0644\u0628 \u0648\u0637\u0628 \u0627\u0644\u0623\u0639\u0635\u0627\u0628 \u0648\u0637\u0628 \u0627\u0644\u0623\u0648\u0631\u0627\u0645 \u0648\u0627\u0644\u0623\u0645\u0631\u0627\u0636 \u0627\u0644\u062c\u0644\u062f\u064a\u0629 \u0648\u0627\u0644\u0623\u0645\u0631\u0627\u0636 \u0627\u0644\u062c\u0644\u062f\u064a\u0629 \u0648\u0627\u0644\u0623\u0648\u0631\u0627\u0645 \u0648\u0627\u0644\u0623\u0639\u0635\u0627\u0628\u060c \u0648\u0627\u0644\u062a\u064a \u062a\u0631\u0643\u0632 \u0639\u0644\u0649 \u0645\u0634\u0627\u0643\u0644 \u0635\u062d\u064a\u0629 \u0645\u062d\u062f\u062f\u0629 \u0648\u062a\u0648\u0641\u0631 \u0639\u0644\u0627\u062c\u0627\u064b \u0645\u062a\u062e\u0635\u0635\u0627\u064b \u0648\u062a\u062f\u0628\u064a\u0631\u0627\u064b \u0645\u062a\u062e\u0635\u0635\u0627\u064b. \u064a\u062a\u0645 \u0625\u062c\u0631\u0627\u0621 \u0627\u0644\u062a\u062f\u062e\u0644\u0627\u062a \u0627\u0644\u062c\u0631\u0627\u062d\u064a\u0629 \u0641\u064a \u0645\u062c\u0627\u0644\u0627\u062a \u0645\u062b\u0644 \u062c\u0631\u0627\u062d\u0629 \u0627\u0644\u0639\u0638\u0627\u0645 \u0648\u062c\u0631\u0627\u062d\u0629 \u0627\u0644\u0642\u0644\u0628 \u0648\u062c\u0631\u0627\u062d\u0629 \u0627\u0644\u0623\u0639\u0635\u0627\u0628 \u0648\u062a\u0634\u0645\u0644 \u0639\u0644\u0627\u062c \u0627\u0644\u0645\u0634\u0627\u0643\u0644 \u0627\u0644\u0635\u062d\u064a\u0629 \u0627\u0644\u0645\u062e\u062a\u0644\u0641\u0629 \u0628\u0627\u0644\u0637\u0631\u0642 \u0627\u0644\u062c\u0631\u0627\u062d\u064a\u0629. \u0648\u0628\u0627\u0644\u0625\u0636\u0627\u0641\u0629 \u0625\u0644\u0649 \u0630\u0644\u0643\u060c \u0648\u0643\u062c\u0632\u0621 \u0645\u0646 \u0627\u0644\u0637\u0628 \u0627\u0644\u062d\u062f\u064a\u062b\u060c \u062a\u064f\u0639\u062f \u0627\u0644\u062e\u062f\u0645\u0627\u062a \u0627\u0644\u062f\u0627\u0639\u0645\u0629 \u0645\u062b\u0644 \u0627\u0644\u062a\u0635\u0648\u064a\u0631 \u0627\u0644\u062a\u0634\u062e\u064a\u0635\u064a \u0648\u0627\u0644\u0641\u062d\u0648\u0635\u0627\u062a \u0627\u0644\u0645\u062e\u0628\u0631\u064a\u0629 \u0648\u062e\u062f\u0645\u0627\u062a \u0625\u0639\u0627\u062f\u0629 \u0627\u0644\u062a\u0623\u0647\u064a\u0644 \u062c\u0632\u0621\u0627\u064b \u0644\u0627 \u064a\u062a\u062c\u0632\u0623 \u0645\u0646 \u0627\u0644\u062e\u062f\u0645\u0627\u062a \u0627\u0644\u0637\u0628\u064a\u0629. \u062a\u0647\u062f\u0641 \u0627\u0644\u062e\u062f\u0645\u0627\u062a \u0627\u0644\u0637\u0628\u064a\u0629 \u0625\u0644\u0649 \u062a\u062d\u0633\u064a\u0646 \u0627\u0644\u0635\u062d\u0629 \u0627\u0644\u0639\u0627\u0645\u0629 \u0648\u062c\u0648\u062f\u0629 \u0627\u0644\u062d\u064a\u0627\u0629 \u0645\u0646 \u062e\u0644\u0627\u0644 \u062a\u0648\u0641\u064a\u0631 \u0646\u0647\u062c \u0634\u0627\u0645\u0644 \u0644\u0627\u062d\u062a\u064a\u0627\u062c\u0627\u062a \u0627\u0644\u0645\u0631\u0636\u0649 \u0627\u0644\u0635\u062d\u064a\u0629.<\/p>\t\t\t\t\t\t\t\t<\/div>\n\t\t\t\t<\/div>\n\t\t\t\t\t<\/div>\n\t\t<\/div>\n\t\t\t\t<div data-aos=\"\" class=\"elementor-column elementor-col-50 elementor-top-column elementor-element elementor-element-bc4d4c0 syd-sticky-section-no\" data-id=\"bc4d4c0\" data-element_type=\"column\" data-settings=\"{&quot;tp_sticky_col_effect_enable&quot;:false}\">\n\t\t\t<div class=\"elementor-widget-wrap elementor-element-populated\">\n\t\t\t\t\t\t<div class=\"elementor-element elementor-element-48dd569 syd-sticky-section-no elementor-widget elementor-widget-image\" data-id=\"48dd569\" data-element_type=\"widget\" data-widget_type=\"image.default\">\n\t\t\t\t<div class=\"elementor-widget-container\">\n\t\t\t\t\t\t\t\t\t\t\t\t\t\t\t<img fetchpriority=\"high\" decoding=\"async\" width=\"1000\" height=\"619\" src=\"https:\/\/healthagentsturkey.com\/wp-content\/uploads\/2023\/11\/tibbihizmetler.jpg\" class=\"attachment-large size-large wp-image-1928\" alt=\"\" srcset=\"https:\/\/healthagentsturkey.com\/wp-content\/uploads\/2023\/11\/tibbihizmetler.jpg.webp 1000w, https:\/\/healthagentsturkey.com\/wp-content\/uploads\/2023\/11\/tibbihizmetler-300x186.jpg.webp 300w, https:\/\/healthagentsturkey.com\/wp-content\/uploads\/2023\/11\/tibbihizmetler-768x475.jpg.webp 768w, https:\/\/healthagentsturkey.com\/wp-content\/uploads\/2023\/11\/tibbihizmetler-230x142.jpg.webp 230w, https:\/\/healthagentsturkey.com\/wp-content\/uploads\/2023\/11\/tibbihizmetler-350x217.jpg.webp 350w, https:\/\/healthagentsturkey.com\/wp-content\/uploads\/2023\/11\/tibbihizmetler-480x297.jpg.webp 480w\" sizes=\"(max-width: 1000px) 100vw, 1000px\" \/>\t\t\t\t\t\t\t\t\t\t\t\t\t\t\t<\/div>\n\t\t\t\t<\/div>\n\t\t\t\t\t<\/div>\n\t\t<\/div>\n\t\t\t\t\t<\/div>\n\t\t<\/section>\n\t\t\t\t<section class=\"elementor-section elementor-top-section elementor-element elementor-element-39a86fc elementor-section-content-middle elementor-section-boxed elementor-section-height-default elementor-section-height-default tp-parallax-no syd-sticky-section-no\" data-id=\"39a86fc\" data-element_type=\"section\" data-settings=\"{&quot;background_background&quot;:&quot;classic&quot;,&quot;tp_sticky_sec_effect_enable&quot;:false}\">\n\t\t\t\t\t\t<div class=\"elementor-container elementor-column-gap-default\">\n\t\t\t\t\t<div data-aos=\"\" class=\"elementor-column elementor-col-50 elementor-top-column elementor-element elementor-element-2f5508e syd-sticky-section-no\" data-id=\"2f5508e\" data-element_type=\"column\" data-settings=\"{&quot;tp_sticky_col_effect_enable&quot;:false}\">\n\t\t\t<div class=\"elementor-widget-wrap elementor-element-populated\">\n\t\t\t\t\t\t<div class=\"elementor-element elementor-element-8986813 syd-sticky-section-no elementor-widget elementor-widget-heading\" data-id=\"8986813\" data-element_type=\"widget\" data-widget_type=\"heading.default\">\n\t\t\t\t<div class=\"elementor-widget-container\">\n\t\t\t\t\t<h2 class=\"elementor-heading-title elementor-size-default\">\u0647\u0644 \u0644\u062f\u064a\u0643 \u0623\u064a \u0623\u0633\u0626\u0644\u0629\u061f<\/h2>\t\t\t\t<\/div>\n\t\t\t\t<\/div>\n\t\t\t\t\t<\/div>\n\t\t<\/div>\n\t\t\t\t<div data-aos=\"\" class=\"elementor-column elementor-col-50 elementor-top-column elementor-element elementor-element-f6db6ca syd-sticky-section-no\" data-id=\"f6db6ca\" data-element_type=\"column\" data-settings=\"{&quot;tp_sticky_col_effect_enable&quot;:false}\">\n\t\t\t<div class=\"elementor-widget-wrap elementor-element-populated\">\n\t\t\t\t\t\t<div class=\"elementor-element elementor-element-a89ea7a elementor-align-right elementor-mobile-align-center syd-sticky-section-no elementor-widget elementor-widget-button\" data-id=\"a89ea7a\" data-element_type=\"widget\" data-widget_type=\"button.default\">\n\t\t\t\t<div class=\"elementor-widget-container\">\n\t\t\t\t\t\t\t\t\t<div class=\"elementor-button-wrapper\">\n\t\t\t\t\t<a class=\"elementor-button elementor-button-link elementor-size-sm\" href=\"http:\/\/healthagentsturkey.com\/ar\/iletisim\/\">\n\t\t\t\t\t\t<span class=\"elementor-button-content-wrapper\">\n\t\t\t\t\t\t\t\t\t<span class=\"elementor-button-text\">\u0627\u062a\u0635\u0644 \u0628\u0646\u0627<\/span>\n\t\t\t\t\t<\/span>\n\t\t\t\t\t<\/a>\n\t\t\t\t<\/div>\n\t\t\t\t\t\t\t\t<\/div>\n\t\t\t\t<\/div>\n\t\t\t\t\t<\/div>\n\t\t<\/div>\n\t\t\t\t\t<\/div>\n\t\t<\/section>\n\t\t\t\t<\/div>","protected":false},"excerpt":{"rendered":"<p>T\u0131bbi Hizmetler T\u0131bbi hizmetler, geni\u015f bir yelpazede sa\u011fl\u0131k sorunlar\u0131na y\u00f6nelik \u00e7e\u015fitli hizmetleri kapsayan kapsaml\u0131 bir sekt\u00f6rd\u00fcr. Bu alanda faaliyet g\u00f6steren sa\u011fl\u0131k profesyonelleri, [&hellip;]<\/p>","protected":false},"author":1,"featured_media":0,"parent":556,"menu_order":0,"comment_status":"closed","ping_status":"closed","template":"page-templates\/page_front-page.php","meta":{"_eb_attr":"","footnotes":""},"class_list":["post-905","page","type-page","status-publish","hentry"],"_links":{"self":[{"href":"http:\/\/healthagentsturkey.com\/ar\/wp-json\/wp\/v2\/pages\/905","targetHints":{"allow":["GET"]}}],"collection":[{"href":"http:\/\/healthagentsturkey.com\/ar\/wp-json\/wp\/v2\/pages"}],"about":[{"href":"http:\/\/healthagentsturkey.com\/ar\/wp-json\/wp\/v2\/types\/page"}],"author":[{"embeddable":true,"href":"http:\/\/healthagentsturkey.com\/ar\/wp-json\/wp\/v2\/users\/1"}],"replies":[{"embeddable":true,"href":"http:\/\/healthagentsturkey.com\/ar\/wp-json\/wp\/v2\/comments?post=905"}],"version-history":[{"count":0,"href":"http:\/\/healthagentsturkey.com\/ar\/wp-json\/wp\/v2\/pages\/905\/revisions"}],"up":[{"embeddable":true,"href":"http:\/\/healthagentsturkey.com\/ar\/wp-json\/wp\/v2\/pages\/556"}],"wp:attachment":[{"href":"http:\/\/healthagentsturkey.com\/ar\/wp-json\/wp\/v2\/media?parent=905"}],"curies":[{"name":"wp","href":"https:\/\/api.w.org\/{rel}","templated":true}]}}