{"id":3165,"date":"2023-12-22T04:12:46","date_gmt":"2023-12-22T01:12:46","guid":{"rendered":"https:\/\/healthagentsturkey.com\/?page_id=3165"},"modified":"2026-02-25T10:31:56","modified_gmt":"2026-02-25T07:31:56","slug":"rinoplasti","status":"publish","type":"page","link":"http:\/\/healthagentsturkey.com\/ar\/tedavi\/estetik\/rinoplasti\/","title":{"rendered":"\u062a\u062c\u0645\u064a\u0644 \u0627\u0644\u0623\u0646\u0641"},"content":{"rendered":"<div data-elementor-type=\"wp-page\" data-elementor-id=\"3165\" class=\"elementor elementor-3165\" data-elementor-post-type=\"page\">\n\t\t\t\t\t\t<section class=\"elementor-section elementor-top-section elementor-element elementor-element-eedafb9 elementor-section-content-middle elementor-section-boxed elementor-section-height-default elementor-section-height-default tp-parallax-no syd-sticky-section-no\" data-id=\"eedafb9\" data-element_type=\"section\" data-settings=\"{&quot;tp_sticky_sec_effect_enable&quot;:false}\">\n\t\t\t\t\t\t<div class=\"elementor-container elementor-column-gap-default\">\n\t\t\t\t\t<div data-aos=\"\" class=\"elementor-column elementor-col-50 elementor-top-column elementor-element elementor-element-571508b syd-sticky-section-no\" data-id=\"571508b\" data-element_type=\"column\" data-settings=\"{&quot;tp_sticky_col_effect_enable&quot;:false}\">\n\t\t\t<div class=\"elementor-widget-wrap elementor-element-populated\">\n\t\t\t\t\t\t<div class=\"elementor-element elementor-element-2fc2cb6 syd-sticky-section-no elementor-widget elementor-widget-heading\" data-id=\"2fc2cb6\" data-element_type=\"widget\" data-widget_type=\"heading.default\">\n\t\t\t\t<div class=\"elementor-widget-container\">\n\t\t\t\t\t<h2 class=\"elementor-heading-title elementor-size-default\">\u062c\u0645\u0627\u0644\u064a\u0627\u062a \u0627\u0644\u0623\u0646\u0641<\/h2>\t\t\t\t<\/div>\n\t\t\t\t<\/div>\n\t\t\t\t<div class=\"elementor-element elementor-element-6e5f253 syd-sticky-section-no elementor-widget elementor-widget-heading\" data-id=\"6e5f253\" data-element_type=\"widget\" data-widget_type=\"heading.default\">\n\t\t\t\t<div class=\"elementor-widget-container\">\n\t\t\t\t\t<h6 class=\"elementor-heading-title elementor-size-default\">\u062a\u062c\u0645\u064a\u0644 \u0627\u0644\u0623\u0646\u0641<\/h6>\t\t\t\t<\/div>\n\t\t\t\t<\/div>\n\t\t\t\t<div class=\"elementor-element elementor-element-1cf0f1c elementor-widget__width-initial syd-sticky-section-no elementor-widget elementor-widget-text-editor\" data-id=\"1cf0f1c\" data-element_type=\"widget\" data-widget_type=\"text-editor.default\">\n\t\t\t\t<div class=\"elementor-widget-container\">\n\t\t\t\t\t\t\t\t\t<p><strong>\u0645\u0627 \u0647\u064a \u0639\u0645\u0644\u064a\u0629 \u062a\u062c\u0645\u064a\u0644 \u0627\u0644\u0623\u0646\u0641\u061f<\/strong><\/p><p><strong>\u062a\u062c\u0645\u064a\u0644 \u0627\u0644\u0623\u0646\u0641<\/strong>\u0647\u064a \u0639\u0645\u0644\u064a\u0629 \u0625\u0639\u0627\u062f\u0629 \u0628\u0646\u0627\u0621 \u0627\u0644\u0623\u0646\u0641 \u0648\u0625\u0639\u0627\u062f\u0629 \u062a\u0634\u0643\u064a\u0644\u0647. \u0648\u062a\u0647\u062f\u0641 \u0625\u0644\u0649 \u062c\u0639\u0644 \u0627\u0644\u0623\u0646\u0641 \u0623\u0641\u0636\u0644 \u0645\u0646 \u0627\u0644\u0646\u0627\u062d\u064a\u0629 \u0627\u0644\u062c\u0645\u0627\u0644\u064a\u0629 \u0648\u0627\u0644\u0648\u0638\u064a\u0641\u064a\u0629. \u062c\u0631\u0627\u062d\u0629 \u0627\u0644\u0623\u0646\u0641 \u0627\u0644\u062a\u062c\u0645\u064a\u0644\u064a\u0629 \u0641\u064a \u0627\u0644\u0637\u0628 <strong>\u062a\u062c\u0645\u064a\u0644 \u0627\u0644\u0623\u0646\u0641<\/strong>\u0647\u064a \u0648\u0627\u062d\u062f\u0629 \u0645\u0646 \u0623\u0643\u062b\u0631 \u062c\u0631\u0627\u062d\u0627\u062a \u0627\u0644\u062a\u062c\u0645\u064a\u0644 \u0634\u064a\u0648\u0639\u064b\u0627 \u0627\u0644\u064a\u0648\u0645. \u064a\u0634\u064a\u0639 \u0628\u064a\u0646 \u0627\u0644\u0646\u0633\u0627\u0621 \u0648\u0627\u0644\u0631\u062c\u0627\u0644 <strong>\u062a\u062c\u0645\u064a\u0644 \u0627\u0644\u0623\u0646\u0641<\/strong> \u064a\u062c\u0628\u0631\u0648\u0646\u0643 \u0639\u0644\u0649 \u0627\u0644\u0642\u064a\u0627\u0645 \u0628\u0630\u0644\u0643.<\/p><p>\u064a\u062a\u0643\u0648\u0646 \u0627\u0644\u062c\u0632\u0621 \u0627\u0644\u0633\u0641\u0644\u064a \u0645\u0646 \u0627\u0644\u0623\u0646\u0641 \u0645\u0646 \u0627\u0644\u063a\u0636\u0627\u0631\u064a\u0641 \u0648\u0627\u0644\u062c\u0632\u0621 \u0627\u0644\u0639\u0644\u0648\u064a \u0645\u0646 \u0627\u0644\u0639\u0638\u0627\u0645. <strong>\u062a\u062c\u0645\u064a\u0644 \u0627\u0644\u0623\u0646\u0641<\/strong>\u0647\u064a \u0639\u0645\u0644\u064a\u0629 \u0625\u0639\u0627\u062f\u0629 \u062a\u0634\u0643\u064a\u0644 \u0627\u0644\u0639\u0638\u0627\u0645 \u0623\u0648 \u0627\u0644\u063a\u0636\u0627\u0631\u064a\u0641 \u0623\u0648 \u0627\u0644\u062c\u0644\u062f \u0623\u0648\u060c \u0625\u0630\u0627 \u0644\u0632\u0645 \u0627\u0644\u0623\u0645\u0631\u060c \u0627\u0644\u062b\u0644\u0627\u062b\u0629 \u0645\u0639\u0627\u064b.<\/p>\t\t\t\t\t\t\t\t<\/div>\n\t\t\t\t<\/div>\n\t\t\t\t\t<\/div>\n\t\t<\/div>\n\t\t\t\t<div data-aos=\"\" class=\"elementor-column elementor-col-50 elementor-top-column elementor-element elementor-element-bc4d4c0 syd-sticky-section-no\" data-id=\"bc4d4c0\" data-element_type=\"column\" data-settings=\"{&quot;tp_sticky_col_effect_enable&quot;:false}\">\n\t\t\t<div class=\"elementor-widget-wrap elementor-element-populated\">\n\t\t\t\t\t\t<div class=\"elementor-element elementor-element-48dd569 syd-sticky-section-no elementor-widget elementor-widget-image\" data-id=\"48dd569\" data-element_type=\"widget\" data-widget_type=\"image.default\">\n\t\t\t\t<div class=\"elementor-widget-container\">\n\t\t\t\t\t\t\t\t\t<\/div>\n\t\t\t\t<\/div>\n\t\t\t\t\t<\/div>\n\t\t<\/div>\n\t\t\t\t\t<\/div>\n\t\t<\/section>\n\t\t<div class=\"elementor-element elementor-element-99fe56d e-flex e-con-boxed syd-sticky-section-no e-con e-parent\" data-id=\"99fe56d\" data-element_type=\"container\">\n\t\t\t\t\t<div class=\"e-con-inner\">\n\t\t\t\t<div class=\"elementor-element elementor-element-def30c4 syd-sticky-section-no elementor-widget elementor-widget-text-editor\" data-id=\"def30c4\" data-element_type=\"widget\" data-widget_type=\"text-editor.default\">\n\t\t\t\t<div class=\"elementor-widget-container\">\n\t\t\t\t\t\t\t\t\t<p><span style=\"font-weight: 600;\">\u0644\u0645\u0627\u0630\u0627 \u064a\u062a\u0645 \u0625\u062c\u0631\u0627\u0621 \u0639\u0645\u0644\u064a\u0629 \u062a\u062c\u0645\u064a\u0644 \u0627\u0644\u0623\u0646\u0641<\/span>?<\/p><p><b>\u062a\u062c\u0645\u064a\u0644 \u0627\u0644\u0623\u0646\u0641<\/b>\u0648\u0628\u0639\u0628\u0627\u0631\u0629 \u0623\u062e\u0631\u0649\u060c \u0641\u0625\u0646 \u0639\u0645\u0644\u064a\u0629 \u062a\u062c\u0645\u064a\u0644 \u0627\u0644\u0623\u0646\u0641 \u0647\u064a \u0639\u0645\u0644\u064a\u0629 \u0645\u0641\u0636\u0644\u0629 \u0644\u0623\u0633\u0628\u0627\u0628 \u062c\u0645\u0627\u0644\u064a\u0629 \u0648\u0648\u0638\u064a\u0641\u064a\u0629 \u0639\u0644\u0649 \u062d\u062f \u0633\u0648\u0627\u0621. \u062a\u062a\u0646\u0648\u0639 \u0623\u0633\u0628\u0627\u0628 \u0625\u062c\u0631\u0627\u0621 \u0647\u0630\u0647 \u0627\u0644\u0639\u0645\u0644\u064a\u0629. \u0648\u0641\u064a\u0645\u0627 \u064a\u0644\u064a \u0627\u0644\u0623\u0633\u0628\u0627\u0628 \u0627\u0644\u0623\u0643\u062b\u0631 \u0634\u064a\u0648\u0639\u0627\u064b:\"<\/p><ul><li>\u062a\u0635\u062d\u064a\u062d \u0627\u0644\u062a\u0634\u0648\u0647\u0627\u062a \u0627\u0644\u0646\u0627\u062c\u0645\u0629 \u0639\u0646 \u0627\u0644\u0625\u0635\u0627\u0628\u0627\u062a,<\/li><li>\u0627\u0644\u0642\u0636\u0627\u0621 \u0639\u0644\u0649 \u0635\u0639\u0648\u0628\u0627\u062a \u0627\u0644\u062a\u0646\u0641\u0633 \u0627\u0644\u0646\u0627\u062c\u0645\u0629 \u0639\u0646 \u0627\u0644\u0634\u0643\u0644,<\/li><li>\u062a\u0635\u062d\u064a\u062d \u0639\u064a\u0648\u0628 \u0627\u0644\u0623\u0646\u0641 \u0627\u0644\u062e\u0644\u0642\u064a\u0629 \u0623\u0648 \u0627\u0644\u0645\u0643\u062a\u0633\u0628\u0629,<\/li><li>\u0644\u0644\u062a\u0646\u0641\u0633 \u0628\u0634\u0643\u0644 \u0623\u0633\u0647\u0644,<\/li><\/ul><ul><li>\u0644\u0644\u062d\u0635\u0648\u0644 \u0639\u0644\u0649 \u0645\u0638\u0647\u0631 \u0623\u0643\u062b\u0631 \u062c\u0645\u0627\u0644\u064a\u0629 \u0648\u062c\u0645\u0627\u0644\u0627\u064b<\/li><\/ul><p><b>\u062a\u062c\u0645\u064a\u0644 \u0627\u0644\u0623\u0646\u0641 <\/b>\u0644\u0647\u0630\u0647 \u0627\u0644\u0623\u0633\u0628\u0627\u0628 \u0648\u0623\u0633\u0628\u0627\u0628 \u0645\u0634\u0627\u0628\u0647\u0629\u060c \u064a\u062a\u0645 \u0625\u062c\u0631\u0627\u0621 \u0627\u0644\u0639\u0645\u0644\u064a\u0627\u062a \u0644\u062a\u062d\u0633\u064a\u0646 \u0646\u0648\u0639\u064a\u0629 \u062d\u064a\u0627\u0629 \u0627\u0644\u0634\u062e\u0635 \u0648\u062a\u062d\u0633\u064a\u0646 \u0645\u0646\u0637\u0642\u0629 \u0627\u0644\u0623\u0646\u0641 \u0648\u0638\u064a\u0641\u064a\u0627\u064b \u0648\u062c\u0645\u0627\u0644\u064a\u0627\u064b. \u064a\u062a\u0645 \u062a\u0634\u0643\u064a\u0644 \u0647\u0630\u0647 \u0627\u0644\u0639\u0645\u0644\u064a\u0629 \u0648\u0641\u0642\u0627\u064b \u0644\u0644\u0627\u062d\u062a\u064a\u0627\u062c\u0627\u062a \u0648\u0627\u0644\u062a\u0648\u0642\u0639\u0627\u062a \u0627\u0644\u0645\u062d\u062f\u062f\u0629 \u0644\u0644\u0634\u062e\u0635.<\/p><p><strong>\u0643\u064a\u0641 \u064a\u062a\u0645 \u0625\u062c\u0631\u0627\u0621 \u0639\u0645\u0644\u064a\u0629 \u062a\u062c\u0645\u064a\u0644 \u0627\u0644\u0623\u0646\u0641\u061f<\/strong><\/p><p><strong>\u062a\u062c\u0645\u064a\u0644 \u0627\u0644\u0623\u0646\u0641<\/strong>\u0647\u064a \u0639\u0645\u0644\u064a\u0629 \u062a\u063a\u064a\u064a\u0631 \u0627\u0644\u063a\u0636\u0627\u0631\u064a\u0641 \u0648\u0627\u0644\u0639\u0638\u0627\u0645 \u0648\u0637\u0628\u0642\u0629 \u0627\u0644\u062c\u0644\u062f \u0641\u064a \u0627\u0644\u0623\u0646\u0641. \u0642\u0628\u0644 \u0627\u0644\u062a\u062e\u0637\u064a\u0637 \u0644\u0644\u062c\u0631\u0627\u062d\u0629\u060c \u064a\u0642\u0648\u0645 \u0627\u0644\u062c\u0631\u0627\u062d \u0628\u0641\u062d\u0635 \u0648\u062c\u0647 \u0627\u0644\u0634\u062e\u0635. \u064a\u0642\u0648\u0645 \u0628\u062a\u0642\u064a\u064a\u0645 \u062c\u0644\u062f \u0627\u0644\u0623\u0646\u0641 \u0648\u0628\u0646\u064a\u0629 \u0627\u0644\u0648\u062c\u0647 \u0648\u062a\u0641\u0636\u064a\u0644\u0627\u062a \u0627\u0644\u0641\u0631\u062f. \u064a\u062a\u0645 \u062a\u062d\u062f\u064a\u062f \u0627\u0644\u062e\u0637\u0629 \u0648\u0627\u0644\u0634\u0643\u0644 \u0627\u0644\u0645\u062e\u0635\u0635\u064a\u0646.<\/p><p><strong>\u062a\u062c\u0645\u064a\u0644 \u0627\u0644\u0623\u0646\u0641<\/strong> \u062a\u064f\u062c\u0631\u0649 \u0627\u0644\u062c\u0631\u0627\u062d\u0629 \u0628\u0637\u0631\u064a\u0642\u062a\u064a\u0646. \u064a\u062a\u0645 \u0625\u062c\u0631\u0627\u0624\u0647\u0627 \u0628\u0637\u0631\u064a\u0642\u0629 \u0645\u0641\u062a\u0648\u062d\u0629 \u0648\u0645\u063a\u0644\u0642\u0629.<\/p><p>\u0641\u064a \u0627\u0644\u062c\u0631\u0627\u062d\u0629 \u0627\u0644\u0645\u063a\u0644\u0642\u0629\u060c \u064a\u0639\u0645\u0644 \u0627\u0644\u062c\u0631\u0627\u062d \u0645\u0646 \u062e\u0644\u0627\u0644 \u0627\u0644\u0623\u0646\u0641. \u0641\u064a \u0627\u0644\u062c\u0631\u0627\u062d\u0629 \u0627\u0644\u0645\u0641\u062a\u0648\u062d\u0629\u060c \u064a\u0642\u0648\u0645 \u0627\u0644\u062c\u0631\u0627\u062d \u0628\u0642\u0637\u0639 \u0637\u0631\u0641 \u0627\u0644\u0623\u0646\u0641 \u0628\u0645\u0642\u062f\u0627\u0631 3 \u0633\u0645 \u0648\u064a\u0639\u0645\u0644 \u0645\u0646 \u0637\u0631\u0641 \u0627\u0644\u0623\u0646\u0641. \u0623\u064a\u0647\u0645\u0627 \u0623\u0641\u0636\u0644 \u0647\u0648 \u0627\u062e\u062a\u064a\u0627\u0631 \u0627\u0644\u062c\u0631\u0627\u062d \u0648\u0627\u0644\u0645\u0631\u064a\u0636.<\/p><p>\u0627\u0644\u063a\u0636\u0631\u0648\u0641 \u0641\u064a \u0637\u0631\u0641 \u0627\u0644\u0623\u0646\u0641 \u0648\u0633\u0645\u0643 \u0627\u0644\u062c\u0644\u062f, <b>\u062a\u062c\u0645\u064a\u0644 \u0627\u0644\u0623\u0646\u0641<\/b>\u064a\u062a\u0645 \u062a\u062d\u062f\u064a\u062f \u0622\u062b\u0627\u0631 \u0627\u0644\u062a\u0646\u0641\u0633.<\/p><p>\u0627\u0644\u064a\u0648\u0645\u060c \u0648\u0645\u0639 \u062a\u0637\u0648\u0631 \u0627\u0644\u062a\u0643\u0646\u0648\u0644\u0648\u062c\u064a\u0627\u060c \u064a\u062a\u0645 \u062a\u0635\u0648\u064a\u0631 \u0623\u0646\u0641 \u0627\u0644\u0645\u0631\u064a\u0636. \u0628\u0645\u0633\u0627\u0639\u062f\u0629 \u0628\u0631\u0646\u0627\u0645\u062c \u0643\u0645\u0628\u064a\u0648\u062a\u0631 <b>\u062a\u062c\u0645\u064a\u0644 \u0627\u0644\u0623\u0646\u0641<\/b> \u062b\u0645 \u064a\u062a\u0645 \u0641\u062d\u0635 \u0646\u062a\u064a\u062c\u0629 \u0627\u0644\u0623\u0646\u0641. \u0639\u0644\u0649 \u0633\u0628\u064a\u0644 \u0627\u0644\u0645\u062b\u0627\u0644\u060c \u0625\u0630\u0627 \u0643\u0627\u0646 \u0627\u0644\u0645\u0631\u064a\u0636 \u064a\u0639\u0627\u0646\u064a \u0645\u0646 \u0630\u0642\u0646 \u0635\u063a\u064a\u0631\u060c \u064a\u0646\u0627\u0642\u0634 \u0627\u0644\u0637\u0628\u064a\u0628 \u0623\u064a\u0636\u0627\u064b \u062a\u0643\u0628\u064a\u0631 \u0627\u0644\u0630\u0642\u0646 \u0645\u0639 \u0627\u0644\u0645\u0631\u064a\u0636. \u0628\u0639\u062f \u062c\u0631\u0627\u062d\u0629 \u0627\u0644\u0623\u0646\u0641\u060c \u0639\u0627\u062f\u0629\u064b \u0645\u0627 \u064a\u062e\u0631\u062c \u0627\u0644\u0645\u0631\u064a\u0636 \u0645\u0646 \u0627\u0644\u0645\u0633\u062a\u0634\u0641\u0649 \u0641\u064a \u0627\u0644\u064a\u0648\u0645 \u0646\u0641\u0633\u0647.<\/p><p>\u0643\u0645\u0627 \u0647\u0648 \u0627\u0644\u062d\u0627\u0644 \u0645\u0639 \u062c\u0645\u064a\u0639 \u0627\u0644\u0639\u0645\u0644\u064a\u0627\u062a \u0627\u0644\u062c\u0631\u0627\u062d\u064a\u0629\u060c \u0641\u0625\u0646 \u0645\u062e\u0627\u0637\u0631 \u0627\u0644\u0646\u0632\u064a\u0641 \u0648\u0627\u0644\u0639\u062f\u0648\u0649 \u0648\u0627\u0644\u062d\u0633\u0627\u0633\u064a\u0629 \u0644\u0644\u062a\u062e\u062f\u064a\u0631 \u0645\u0648\u062c\u0648\u062f\u0629 \u062f\u0627\u0626\u0645\u0627\u064b \u0641\u064a \u0639\u0645\u0644\u064a\u0627\u062a \u062a\u062c\u0645\u064a\u0644 \u0627\u0644\u0623\u0646\u0641\u060c \u0648\u0625\u0646 \u0643\u0627\u0646\u062a \u0645\u0646\u062e\u0641\u0636\u0629.<\/p><p>\u062e\u0627\u0635\u0629 \u0628\u0627\u0644\u0639\u0645\u0644\u064a\u0627\u062a \u0641\u064a \u0628\u0639\u0636 \u0627\u0644\u0623\u062d\u064a\u0627\u0646;<\/p><ul><li>\u0635\u0639\u0648\u0628\u0629 \u0641\u064a \u0627\u0644\u062a\u0646\u0641\u0633<\/li><li>\u0627\u062d\u062a\u0642\u0627\u0646 \u0627\u0644\u0623\u0646\u0641<\/li><li>\u0627\u0644\u062a\u0648\u0631\u0645<\/li><li>\u0628\u0646\u064a\u0629 \u0623\u0646\u0641 \u063a\u064a\u0631 \u0645\u062a\u0633\u0627\u0648\u064a\u0629 \u0627\u0644\u0645\u0638\u0647\u0631<\/li><li>\u062a\u063a\u064a\u0631 \u0627\u0644\u0644\u0648\u0646 \u0623\u0648 \u0627\u0644\u0643\u062f\u0645\u0627\u062a<\/li><li>\u062e\u062f\u0631 \u0641\u064a \u0627\u0644\u0623\u0646\u0641 \u0648\u062d\u0648\u0644\u0647<\/li><\/ul><ul><li>\u062b\u0642\u0628 \u0627\u0644\u062d\u0627\u062c\u0632 \u0627\u0644\u0623\u0646\u0641\u064a<\/li><\/ul><p>\u0641\u064a \u0645\u062b\u0644 \u0647\u0630\u0647 \u0627\u0644\u062d\u0627\u0644\u0627\u062a\u060c \u0642\u062f \u062a\u0643\u0648\u0646 \u0625\u0639\u0627\u062f\u0629 \u0627\u0644\u062a\u062f\u062e\u0644 \u0636\u0631\u0648\u0631\u064a\u0629 \u062d\u0633\u0628 \u062f\u0631\u062c\u0629 \u0627\u0644\u0623\u0639\u0631\u0627\u0636.<\/p><p><strong>\u062a\u062c\u0645\u064a\u0644 \u0627\u0644\u0623\u0646\u0641<\/strong> \u0627\u0644\u062c\u0631\u0627\u062d\u0627\u062a \u0645\u062b\u0644 \u0627\u0644\u0635\u0646\u062f\u0648\u0642 \u0627\u0644\u0645\u063a\u0644\u0642. \u062a\u0644\u062a\u0626\u0645 \u0627\u0644\u063a\u0636\u0627\u0631\u064a\u0641 \u0648\u0627\u0644\u0639\u0638\u0627\u0645 \u0641\u064a \u0627\u0644\u0623\u0646\u0641 \u0628\u0634\u0643\u0644 \u0645\u0633\u062a\u0642\u0644 \u0648\u0641\u064a \u0623\u0648\u0642\u0627\u062a \u0645\u062e\u062a\u0644\u0641\u0629. \u064a\u0642\u0648\u0645 \u0627\u0644\u062c\u0631\u0627\u062d \u0628\u0642\u0635 \u0627\u0644\u0623\u0646\u0641 \u0628\u0627\u0644\u0643\u0627\u0645\u0644 \u0645\u0646 \u062c\u0627\u0646\u0628 \u0648\u0627\u062d\u062f \u0648\u0623\u062d\u064a\u0627\u0646\u0627\u064b \u064a\u0642\u0648\u0645 \u0628\u0625\u0636\u0627\u0641\u0629 \u0648\u062a\u0634\u0643\u064a\u0644 \u0627\u0644\u0623\u0646\u0641.<\/p><p><strong>\u0645\u0627\u0630\u0627 \u064a\u062d\u062f\u062b \u0628\u0639\u062f \u0639\u0645\u0644\u064a\u0629 \u062a\u062c\u0645\u064a\u0644 \u0627\u0644\u0623\u0646\u0641\u061f<\/strong><\/p><ul><li>\u0625\u0630\u0627 \u0643\u0646\u062a \u062a\u062f\u062e\u0646\u060c \u0641\u064a\u062c\u0628 \u0639\u0644\u064a\u0643 \u0627\u0644\u0625\u0642\u0644\u0627\u0639 \u0639\u0646 \u0627\u0644\u062a\u062f\u062e\u064a\u0646 \u0623\u0648 \u0627\u0644\u062a\u0648\u0642\u0641 \u0639\u0646\u0647. \u0641\u0627\u0644\u062a\u062f\u062e\u064a\u0646 \u064a\u0637\u064a\u0644 \u0639\u0645\u0644\u064a\u0629 \u0627\u0644\u0634\u0641\u0627\u0621 \u0628\u0639\u062f \u0627\u0644\u0639\u0645\u0644\u064a\u0629 \u0627\u0644\u062c\u0631\u0627\u062d\u064a\u0629 \u0648\u064a\u0632\u064a\u062f \u0645\u0646 \u0627\u062d\u062a\u0645\u0627\u0644\u064a\u0629 \u0627\u0644\u0625\u0635\u0627\u0628\u0629 \u0628\u0627\u0644\u0639\u062f\u0648\u0649.<\/li><li><strong>\u062a\u062c\u0645\u064a\u0644 \u0627\u0644\u0623\u0646\u0641<\/strong> \u0628\u0639\u062f \u0627\u0644\u0639\u0645\u0644\u064a\u0629\u060c \u062a\u0628\u0642\u0649 \u0627\u0644\u0636\u0645\u0627\u062f\u0627\u062a \u0627\u0644\u062f\u0627\u062e\u0644\u064a\u0629 \u0644\u0645\u062f\u0629 \u0623\u0633\u0628\u0648\u0639 \u0648\u0627\u062d\u062f \u0641\u064a \u0627\u0644\u0645\u062a\u0648\u0633\u0637. \u0642\u062f \u064a\u0636\u0639 \u0627\u0644\u062c\u0631\u0627\u062d \u0623\u062d\u064a\u0627\u0646\u0627\u064b \u062c\u0628\u064a\u0631\u0629 \u0639\u0644\u0649 \u0627\u0644\u0623\u0646\u0641 \u0644\u0644\u062f\u0639\u0645 \u0648\u0627\u0644\u062d\u0645\u0627\u064a\u0629.<\/li><\/ul><div>\u00a0<\/div><div><p><strong>\u0623\u0633\u0639\u0627\u0631 \u0639\u0645\u0644\u064a\u0629 \u062a\u062c\u0645\u064a\u0644 \u0627\u0644\u0623\u0646\u0641<\/strong><\/p><\/div><div><span style=\"color: #374151; font-family: S\u00f6hne, ui-sans-serif, system-ui, -apple-system, 'Segoe UI', Roboto, Ubuntu, Cantarell, 'Noto Sans', sans-serif, 'Helvetica Neue', Arial, 'Apple Color Emoji', 'Segoe UI Emoji', 'Segoe UI Symbol', 'Noto Color Emoji'; white-space-collapse: preserve;\">\u062a\u062a\u0641\u0627\u0648\u062a \u0623\u0633\u0639\u0627\u0631 \u0639\u0645\u0644\u064a\u0627\u062a \u062a\u062c\u0645\u064a\u0644 \u0627\u0644\u0623\u0646\u0641\u060c \u0623\u064a \u0639\u0645\u0644\u064a\u0627\u062a \u062a\u062c\u0645\u064a\u0644 \u0627\u0644\u0623\u0646\u0641\u060c \u0627\u0639\u062a\u0645\u0627\u062f\u0627\u064b \u0639\u0644\u0649 \u0639\u0648\u0627\u0645\u0644 \u0645\u062e\u062a\u0644\u0641\u0629. \u0648\u062a\u0634\u0645\u0644 \u0647\u0630\u0647 \u0627\u0644\u0639\u0648\u0627\u0645\u0644 \u062e\u0628\u0631\u0629 \u0627\u0644\u0637\u0628\u064a\u0628 \u0648\u0645\u0639\u0627\u064a\u064a\u0631 \u0627\u0644\u0645\u0633\u062a\u0634\u0641\u0649 \u0627\u0644\u0645\u0641\u0636\u0644 \u0648\u062c\u0648\u062f\u0629 \u0627\u0644\u0645\u0639\u062f\u0627\u062a \u0648\u0627\u0644\u0645\u0648\u0627\u062f \u0627\u0644\u0645\u0633\u062a\u062e\u062f\u0645\u0629 \u0641\u064a \u0627\u0644\u0639\u0645\u0644\u064a\u0629. \u0644\u0630\u0644\u0643\u060c \u064a\u062a\u0645 \u062a\u062d\u062f\u064a\u062f \u0623\u0633\u0639\u0627\u0631 \u0639\u0645\u0644\u064a\u0627\u062a \u062a\u062c\u0645\u064a\u0644 \u0627\u0644\u0623\u0646\u0641 \u0628\u0634\u0643\u0644 \u0641\u0631\u062f\u064a.<\/span><span style=\"text-align: var(--text-align);\">\u00a0<\/span><\/div><p>\u062a\u0630\u0643\u0631 \u0623\u0646 \u0643\u0644 \u0645\u0631\u064a\u0636 \u0641\u0631\u064a\u062f \u0645\u0646 \u0646\u0648\u0639\u0647. \u064a\u064f\u0631\u062c\u0649 \u0627\u0644\u0627\u062a\u0635\u0627\u0644 \u0628\u0623\u062e\u0635\u0627\u0626\u064a\u064a\u0646\u0627 \u0644\u0644\u062d\u0635\u0648\u0644 \u0639\u0644\u0649 \u062e\u0637\u0629 \u0627\u0644\u0639\u0644\u0627\u062c \u0648\u0627\u0644\u0639\u0631\u0636 \u0627\u0644\u0634\u062e\u0635\u064a \u0627\u0644\u062e\u0627\u0635 \u0628\u0643.<\/p>\t\t\t\t\t\t\t\t<\/div>\n\t\t\t\t<\/div>\n\t\t\t\t\t<\/div>\n\t\t\t\t<\/div>\n\t\t\t\t<section class=\"elementor-section elementor-top-section elementor-element elementor-element-cfed380 elementor-section-content-middle elementor-section-boxed elementor-section-height-default elementor-section-height-default tp-parallax-no syd-sticky-section-no\" data-id=\"cfed380\" data-element_type=\"section\" data-settings=\"{&quot;background_background&quot;:&quot;classic&quot;,&quot;tp_sticky_sec_effect_enable&quot;:false}\">\n\t\t\t\t\t\t<div class=\"elementor-container elementor-column-gap-default\">\n\t\t\t\t\t<div data-aos=\"\" class=\"elementor-column elementor-col-50 elementor-top-column elementor-element elementor-element-d8fac92 syd-sticky-section-no\" data-id=\"d8fac92\" data-element_type=\"column\" data-settings=\"{&quot;tp_sticky_col_effect_enable&quot;:false}\">\n\t\t\t<div class=\"elementor-widget-wrap elementor-element-populated\">\n\t\t\t\t\t\t<div class=\"elementor-element elementor-element-ea4173f syd-sticky-section-no elementor-widget elementor-widget-heading\" data-id=\"ea4173f\" data-element_type=\"widget\" data-widget_type=\"heading.default\">\n\t\t\t\t<div class=\"elementor-widget-container\">\n\t\t\t\t\t<h2 class=\"elementor-heading-title elementor-size-default\">\u0647\u0644 \u0644\u062f\u064a\u0643 \u0623\u064a \u0623\u0633\u0626\u0644\u0629\u061f<\/h2>\t\t\t\t<\/div>\n\t\t\t\t<\/div>\n\t\t\t\t\t<\/div>\n\t\t<\/div>\n\t\t\t\t<div data-aos=\"\" class=\"elementor-column elementor-col-50 elementor-top-column elementor-element elementor-element-7aa5769 syd-sticky-section-no\" data-id=\"7aa5769\" data-element_type=\"column\" data-settings=\"{&quot;tp_sticky_col_effect_enable&quot;:false}\">\n\t\t\t<div class=\"elementor-widget-wrap elementor-element-populated\">\n\t\t\t\t\t\t<div class=\"elementor-element elementor-element-9c6e3e1 elementor-align-right elementor-mobile-align-center syd-sticky-section-no elementor-widget elementor-widget-button\" data-id=\"9c6e3e1\" data-element_type=\"widget\" data-widget_type=\"button.default\">\n\t\t\t\t<div class=\"elementor-widget-container\">\n\t\t\t\t\t\t\t\t\t<div class=\"elementor-button-wrapper\">\n\t\t\t\t\t<a class=\"elementor-button elementor-button-link elementor-size-sm\" href=\"http:\/\/healthagentsturkey.com\/ar\/iletisim\/\">\n\t\t\t\t\t\t<span class=\"elementor-button-content-wrapper\">\n\t\t\t\t\t\t\t\t\t<span class=\"elementor-button-text\">\u0627\u062a\u0635\u0644 \u0628\u0646\u0627<\/span>\n\t\t\t\t\t<\/span>\n\t\t\t\t\t<\/a>\n\t\t\t\t<\/div>\n\t\t\t\t\t\t\t\t<\/div>\n\t\t\t\t<\/div>\n\t\t\t\t\t<\/div>\n\t\t<\/div>\n\t\t\t\t\t<\/div>\n\t\t<\/section>\n\t\t\t\t<\/div>","protected":false},"excerpt":{"rendered":"<p>Burun Esteti\u011fi Rh\u0131noplasty Rinoplasti Nedir? Rinoplasti, burnu yeniden yap\u0131land\u0131rma, yeniden \u015fekil verme i\u015flemidir. Burnu estetik ve fonksiyonel olarak daha iyi hale getirmek [&hellip;]<\/p>","protected":false},"author":1,"featured_media":0,"parent":934,"menu_order":0,"comment_status":"closed","ping_status":"closed","template":"elementor_header_footer","meta":{"_eb_attr":"","footnotes":""},"class_list":["post-3165","page","type-page","status-publish","hentry"],"_links":{"self":[{"href":"http:\/\/healthagentsturkey.com\/ar\/wp-json\/wp\/v2\/pages\/3165","targetHints":{"allow":["GET"]}}],"collection":[{"href":"http:\/\/healthagentsturkey.com\/ar\/wp-json\/wp\/v2\/pages"}],"about":[{"href":"http:\/\/healthagentsturkey.com\/ar\/wp-json\/wp\/v2\/types\/page"}],"author":[{"embeddable":true,"href":"http:\/\/healthagentsturkey.com\/ar\/wp-json\/wp\/v2\/users\/1"}],"replies":[{"embeddable":true,"href":"http:\/\/healthagentsturkey.com\/ar\/wp-json\/wp\/v2\/comments?post=3165"}],"version-history":[{"count":1,"href":"http:\/\/healthagentsturkey.com\/ar\/wp-json\/wp\/v2\/pages\/3165\/revisions"}],"predecessor-version":[{"id":4789,"href":"http:\/\/healthagentsturkey.com\/ar\/wp-json\/wp\/v2\/pages\/3165\/revisions\/4789"}],"up":[{"embeddable":true,"href":"http:\/\/healthagentsturkey.com\/ar\/wp-json\/wp\/v2\/pages\/934"}],"wp:attachment":[{"href":"http:\/\/healthagentsturkey.com\/ar\/wp-json\/wp\/v2\/media?parent=3165"}],"curies":[{"name":"wp","href":"https:\/\/api.w.org\/{rel}","templated":true}]}}