{"id":1830,"date":"2023-11-20T14:58:09","date_gmt":"2023-11-20T14:58:09","guid":{"rendered":"https:\/\/healthagentsturkey.com\/?page_id=1830"},"modified":"2026-02-25T10:31:55","modified_gmt":"2026-02-25T07:31:55","slug":"fiber-posts","status":"publish","type":"page","link":"http:\/\/healthagentsturkey.com\/ar\/tedavi\/dis\/restoratif-dis-hekimligi\/fiber-posts\/","title":{"rendered":"\u0645\u0646\u0634\u0648\u0631\u0627\u062a \u0627\u0644\u0623\u0644\u064a\u0627\u0641"},"content":{"rendered":"<div data-elementor-type=\"wp-page\" data-elementor-id=\"1830\" class=\"elementor elementor-1830\" data-elementor-post-type=\"page\">\n\t\t\t\t\t\t<section class=\"elementor-section elementor-top-section elementor-element elementor-element-eedafb9 elementor-section-content-middle elementor-section-boxed elementor-section-height-default elementor-section-height-default tp-parallax-no syd-sticky-section-no\" data-id=\"eedafb9\" data-element_type=\"section\" data-settings=\"{&quot;tp_sticky_sec_effect_enable&quot;:false}\">\n\t\t\t\t\t\t<div class=\"elementor-container elementor-column-gap-default\">\n\t\t\t\t\t<div data-aos=\"\" class=\"elementor-column elementor-col-50 elementor-top-column elementor-element elementor-element-571508b syd-sticky-section-no\" data-id=\"571508b\" data-element_type=\"column\" data-settings=\"{&quot;tp_sticky_col_effect_enable&quot;:false}\">\n\t\t\t<div class=\"elementor-widget-wrap elementor-element-populated\">\n\t\t\t\t\t\t<div class=\"elementor-element elementor-element-2fc2cb6 syd-sticky-section-no elementor-widget elementor-widget-heading\" data-id=\"2fc2cb6\" data-element_type=\"widget\" data-widget_type=\"heading.default\">\n\t\t\t\t<div class=\"elementor-widget-container\">\n\t\t\t\t\t<h2 class=\"elementor-heading-title elementor-size-default\">\u0645\u0639\u0627\u0644\u062c\u0629 \u0645\u0627 \u0628\u0639\u062f \u0627\u0644\u0623\u0644\u064a\u0627\u0641<\/h2>\t\t\t\t<\/div>\n\t\t\t\t<\/div>\n\t\t\t\t<div class=\"elementor-element elementor-element-1cf0f1c elementor-widget__width-initial syd-sticky-section-no elementor-widget elementor-widget-text-editor\" data-id=\"1cf0f1c\" data-element_type=\"widget\" data-widget_type=\"text-editor.default\">\n\t\t\t\t<div class=\"elementor-widget-container\">\n\t\t\t\t\t\t\t\t\t<p>\u0627\u0644\u062f\u0639\u0627\u0645\u0629 \u0627\u0644\u0644\u064a\u0641\u064a\u0629\u060c \u0648\u0627\u0644\u0645\u0639\u0631\u0648\u0641\u0629 \u0623\u064a\u0636\u0627\u064b \u0628\u0627\u0633\u0645 \u0627\u0644\u062f\u0639\u0627\u0645\u0629 \u0627\u0644\u0644\u064a\u0641\u064a\u0629 \u0623\u0648 \u0627\u0644\u062f\u0639\u0627\u0645\u0629 \u0627\u0644\u0645\u0635\u0646\u0648\u0639\u0629 \u0645\u0646 \u0627\u0644\u0623\u0644\u064a\u0627\u0641 \u0627\u0644\u0632\u062c\u0627\u062c\u064a\u0629\u060c \u0647\u064a \u0646\u0648\u0639 \u0645\u0646 \u062a\u0631\u0645\u064a\u0645 \u0627\u0644\u0623\u0633\u0646\u0627\u0646 \u064a\u064f\u0633\u062a\u062e\u062f\u0645 \u0644\u062a\u0648\u0641\u064a\u0631 \u0627\u0644\u062f\u0639\u0645 \u0648\u0627\u0644\u062b\u0628\u0627\u062a \u0644\u0644\u0623\u0633\u0646\u0627\u0646 \u0627\u0644\u0645\u0639\u0627\u0644\u062c\u0629 \u0628\u0642\u0646\u0627\u0629 \u0627\u0644\u062c\u0630\u0631. \u062a\u064f\u0633\u062a\u062e\u062f\u0645 \u0639\u0627\u062f\u0629\u064b \u0639\u0646\u062f\u0645\u0627 \u062a\u0643\u0648\u0646 \u0628\u0646\u064a\u0629 \u0627\u0644\u0623\u0633\u0646\u0627\u0646 \u0627\u0644\u0637\u0628\u064a\u0639\u064a\u0629 \u063a\u064a\u0631 \u0643\u0627\u0641\u064a\u0629 \u0644\u062f\u0639\u0645 \u062a\u0631\u0645\u064a\u0645 \u0627\u0644\u0623\u0633\u0646\u0627\u0646 \u0627\u0644\u062a\u0642\u0644\u064a\u062f\u064a \u0645\u062b\u0644 \u062a\u0627\u062c \u0627\u0644\u0623\u0633\u0646\u0627\u0646.<\/p><p>\u0628\u0639\u0636 \u0627\u0644\u062c\u0648\u0627\u0646\u0628 \u0627\u0644\u0645\u0647\u0645\u0629 \u0644\u062c\u0644\u0648\u062f \u0627\u0644\u0623\u0644\u064a\u0627\u0641:<\/p><p>1 - \u0627\u0644\u062a\u0631\u0643\u064a\u0628: \u062a\u064f\u0635\u0646\u0639 \u0627\u0644\u062f\u0639\u0627\u0645\u0627\u062a \u0627\u0644\u0644\u064a\u0641\u064a\u0629 \u0645\u0646 \u0623\u0644\u064a\u0627\u0641 \u0632\u062c\u0627\u062c\u064a\u0629 \u0635\u063a\u064a\u0631\u0629 \u0645\u0646\u0633\u0648\u062c\u0629 \u0645\u062f\u0645\u062c\u0629 \u0641\u064a \u0645\u0635\u0641\u0648\u0641\u0629 \u0645\u0646 \u0627\u0644\u0631\u0627\u062a\u0646\u062c. \u0647\u0630\u0627 \u0627\u0644\u0645\u0632\u064a\u062c \u0645\u0646 \u0627\u0644\u0645\u0648\u0627\u062f \u064a\u0648\u0641\u0631 \u0627\u0644\u0642\u0648\u0629 \u0648\u0627\u0644\u0645\u0631\u0648\u0646\u0629 \u0644\u0644\u0639\u0645\u0648\u062f.<\/p>\t\t\t\t\t\t\t\t<\/div>\n\t\t\t\t<\/div>\n\t\t\t\t\t<\/div>\n\t\t<\/div>\n\t\t\t\t<div data-aos=\"\" class=\"elementor-column elementor-col-50 elementor-top-column elementor-element elementor-element-bc4d4c0 syd-sticky-section-no\" data-id=\"bc4d4c0\" data-element_type=\"column\" data-settings=\"{&quot;tp_sticky_col_effect_enable&quot;:false}\">\n\t\t\t<div class=\"elementor-widget-wrap elementor-element-populated\">\n\t\t\t\t\t\t<div class=\"elementor-element elementor-element-48dd569 syd-sticky-section-no elementor-widget elementor-widget-image\" data-id=\"48dd569\" data-element_type=\"widget\" data-widget_type=\"image.default\">\n\t\t\t\t<div class=\"elementor-widget-container\">\n\t\t\t\t\t\t\t\t\t<\/div>\n\t\t\t\t<\/div>\n\t\t\t\t\t<\/div>\n\t\t<\/div>\n\t\t\t\t\t<\/div>\n\t\t<\/section>\n\t\t<div class=\"elementor-element elementor-element-99fe56d e-flex e-con-boxed syd-sticky-section-no e-con e-parent\" data-id=\"99fe56d\" data-element_type=\"container\">\n\t\t\t\t\t<div class=\"e-con-inner\">\n\t\t\t\t<div class=\"elementor-element elementor-element-def30c4 syd-sticky-section-no elementor-widget elementor-widget-text-editor\" data-id=\"def30c4\" data-element_type=\"widget\" data-widget_type=\"text-editor.default\">\n\t\t\t\t<div class=\"elementor-widget-container\">\n\t\t\t\t\t\t\t\t\t<p>2- \u0627\u0644\u0647\u062f\u0641: \u0628\u0639\u062f \u0639\u0644\u0627\u062c \u0642\u0646\u0627\u0629 \u0627\u0644\u062c\u0630\u0631\u060c \u064a\u062a\u0645 \u062a\u0646\u0638\u064a\u0641 \u0627\u0644\u062c\u0632\u0621 \u0627\u0644\u062f\u0627\u062e\u0644\u064a \u0645\u0646 \u0627\u0644\u0633\u0646 \u0648\u062d\u0634\u0648\u0647 \u0644\u0625\u0632\u0627\u0644\u0629 \u0627\u0644\u0644\u0628 \u0627\u0644\u0645\u0635\u0627\u0628 \u0623\u0648 \u0627\u0644\u062a\u0627\u0644\u0641. \u0648\u0645\u0639 \u0630\u0644\u0643\u060c \u064a\u0645\u0643\u0646 \u0623\u0646 \u064a\u0624\u062f\u064a \u0630\u0644\u0643 \u0625\u0644\u0649 \u0625\u0636\u0639\u0627\u0641 \u0628\u0646\u064a\u0629 \u0627\u0644\u0633\u0646. \u064a\u062a\u0645 \u0648\u0636\u0639 \u0639\u0645\u0648\u062f \u0645\u0646 \u0627\u0644\u0623\u0644\u064a\u0627\u0641 \u062f\u0627\u062e\u0644 \u0642\u0646\u0627\u0629 \u0627\u0644\u062c\u0630\u0631 \u0644\u062a\u0642\u0648\u064a\u062a\u0647\u0627 \u0648\u062a\u0648\u0641\u064a\u0631 \u0627\u0644\u062f\u0639\u0645 \u0644\u0644\u062a\u0627\u062c \u0623\u0648 \u0623\u064a \u062e\u064a\u0627\u0631 \u062a\u0631\u0645\u064a\u0645\u064a \u0622\u062e\u0631.<\/p><p>3 - \u0645\u0632\u0627\u064a\u0627 \u0623\u0639\u0645\u062f\u0629 \u0627\u0644\u0623\u0644\u064a\u0627\u0641:<br \/>- \u062c\u0627\u0630\u0628\u064a\u0629 \u062c\u0645\u0627\u0644\u064a\u0629: \u062f\u0639\u0627\u0645\u0627\u062a \u0627\u0644\u0623\u0644\u064a\u0627\u0641 \u0628\u0644\u0648\u0646 \u0627\u0644\u0623\u0633\u0646\u0627\u0646 \u0648\u062a\u0645\u062a\u0632\u062c \u0628\u0634\u0643\u0644 \u0637\u0628\u064a\u0639\u064a \u0645\u0639 \u0628\u0646\u064a\u0629 \u0627\u0644\u0623\u0633\u0646\u0627\u0646 \u0627\u0644\u0645\u062a\u0628\u0642\u064a\u0629\u060c \u0645\u0645\u0627 \u064a\u062e\u0644\u0642 \u0646\u062a\u064a\u062c\u0629 \u0623\u0643\u062b\u0631 \u062c\u0645\u0627\u0644\u064a\u0629 - \u0627\u0644\u0645\u0631\u0648\u0646\u0629: \u062a\u0633\u0645\u062d \u0645\u0631\u0648\u0646\u0629 \u0627\u0644\u062f\u0639\u0627\u0645\u0627\u062a \u0627\u0644\u0644\u064a\u0641\u064a\u0629 \u0628\u062a\u0648\u0632\u064a\u0639 \u0623\u0641\u0636\u0644 \u0644\u0644\u0642\u0648\u0649\u060c \u0645\u0645\u0627 \u064a\u0642\u0644\u0644 \u0645\u0646 \u062e\u0637\u0631 \u062d\u062f\u0648\u062b \u0643\u0633\u0648\u0631 \u0623\u0648 \u062a\u0634\u0642\u0642\u0627\u062a \u0641\u064a \u0628\u0646\u064a\u0629 \u0627\u0644\u0623\u0633\u0646\u0627\u0646 \u0627\u0644\u0645\u062a\u0628\u0642\u064a\u0629.<br \/>- \u0642\u062f\u0631\u0629 \u0627\u0644\u062a\u0631\u0627\u0628\u0637: \u064a\u0645\u0643\u0646 \u0631\u0628\u0637 \u062f\u0639\u0627\u0645\u0627\u062a \u0627\u0644\u0623\u0644\u064a\u0627\u0641 \u0628\u0628\u0646\u064a\u0629 \u0627\u0644\u0623\u0633\u0646\u0627\u0646 \u0628\u0627\u0633\u062a\u062e\u062f\u0627\u0645 \u0645\u0648\u0627\u062f \u0644\u0627\u0635\u0642\u0629 \u0644\u0644\u0623\u0633\u0646\u0627\u0646\u060c \u0645\u0645\u0627 \u064a\u0648\u0641\u0631 \u0631\u0627\u0628\u0637\u0629 \u0642\u0648\u064a\u0629 \u0648\u064a\u0633\u0627\u0639\u062f \u0639\u0644\u0649 \u062a\u0642\u0648\u064a\u0629 \u0627\u0644\u0633\u0646.<br \/>- \u062a\u0642\u0644\u064a\u0644 \u062e\u0637\u0631 \u0643\u0633\u0631 \u0627\u0644\u062c\u0630\u0631: \u0628\u0641\u0636\u0644 \u0645\u0631\u0648\u0646\u0629 \u0627\u0644\u062f\u0639\u0627\u0645\u0627\u062a \u0627\u0644\u0644\u064a\u0641\u064a\u0629 \u0641\u0625\u0646\u0647\u0627 \u062a\u0648\u0632\u0639 \u0627\u0644\u0636\u063a\u0637 \u0628\u0634\u0643\u0644 \u0645\u062a\u0633\u0627\u0648\u064d \u0639\u0644\u0649 \u0637\u0648\u0644 \u0627\u0644\u062c\u0630\u0631\u060c \u0645\u0645\u0627 \u064a\u0633\u0627\u0639\u062f \u0639\u0644\u0649 \u062a\u0642\u0644\u064a\u0644 \u062e\u0637\u0631 \u0643\u0633\u0631 \u0627\u0644\u062c\u0630\u0631 \u0645\u0642\u0627\u0631\u0646\u0629\u064b \u0628\u0627\u0644\u062f\u0639\u0627\u0645\u0627\u062a \u0627\u0644\u0645\u0639\u062f\u0646\u064a\u0629 \u0627\u0644\u0635\u0644\u0628\u0629.<br \/><br \/>4 - \u0625\u062c\u0631\u0627\u0621 \u0627\u0644\u0625\u062f\u062e\u0627\u0644: \u064a\u0646\u0637\u0648\u064a \u0625\u062f\u062e\u0627\u0644 \u0639\u0645\u0648\u062f \u0644\u064a\u0641\u064a \u0639\u0627\u062f\u0629 \u0639\u0644\u0649 \u0627\u0644\u062e\u0637\u0648\u0627\u062a \u0627\u0644\u062a\u0627\u0644\u064a\u0629:<br \/>- \u062a\u062d\u0636\u064a\u0631 \u062a\u062c\u0648\u064a\u0641 \u0627\u0644\u062f\u0639\u0627\u0645\u0629: \u064a\u062a\u0645 \u062a\u0634\u0643\u064a\u0644 \u0642\u0646\u0627\u0629 \u0627\u0644\u062c\u0630\u0631 \u0648\u062a\u062d\u0636\u064a\u0631\u0647\u0627 \u0644\u0627\u0633\u062a\u064a\u0639\u0627\u0628 \u0627\u0644\u062f\u0639\u0627\u0645\u0629 \u0627\u0644\u0644\u064a\u0641\u064a\u0629. \u0642\u062f \u064a\u062a\u0636\u0645\u0646 \u0630\u0644\u0643 \u0625\u0632\u0627\u0644\u0629 \u0623\u064a \u0645\u0648\u0627\u062f \u062d\u0634\u0648 \u0645\u062a\u0628\u0642\u064a\u0629 \u0645\u0646 \u0627\u0644\u062c\u0648\u062a\u0627\u062a\u0627-\u0628\u064a\u0631\u0634\u0627 \u0623\u0648 \u0623\u064a \u0645\u0648\u0627\u062f \u062d\u0634\u0648 \u0623\u062e\u0631\u0649.<br \/>- \u0627\u062e\u062a\u064a\u0627\u0631 \u0627\u0644\u0639\u0645\u0648\u062f \u0648\u062d\u062c\u0645\u0647: \u064a\u062a\u0645 \u0627\u062e\u062a\u064a\u0627\u0631 \u062d\u062c\u0645 \u0648\u0637\u0648\u0644 \u0639\u0645\u0648\u062f \u0627\u0644\u0623\u0644\u064a\u0627\u0641 \u0644\u062a\u0646\u0627\u0633\u0628 \u0633\u0646 \u0645\u0639\u064a\u0646\u0629.<br \/>- \u0627\u0644\u062a\u062f\u0639\u064a\u0645: \u062a\u064f\u063a\u0644\u0641 \u0627\u0644\u062f\u0639\u0627\u0645\u0629 \u0627\u0644\u0644\u064a\u0641\u064a\u0629 \u0628\u0645\u0627\u062f\u0629 \u062d\u0634\u0648 \u0627\u0644\u0623\u0633\u0646\u0627\u0646 \u0623\u0648 \u0645\u0627\u062f\u0629 \u0644\u0627\u0635\u0642\u0629 \u0648\u062a\u0648\u0636\u0639 \u0628\u0639\u0646\u0627\u064a\u0629 \u0641\u064a \u062a\u062c\u0648\u064a\u0641 \u0642\u0646\u0627\u0629 \u0627\u0644\u062c\u0630\u0631 \u0627\u0644\u0645\u062d\u0636\u0631\u0629. \u062a\u062a\u0645 \u0625\u0632\u0627\u0644\u0629 \u0645\u0648\u0627\u062f \u0627\u0644\u062d\u0634\u0648 \u0627\u0644\u0632\u0627\u0626\u062f\u0629 \u0648\u064a\u062a\u0645 \u0648\u0636\u0639 \u0627\u0644\u062f\u0639\u0627\u0645\u0629 \u0628\u0634\u0643\u0644 \u0645\u0646\u0627\u0633\u0628.<br \/>- \u062a\u062d\u0636\u064a\u0631 \u0627\u0644\u062d\u0634\u0648: \u064a\u062a\u0645 \u0627\u0633\u062a\u062e\u062f\u0627\u0645 \u0645\u0627\u062f\u0629 \u062d\u0634\u0648\u060c \u0645\u062b\u0644 \u0627\u0644\u0631\u0627\u062a\u0646\u062c \u0627\u0644\u0645\u0631\u0643\u0628\u060c \u0644\u0625\u0646\u0634\u0627\u0621 \u0623\u0633\u0627\u0633 (\u0645\u062b\u0644 \u0627\u0644\u062a\u0627\u062c) \u0644\u062a\u0631\u0645\u064a\u0645 \u0627\u0644\u0623\u0633\u0646\u0627\u0646 \u0627\u0644\u0630\u064a \u0633\u064a\u062a\u0645 \u0648\u0636\u0639\u0647 \u0641\u0648\u0642 \u0627\u0644\u062f\u0639\u0627\u0645\u0629.<br \/>- \u0627\u0644\u062a\u0631\u0645\u064a\u0645 \u0627\u0644\u0646\u0647\u0627\u0626\u064a: \u0628\u0639\u062f \u062a\u0635\u0644\u0628 \u0645\u0627\u062f\u0629 \u0627\u0644\u062d\u0634\u0648\u060c \u064a\u062a\u0645 \u0639\u0645\u0644 \u062a\u0627\u062c \u0623\u0648 \u0623\u064a \u062a\u0631\u0645\u064a\u0645 \u0622\u062e\u0631 \u0648\u0648\u0636\u0639\u0647 \u0641\u0648\u0642 \u0627\u0644\u0633\u0646 \u0627\u0644\u0645\u062d\u0636\u0631\u0629 \u0628\u0627\u0633\u062a\u062e\u062f\u0627\u0645 \u062f\u0639\u0627\u0645\u0629 \u0644\u064a\u0641\u064a\u0629 \u0644\u0644\u062b\u0628\u0627\u062a \u0648\u0627\u0644\u062f\u0639\u0645.<br \/><br \/>\u0627\u0644\u062f\u0639\u0627\u0645\u0627\u062a \u0627\u0644\u0644\u064a\u0641\u064a\u0629 \u0644\u064a\u0633\u062a \u0645\u0646\u0627\u0633\u0628\u0629 \u0644\u0643\u0644 \u062d\u0627\u0644\u0629 \u0648\u064a\u0639\u062a\u0645\u062f \u0627\u0633\u062a\u062e\u062f\u0627\u0645\u0647\u0627 \u0639\u0644\u0649 \u0639\u0648\u0627\u0645\u0644 \u0645\u062e\u062a\u0644\u0641\u0629 \u0645\u062b\u0644 \u062d\u0627\u0644\u0629 \u0627\u0644\u0633\u0646 \u0648\u0628\u0646\u064a\u0629 \u0627\u0644\u0623\u0633\u0646\u0627\u0646 \u0627\u0644\u0645\u062a\u0628\u0642\u064a\u0629 \u0648\u062e\u0637\u0629 \u0627\u0644\u0639\u0644\u0627\u062c. \u0633\u064a\u0642\u0648\u0645 \u0637\u0628\u064a\u0628 \u0627\u0644\u0623\u0633\u0646\u0627\u0646 \u0628\u062a\u0642\u064a\u064a\u0645 \u062d\u0627\u0644\u062a\u0643 \u0627\u0644\u062e\u0627\u0635\u0629 \u0648\u062a\u062d\u062f\u064a\u062f \u0627\u0644\u0646\u0647\u062c \u0627\u0644\u0623\u0646\u0633\u0628 \u0644\u062a\u0631\u0645\u064a\u0645 \u0648\u062a\u0642\u0648\u064a\u0629 \u0623\u0633\u0646\u0627\u0646\u0643.<br \/>\u0645\u0646 \u0627\u0644\u0645\u0647\u0645 \u0623\u0646 \u062a\u062a\u0630\u0643\u0631 \u0623\u0646 \u0627\u0644\u0645\u0645\u0627\u0631\u0633\u0627\u062a \u0627\u0644\u0633\u0644\u064a\u0645\u0629 \u0644\u0646\u0638\u0627\u0641\u0629 \u0627\u0644\u0641\u0645 \u0648\u0627\u0644\u0641\u062d\u0648\u0635\u0627\u062a \u0627\u0644\u0645\u0646\u062a\u0638\u0645\u0629 \u0644\u0644\u0623\u0633\u0646\u0627\u0646 \u0648\u0627\u0644\u0627\u0644\u062a\u0632\u0627\u0645 \u0628\u062a\u0639\u0644\u064a\u0645\u0627\u062a \u0645\u0627 \u0628\u0639\u062f \u0627\u0644\u0639\u0644\u0627\u062c \u0627\u0644\u062a\u064a \u064a\u0642\u062f\u0645\u0647\u0627 \u0637\u0628\u064a\u0628 \u0627\u0644\u0623\u0633\u0646\u0627\u0646 \u0636\u0631\u0648\u0631\u064a\u0629 \u0644\u0644\u062d\u0641\u0627\u0638 \u0639\u0644\u0649 \u0627\u0644\u0645\u062f\u0649 \u0627\u0644\u0637\u0648\u064a\u0644 \u0639\u0644\u0649 \u062a\u0631\u0645\u064a\u0645\u0627\u062a \u0645\u0627 \u0628\u0639\u062f \u0627\u0644\u0623\u0644\u064a\u0627\u0641 \u0648\u0635\u062d\u0629 \u0627\u0644\u0623\u0633\u0646\u0627\u0646 \u0628\u0634\u0643\u0644 \u0639\u0627\u0645.<\/p>\t\t\t\t\t\t\t\t<\/div>\n\t\t\t\t<\/div>\n\t\t\t\t\t<\/div>\n\t\t\t\t<\/div>\n\t\t\t\t<section class=\"elementor-section elementor-top-section elementor-element elementor-element-cfed380 elementor-section-content-middle elementor-section-boxed elementor-section-height-default elementor-section-height-default tp-parallax-no syd-sticky-section-no\" data-id=\"cfed380\" data-element_type=\"section\" data-settings=\"{&quot;background_background&quot;:&quot;classic&quot;,&quot;tp_sticky_sec_effect_enable&quot;:false}\">\n\t\t\t\t\t\t<div class=\"elementor-container elementor-column-gap-default\">\n\t\t\t\t\t<div data-aos=\"\" class=\"elementor-column elementor-col-50 elementor-top-column elementor-element elementor-element-d8fac92 syd-sticky-section-no\" data-id=\"d8fac92\" data-element_type=\"column\" data-settings=\"{&quot;tp_sticky_col_effect_enable&quot;:false}\">\n\t\t\t<div class=\"elementor-widget-wrap elementor-element-populated\">\n\t\t\t\t\t\t<div class=\"elementor-element elementor-element-ea4173f syd-sticky-section-no elementor-widget elementor-widget-heading\" data-id=\"ea4173f\" data-element_type=\"widget\" data-widget_type=\"heading.default\">\n\t\t\t\t<div class=\"elementor-widget-container\">\n\t\t\t\t\t<h2 class=\"elementor-heading-title elementor-size-default\">\u0647\u0644 \u0644\u062f\u064a\u0643 \u0623\u064a \u0623\u0633\u0626\u0644\u0629\u061f<\/h2>\t\t\t\t<\/div>\n\t\t\t\t<\/div>\n\t\t\t\t\t<\/div>\n\t\t<\/div>\n\t\t\t\t<div data-aos=\"\" class=\"elementor-column elementor-col-50 elementor-top-column elementor-element elementor-element-7aa5769 syd-sticky-section-no\" data-id=\"7aa5769\" data-element_type=\"column\" data-settings=\"{&quot;tp_sticky_col_effect_enable&quot;:false}\">\n\t\t\t<div class=\"elementor-widget-wrap elementor-element-populated\">\n\t\t\t\t\t\t<div class=\"elementor-element elementor-element-9c6e3e1 elementor-align-right elementor-mobile-align-center syd-sticky-section-no elementor-widget elementor-widget-button\" data-id=\"9c6e3e1\" data-element_type=\"widget\" data-widget_type=\"button.default\">\n\t\t\t\t<div class=\"elementor-widget-container\">\n\t\t\t\t\t\t\t\t\t<div class=\"elementor-button-wrapper\">\n\t\t\t\t\t<a class=\"elementor-button elementor-button-link elementor-size-sm\" href=\"http:\/\/healthagentsturkey.com\/ar\/iletisim\/\">\n\t\t\t\t\t\t<span class=\"elementor-button-content-wrapper\">\n\t\t\t\t\t\t\t\t\t<span class=\"elementor-button-text\">\u0627\u062a\u0635\u0644 \u0628\u0646\u0627<\/span>\n\t\t\t\t\t<\/span>\n\t\t\t\t\t<\/a>\n\t\t\t\t<\/div>\n\t\t\t\t\t\t\t\t<\/div>\n\t\t\t\t<\/div>\n\t\t\t\t\t<\/div>\n\t\t<\/div>\n\t\t\t\t\t<\/div>\n\t\t<\/section>\n\t\t\t\t<\/div>","protected":false},"excerpt":{"rendered":"<p>Fiber Post Tedavisi Fiber post veya cam fiber post olarak da bilinen fiber post, k\u00f6k kanal tedavisi g\u00f6rm\u00fc\u015f bir di\u015fe destek ve [&hellip;]<\/p>","protected":false},"author":1,"featured_media":0,"parent":1622,"menu_order":0,"comment_status":"closed","ping_status":"closed","template":"elementor_header_footer","meta":{"_eb_attr":"","footnotes":""},"class_list":["post-1830","page","type-page","status-publish","hentry"],"_links":{"self":[{"href":"http:\/\/healthagentsturkey.com\/ar\/wp-json\/wp\/v2\/pages\/1830","targetHints":{"allow":["GET"]}}],"collection":[{"href":"http:\/\/healthagentsturkey.com\/ar\/wp-json\/wp\/v2\/pages"}],"about":[{"href":"http:\/\/healthagentsturkey.com\/ar\/wp-json\/wp\/v2\/types\/page"}],"author":[{"embeddable":true,"href":"http:\/\/healthagentsturkey.com\/ar\/wp-json\/wp\/v2\/users\/1"}],"replies":[{"embeddable":true,"href":"http:\/\/healthagentsturkey.com\/ar\/wp-json\/wp\/v2\/comments?post=1830"}],"version-history":[{"count":1,"href":"http:\/\/healthagentsturkey.com\/ar\/wp-json\/wp\/v2\/pages\/1830\/revisions"}],"predecessor-version":[{"id":4780,"href":"http:\/\/healthagentsturkey.com\/ar\/wp-json\/wp\/v2\/pages\/1830\/revisions\/4780"}],"up":[{"embeddable":true,"href":"http:\/\/healthagentsturkey.com\/ar\/wp-json\/wp\/v2\/pages\/1622"}],"wp:attachment":[{"href":"http:\/\/healthagentsturkey.com\/ar\/wp-json\/wp\/v2\/media?parent=1830"}],"curies":[{"name":"wp","href":"https:\/\/api.w.org\/{rel}","templated":true}]}}