{"id":1620,"date":"2023-11-19T19:49:33","date_gmt":"2023-11-19T19:49:33","guid":{"rendered":"https:\/\/healthagentsturkey.com\/?page_id=1620"},"modified":"2026-02-25T10:31:55","modified_gmt":"2026-02-25T07:31:55","slug":"implant-dis-hekimligi","status":"publish","type":"page","link":"http:\/\/healthagentsturkey.com\/ar\/tedavi\/dis\/implant-dis-hekimligi\/","title":{"rendered":"\u0632\u0631\u0627\u0639\u0629 \u0627\u0644\u0623\u0633\u0646\u0627\u0646"},"content":{"rendered":"<div data-elementor-type=\"wp-page\" data-elementor-id=\"1620\" class=\"elementor elementor-1620\" data-elementor-post-type=\"page\">\n\t\t\t\t\t\t<section class=\"elementor-section elementor-top-section elementor-element elementor-element-eedafb9 elementor-section-content-middle elementor-section-boxed elementor-section-height-default elementor-section-height-default tp-parallax-no syd-sticky-section-no\" data-id=\"eedafb9\" data-element_type=\"section\" data-settings=\"{&quot;tp_sticky_sec_effect_enable&quot;:false}\">\n\t\t\t\t\t\t<div class=\"elementor-container elementor-column-gap-default\">\n\t\t\t\t\t<div data-aos=\"\" class=\"elementor-column elementor-col-50 elementor-top-column elementor-element elementor-element-571508b syd-sticky-section-no\" data-id=\"571508b\" data-element_type=\"column\" data-settings=\"{&quot;tp_sticky_col_effect_enable&quot;:false}\">\n\t\t\t<div class=\"elementor-widget-wrap elementor-element-populated\">\n\t\t\t\t\t\t<div class=\"elementor-element elementor-element-2fc2cb6 syd-sticky-section-no elementor-widget elementor-widget-heading\" data-id=\"2fc2cb6\" data-element_type=\"widget\" data-widget_type=\"heading.default\">\n\t\t\t\t<div class=\"elementor-widget-container\">\n\t\t\t\t\t<h2 class=\"elementor-heading-title elementor-size-default\">\u0627\u0644\u0632\u0631\u0639<\/h2>\t\t\t\t<\/div>\n\t\t\t\t<\/div>\n\t\t\t\t<div class=\"elementor-element elementor-element-1cf0f1c syd-sticky-section-no elementor-widget elementor-widget-text-editor\" data-id=\"1cf0f1c\" data-element_type=\"widget\" data-widget_type=\"text-editor.default\">\n\t\t\t\t<div class=\"elementor-widget-container\">\n\t\t\t\t\t\t\t\t\t<p data-sourcepos=\"1:1-1:26\"><strong>\u0645\u0627 \u0647\u064a \u0632\u0631\u0627\u0639\u0629 \u0627\u0644\u0623\u0633\u0646\u0627\u0646\u061f<\/strong><\/p><p data-sourcepos=\"3:1-3:253\">\u063a\u0631\u0633\u0627\u062a \u0627\u0644\u0623\u0633\u0646\u0627\u0646 \u0647\u064a \u062c\u0630\u0648\u0631 \u0627\u0635\u0637\u0646\u0627\u0639\u064a\u0629 \u0645\u0635\u0646\u0648\u0639\u0629 \u0645\u0646 \u0627\u0644\u062a\u064a\u062a\u0627\u0646\u064a\u0648\u0645 \u062a\u0633\u062a\u062e\u062f\u0645 \u0644\u0627\u0633\u062a\u0628\u062f\u0627\u0644 \u0627\u0644\u0623\u0633\u0646\u0627\u0646 \u0627\u0644\u0645\u0641\u0642\u0648\u062f\u0629. \u062a\u0648\u0636\u0639 \u0627\u0644\u063a\u0631\u0633\u0627\u062a \u0641\u064a \u0639\u0638\u0645 \u0627\u0644\u0641\u0643 \u0648\u062a\u0639\u0645\u0644 \u0645\u062b\u0644 \u062c\u0630\u0648\u0631 \u0627\u0644\u0623\u0633\u0646\u0627\u0646 \u0627\u0644\u0637\u0628\u064a\u0639\u064a\u0629. \u0627\u0644\u063a\u0631\u0633\u0627\u062a \u0647\u064a \u0627\u0644\u0637\u0631\u064a\u0642\u0629 \u0627\u0644\u0623\u0643\u062b\u0631 \u0637\u0628\u064a\u0639\u064a\u0629 \u0648\u0645\u062a\u0627\u0646\u0629 \u0644\u0627\u0633\u062a\u0628\u062f\u0627\u0644 \u0627\u0644\u0623\u0633\u0646\u0627\u0646 \u0627\u0644\u0645\u0641\u0642\u0648\u062f\u0629.<\/p><p data-sourcepos=\"5:1-5:92\"><strong>\u062a\u064f\u0633\u062a\u062e\u062f\u0645 \u0632\u0631\u0627\u0639\u0629 \u0627\u0644\u0623\u0633\u0646\u0627\u0646 \u0644\u062d\u0644 \u0627\u0644\u0645\u0634\u0627\u0643\u0644 \u0627\u0644\u062a\u0627\u0644\u064a\u0629 \u0627\u0644\u062a\u064a \u062a\u0633\u0628\u0628\u0647\u0627 \u0627\u0644\u0623\u0633\u0646\u0627\u0646 \u0627\u0644\u0645\u0641\u0642\u0648\u062f\u0629:<\/strong><\/p><ul data-sourcepos=\"7:1-10:0\"><li data-sourcepos=\"7:1-7:24\"><strong>\u0635\u0639\u0648\u0628\u0629 \u0641\u064a \u062a\u0646\u0627\u0648\u0644 \u0627\u0644\u0637\u0639\u0627\u0645<\/strong><\/li><li data-sourcepos=\"8:1-8:21\"><strong>\u0635\u0639\u0648\u0628\u0629 \u0641\u064a \u0627\u0644\u062a\u062d\u062f\u062b<\/strong><\/li><li data-sourcepos=\"9:1-10:0\"><strong>\u0641\u0642\u062f\u0627\u0646 \u0627\u0644\u0645\u0638\u0647\u0631 \u0627\u0644\u062c\u0645\u0627\u0644\u064a<\/strong><\/li><\/ul><p data-sourcepos=\"5:1-5:32\"><strong>\u0641\u0648\u0627\u0626\u062f \u0632\u0631\u0627\u0639\u0629 \u0627\u0644\u0623\u0633\u0646\u0627\u0646<\/strong><\/p><p data-sourcepos=\"5:1-5:32\">\u062a\u062a\u0645\u062a\u0639 \u0632\u0631\u0627\u0639\u0629 \u0627\u0644\u0623\u0633\u0646\u0627\u0646 \u0628\u0627\u0644\u0639\u062f\u064a\u062f \u0645\u0646 \u0627\u0644\u0641\u0648\u0627\u0626\u062f. \u0648\u062a\u0634\u0645\u0644 \u0647\u0630\u0647 \u0627\u0644\u0641\u0648\u0627\u0626\u062f \u0645\u0627 \u064a\u0644\u064a:<\/p><ul data-sourcepos=\"9:1-13:0\"><li data-sourcepos=\"9:1-9:159\"><strong>\u0627\u0628\u062a\u0633\u0627\u0645\u0629 \u0637\u0628\u064a\u0639\u064a\u0629 \u0627\u0644\u0645\u0638\u0647\u0631:<\/strong>\u00a0\u0628\u0645\u0627 \u0623\u0646 \u0627\u0644\u063a\u0631\u0633\u0627\u062a \u062a\u0639\u0645\u0644 \u0645\u062b\u0644 \u062c\u0630\u0648\u0631 \u0627\u0644\u0623\u0633\u0646\u0627\u0646 \u0627\u0644\u0637\u0628\u064a\u0639\u064a\u0629\u060c \u0641\u0644\u0627 \u064a\u0645\u0643\u0646 \u062a\u0645\u064a\u064a\u0632 \u0627\u0644\u0623\u0633\u0646\u0627\u0646 \u0627\u0644\u062a\u064a \u064a\u062a\u0645 \u062a\u0631\u0645\u064a\u0645\u0647\u0627 \u0628\u0627\u0644\u063a\u0631\u0633\u0627\u062a \u0639\u0646 \u0627\u0644\u0623\u0633\u0646\u0627\u0646 \u0627\u0644\u0637\u0628\u064a\u0639\u064a\u0629.<\/li><li data-sourcepos=\"10:1-10:111\"><strong>\u0627\u0644\u0648\u0642\u0627\u064a\u0629 \u0645\u0646 \u0641\u0642\u062f\u0627\u0646 \u0627\u0644\u0623\u0633\u0646\u0627\u0646:<\/strong>\u00a0\u064a\u0645\u0643\u0646 \u0623\u0646 \u062a\u0633\u0627\u0639\u062f \u0627\u0644\u063a\u0631\u0633\u0627\u062a \u0641\u064a \u0645\u0646\u0639 \u0641\u0642\u062f\u0627\u0646 \u0639\u0638\u0645 \u0627\u0644\u0641\u0643 \u0627\u0644\u0646\u0627\u062c\u0645 \u0639\u0646 \u0641\u0642\u062f\u0627\u0646 \u0627\u0644\u0623\u0633\u0646\u0627\u0646.<\/li><li data-sourcepos=\"11:1-11:116\"><strong>\u0627\u0644\u062d\u062f \u0645\u0646 \u0623\u0644\u0645 \u0627\u0644\u0623\u0633\u0646\u0627\u0646:<\/strong>\u00a0\u064a\u0645\u0643\u0646 \u0623\u0646 \u062a\u0633\u0627\u0639\u062f \u063a\u0631\u0633\u0627\u062a \u0627\u0644\u0623\u0633\u0646\u0627\u0646 \u0641\u064a \u062a\u0642\u0644\u064a\u0644 \u0627\u0644\u0623\u0644\u0645 \u0627\u0644\u0646\u0627\u062c\u0645 \u0639\u0646 \u0627\u0644\u0623\u0633\u0646\u0627\u0646 \u0627\u0644\u0645\u062a\u0633\u0648\u0633\u0629 \u0623\u0648 \u0627\u0644\u062a\u0627\u0644\u0641\u0629.<\/li><li data-sourcepos=\"12:1-13:0\"><strong>\u062a\u0633\u0647\u064a\u0644 \u062a\u0646\u0627\u0648\u0644 \u0627\u0644\u0637\u0639\u0627\u0645:<\/strong>\u00a0\u064a\u0645\u0643\u0646 \u0623\u0646 \u062a\u0624\u062f\u064a \u0627\u0644\u063a\u0631\u0633\u0627\u062a \u0648\u0638\u064a\u0641\u0629 \u0627\u0644\u0645\u0636\u063a \u0645\u062b\u0644 \u0627\u0644\u0623\u0633\u0646\u0627\u0646 \u0627\u0644\u0637\u0628\u064a\u0639\u064a\u0629\u060c \u0645\u0645\u0627 \u064a\u062c\u0639\u0644 \u062a\u0646\u0627\u0648\u0644 \u0627\u0644\u0637\u0639\u0627\u0645 \u0623\u0633\u0647\u0644 \u0648\u0623\u0643\u062b\u0631 \u0645\u062a\u0639\u0629.<\/li><\/ul>\t\t\t\t\t\t\t\t<\/div>\n\t\t\t\t<\/div>\n\t\t\t\t\t<\/div>\n\t\t<\/div>\n\t\t\t\t<div data-aos=\"\" class=\"elementor-column elementor-col-50 elementor-top-column elementor-element elementor-element-bc4d4c0 syd-sticky-section-no\" data-id=\"bc4d4c0\" data-element_type=\"column\" data-settings=\"{&quot;tp_sticky_col_effect_enable&quot;:false}\">\n\t\t\t<div class=\"elementor-widget-wrap elementor-element-populated\">\n\t\t\t\t\t\t<div class=\"elementor-element elementor-element-48dd569 syd-sticky-section-no elementor-widget elementor-widget-image\" data-id=\"48dd569\" data-element_type=\"widget\" data-widget_type=\"image.default\">\n\t\t\t\t<div class=\"elementor-widget-container\">\n\t\t\t\t\t\t\t\t\t<\/div>\n\t\t\t\t<\/div>\n\t\t\t\t<div class=\"elementor-element elementor-element-2539c9c syd-sticky-section-no elementor-widget elementor-widget-text-editor\" data-id=\"2539c9c\" data-element_type=\"widget\" data-widget_type=\"text-editor.default\">\n\t\t\t\t<div class=\"elementor-widget-container\">\n\t\t\t\t\t\t\t\t\t<p data-sourcepos=\"14:1-14:36\"><strong>\u062e\u0637\u0648\u0627\u062a \u062a\u0637\u0628\u064a\u0642 \u0632\u0631\u0627\u0639\u0629 \u0627\u0644\u0623\u0633\u0646\u0627\u0646.<\/strong><\/p><p data-sourcepos=\"16:1-16:66\">\u062a\u062a\u0645 \u0639\u0645\u0644\u064a\u0629 \u0632\u0631\u0627\u0639\u0629 \u0627\u0644\u0623\u0633\u0646\u0627\u0646 \u0639\u0627\u062f\u0629\u064b \u0639\u0644\u0649 \u0645\u0631\u062d\u0644\u062a\u064a\u0646 \u0623\u0648 \u062b\u0644\u0627\u062b \u0645\u0631\u0627\u062d\u0644:<\/p><ol data-sourcepos=\"18:1-22:0\"><li data-sourcepos=\"18:1-19:35\"><strong>\u0648\u0636\u0639 \u0627\u0644\u063a\u0631\u0633\u0629:<\/strong> \u0641\u064a \u0627\u0644\u0645\u0631\u062d\u0644\u0629 \u0627\u0644\u0623\u0648\u0644\u0649\u060c \u064a\u0636\u0639 \u0637\u0628\u064a\u0628 \u0627\u0644\u0623\u0633\u0646\u0627\u0646 \u0627\u0644\u063a\u0631\u0633\u0627\u062a \u0641\u064a \u0639\u0638\u0645 \u0627\u0644\u0641\u0643. \u064a\u062a\u0645 \u0625\u062c\u0631\u0627\u0621 \u0647\u0630\u0627 \u0627\u0644\u0625\u062c\u0631\u0627\u0621 \u0639\u0627\u062f\u0629\u064b \u062a\u062d\u062a \u0627\u0644\u062a\u062e\u062f\u064a\u0631 \u0627\u0644\u0645\u0648\u0636\u0639\u064a.<\/li><li data-sourcepos=\"20:1-20:161\"><strong>\u0634\u0641\u0627\u0621 \u0627\u0644\u0632\u0631\u0639:<\/strong>\u00a0\u0628\u064a\u0646\u0645\u0627 \u062a\u0644\u062a\u062d\u0645 \u0627\u0644\u063a\u0631\u0633\u0627\u062a \u0628\u0639\u0638\u0645 \u0627\u0644\u0641\u0643\u060c \u064a\u0636\u0639 \u0637\u0628\u064a\u0628 \u0627\u0644\u0623\u0633\u0646\u0627\u0646 \u0633\u0646\u0627\u064b \u0623\u0648 \u062c\u0633\u0631\u0627\u064b \u0645\u0624\u0642\u062a\u0627\u064b. \u062a\u0633\u062a\u063a\u0631\u0642 \u0641\u062a\u0631\u0629 \u0627\u0644\u062a\u0639\u0627\u0641\u064a \u0647\u0630\u0647 \u0639\u0627\u062f\u0629\u064b \u0639\u062f\u0629 \u0623\u0634\u0647\u0631.<\/li><li data-sourcepos=\"21:1-22:0\"><strong>\u0648\u0636\u0639 \u0627\u0644\u062a\u0627\u062c \u0623\u0648 \u0627\u0644\u062c\u0633\u0631:<\/strong>\u00a0\u0641\u064a \u0627\u0644\u0645\u0631\u062d\u0644\u0629 \u0627\u0644\u0646\u0647\u0627\u0626\u064a\u0629\u060c \u064a\u0636\u0639 \u0637\u0628\u064a\u0628 \u0627\u0644\u0623\u0633\u0646\u0627\u0646 \u062a\u0627\u062c\u0627\u064b \u0623\u0648 \u062c\u0633\u0631\u0627\u064b \u062f\u0627\u0626\u0645\u0627\u064b \u0639\u0644\u0649 \u0627\u0644\u063a\u0631\u0633\u0627\u062a. \u064a\u062a\u0645 \u0625\u062c\u0631\u0627\u0621 \u0647\u0630\u0627 \u0627\u0644\u0625\u062c\u0631\u0627\u0621 \u0639\u0627\u062f\u0629\u064b \u062a\u062d\u062a \u0627\u0644\u062a\u062e\u062f\u064a\u0631 \u0627\u0644\u0645\u0648\u0636\u0639\u064a.<\/li><\/ol><p>\u00a0<\/p>\t\t\t\t\t\t\t\t<\/div>\n\t\t\t\t<\/div>\n\t\t\t\t\t<\/div>\n\t\t<\/div>\n\t\t\t\t\t<\/div>\n\t\t<\/section>\n\t\t<div class=\"elementor-element elementor-element-34d01ae e-flex e-con-boxed syd-sticky-section-no e-con e-parent\" data-id=\"34d01ae\" data-element_type=\"container\">\n\t\t\t\t\t<div class=\"e-con-inner\">\n\t\t\t\t<div class=\"elementor-element elementor-element-1e67feb syd-sticky-section-no elementor-widget elementor-widget-text-editor\" data-id=\"1e67feb\" data-element_type=\"widget\" data-widget_type=\"text-editor.default\">\n\t\t\t\t<div class=\"elementor-widget-container\">\n\t\t\t\t\t\t\t\t\t<p data-sourcepos=\"23:1-23:26\"><strong>\u0645\u0627 \u0647\u064a \u0627\u0644\u0639\u0648\u0627\u0645\u0644 \u0627\u0644\u062a\u064a \u062a\u0624\u062b\u0631 \u0639\u0644\u0649 \u0627\u0644\u0623\u0633\u0639\u0627\u0631 \u0641\u064a \u0639\u0644\u0627\u062c \u0632\u0631\u0627\u0639\u0629 \u0627\u0644\u0623\u0633\u0646\u0627\u0646\u061f<\/strong><\/p><p data-sourcepos=\"25:1-25:251\">\u062a\u062e\u062a\u0644\u0641 \u0623\u0633\u0639\u0627\u0631 \u0632\u0631\u0627\u0639\u0629 \u0627\u0644\u0623\u0633\u0646\u0627\u0646 \u062a\u0628\u0639\u0627\u064b \u0644\u0646\u0648\u0639 \u0627\u0644\u0632\u0631\u0639\u0629 \u0648\u0627\u0644\u0645\u0646\u0637\u0642\u0629 \u0627\u0644\u062a\u064a \u0633\u064a\u062a\u0645 \u0648\u0636\u0639 \u0627\u0644\u0632\u0631\u0639\u0629 \u0641\u064a\u0647\u0627 \u0648\u0623\u062a\u0639\u0627\u0628 \u0637\u0628\u064a\u0628 \u0627\u0644\u0623\u0633\u0646\u0627\u0646. \u0628\u0634\u0643\u0644 \u0639\u0627\u0645\u060c \u062a\u0643\u0648\u0646 \u0623\u0633\u0639\u0627\u0631 \u0632\u0631\u0627\u0639\u0629 \u0627\u0644\u0623\u0633\u0646\u0627\u0646 \u0623\u0639\u0644\u0649 \u0645\u0646 \u0627\u0644\u0625\u062c\u0631\u0627\u0621\u0627\u062a \u0627\u0644\u0623\u062e\u0631\u0649 \u0627\u0644\u0645\u0633\u062a\u062e\u062f\u0645\u0629 \u0644\u0639\u0644\u0627\u062c \u062a\u0633\u0648\u0633 \u0627\u0644\u0623\u0633\u0646\u0627\u0646 \u0623\u0648 \u0641\u0642\u062f\u0627\u0646 \u0627\u0644\u0623\u0633\u0646\u0627\u0646.<\/p><p data-sourcepos=\"27:1-27:31\"><strong>\u0632\u0631\u0627\u0639\u0629 \u0627\u0644\u0623\u0633\u0646\u0627\u0646 \u0641\u064a \u0625\u0633\u0637\u0646\u0628\u0648\u0644<\/strong><\/p><p data-sourcepos=\"29:1-29:102\">\u062a\u064f\u0639\u062f \u0625\u0633\u0637\u0646\u0628\u0648\u0644 \u0648\u062c\u0647\u0629 \u0633\u064a\u0627\u062d\u064a\u0629 \u0635\u062d\u064a\u0629 \u0634\u0647\u064a\u0631\u0629 \u0644\u0632\u0631\u0627\u0639\u0629 \u0627\u0644\u0623\u0633\u0646\u0627\u0646. \u0648\u0647\u0646\u0627\u0643 \u0639\u062f\u0629 \u0623\u0633\u0628\u0627\u0628 \u0644\u0630\u0644\u0643:<\/p><ul data-sourcepos=\"31:1-33:0\"><li data-sourcepos=\"31:1-31:82\">\u062a\u064f\u0639\u062f \u0625\u0633\u0637\u0646\u0628\u0648\u0644 \u0645\u0648\u0637\u0646\u0627\u064b \u0644\u0628\u0639\u0636 \u0623\u0641\u0636\u0644 \u0623\u0637\u0628\u0627\u0621 \u0627\u0644\u0623\u0633\u0646\u0627\u0646 \u0641\u064a \u0627\u0644\u0639\u0627\u0644\u0645.<\/li><li data-sourcepos=\"32:1-33:0\">\u062a\u0639\u062a\u0628\u0631 \u062e\u062f\u0645\u0627\u062a \u0632\u0631\u0627\u0639\u0629 \u0627\u0644\u0623\u0633\u0646\u0627\u0646 \u0641\u064a \u0625\u0633\u0637\u0646\u0628\u0648\u0644 \u0645\u064a\u0633\u0648\u0631\u0629 \u0627\u0644\u062a\u0643\u0644\u0641\u0629 \u0645\u0642\u0627\u0631\u0646\u0629\u064b \u0628\u0627\u0644\u0639\u062f\u064a\u062f \u0645\u0646 \u0627\u0644\u0645\u0646\u0627\u0637\u0642 \u0627\u0644\u0623\u062e\u0631\u0649 \u0641\u064a \u0627\u0644\u0639\u0627\u0644\u0645.<\/li><\/ul><p data-sourcepos=\"34:1-34:226\">\u0644\u0625\u062c\u0631\u0627\u0621 \u0632\u0631\u0627\u0639\u0629 \u0627\u0644\u0623\u0633\u0646\u0627\u0646 \u0641\u064a \u0625\u0633\u0637\u0646\u0628\u0648\u0644 <a href=\"http:\/\/healthagentsturkey.com\/ar\/iletisim\/\">\u0627\u062a\u0635\u0644 \u0628\u0646\u0627<\/a>\u0644\u0627 \u062a\u062a\u0631\u062f\u062f \u0641\u064a \u0627\u0644\u0627\u062a\u0635\u0627\u0644 \u0628\u0646\u0627. \u064a\u0633\u0639\u062f\u0646\u0627 \u0645\u0633\u0627\u0639\u062f\u062a\u0643 \u0641\u064a \u0627\u0644\u0639\u062b\u0648\u0631 \u0639\u0644\u0649 \u0637\u0628\u064a\u0628 \u0623\u0633\u0646\u0627\u0646 \u0645\u0646\u0627\u0633\u0628 \u0648\u0627\u0644\u062a\u062e\u0637\u064a\u0637 \u0644\u0631\u062d\u0644\u0629 \u0632\u0631\u0627\u0639\u0629 \u0627\u0644\u0623\u0633\u0646\u0627\u0646.<\/p>\t\t\t\t\t\t\t\t<\/div>\n\t\t\t\t<\/div>\n\t\t\t\t\t<\/div>\n\t\t\t\t<\/div>\n\t\t\t\t<section class=\"elementor-section elementor-top-section elementor-element elementor-element-7dd23a9 elementor-section-content-middle elementor-section-boxed elementor-section-height-default elementor-section-height-default tp-parallax-no syd-sticky-section-no\" data-id=\"7dd23a9\" data-element_type=\"section\" data-settings=\"{&quot;background_background&quot;:&quot;classic&quot;,&quot;tp_sticky_sec_effect_enable&quot;:false}\">\n\t\t\t\t\t\t<div class=\"elementor-container elementor-column-gap-default\">\n\t\t\t\t\t<div data-aos=\"\" class=\"elementor-column elementor-col-50 elementor-top-column elementor-element elementor-element-76493f1 syd-sticky-section-no\" data-id=\"76493f1\" data-element_type=\"column\" data-settings=\"{&quot;tp_sticky_col_effect_enable&quot;:false}\">\n\t\t\t<div class=\"elementor-widget-wrap elementor-element-populated\">\n\t\t\t\t\t\t<div class=\"elementor-element elementor-element-73a746f syd-sticky-section-no elementor-widget elementor-widget-heading\" data-id=\"73a746f\" data-element_type=\"widget\" data-widget_type=\"heading.default\">\n\t\t\t\t<div class=\"elementor-widget-container\">\n\t\t\t\t\t<h2 class=\"elementor-heading-title elementor-size-default\">\u0647\u0644 \u0644\u062f\u064a\u0643 \u0623\u064a \u0623\u0633\u0626\u0644\u0629\u061f<\/h2>\t\t\t\t<\/div>\n\t\t\t\t<\/div>\n\t\t\t\t\t<\/div>\n\t\t<\/div>\n\t\t\t\t<div data-aos=\"\" class=\"elementor-column elementor-col-50 elementor-top-column elementor-element elementor-element-78e52ef syd-sticky-section-no\" data-id=\"78e52ef\" data-element_type=\"column\" data-settings=\"{&quot;tp_sticky_col_effect_enable&quot;:false}\">\n\t\t\t<div class=\"elementor-widget-wrap elementor-element-populated\">\n\t\t\t\t\t\t<div class=\"elementor-element elementor-element-3db0366 elementor-align-right elementor-mobile-align-center syd-sticky-section-no elementor-widget elementor-widget-button\" data-id=\"3db0366\" data-element_type=\"widget\" data-widget_type=\"button.default\">\n\t\t\t\t<div class=\"elementor-widget-container\">\n\t\t\t\t\t\t\t\t\t<div class=\"elementor-button-wrapper\">\n\t\t\t\t\t<a class=\"elementor-button elementor-button-link elementor-size-sm\" href=\"http:\/\/healthagentsturkey.com\/ar\/iletisim\/\">\n\t\t\t\t\t\t<span class=\"elementor-button-content-wrapper\">\n\t\t\t\t\t\t\t\t\t<span class=\"elementor-button-text\">\u0627\u062a\u0635\u0644 \u0628\u0646\u0627<\/span>\n\t\t\t\t\t<\/span>\n\t\t\t\t\t<\/a>\n\t\t\t\t<\/div>\n\t\t\t\t\t\t\t\t<\/div>\n\t\t\t\t<\/div>\n\t\t\t\t\t<\/div>\n\t\t<\/div>\n\t\t\t\t\t<\/div>\n\t\t<\/section>\n\t\t\t\t<\/div>","protected":false},"excerpt":{"rendered":"<p>\u0130mplant Di\u015f \u0130mplantlar\u0131 Nedir? Di\u015f implantlar\u0131, eksik di\u015fleri yerine koymak i\u00e7in kullan\u0131lan titanyumdan yap\u0131lm\u0131\u015f yapay k\u00f6klerdir. \u0130mplantlar, \u00e7ene kemi\u011fine yerle\u015ftirilir ve do\u011fal [&hellip;]<\/p>","protected":false},"author":1,"featured_media":0,"parent":1439,"menu_order":0,"comment_status":"closed","ping_status":"closed","template":"elementor_header_footer","meta":{"_eb_attr":"","footnotes":""},"class_list":["post-1620","page","type-page","status-publish","hentry"],"_links":{"self":[{"href":"http:\/\/healthagentsturkey.com\/ar\/wp-json\/wp\/v2\/pages\/1620","targetHints":{"allow":["GET"]}}],"collection":[{"href":"http:\/\/healthagentsturkey.com\/ar\/wp-json\/wp\/v2\/pages"}],"about":[{"href":"http:\/\/healthagentsturkey.com\/ar\/wp-json\/wp\/v2\/types\/page"}],"author":[{"embeddable":true,"href":"http:\/\/healthagentsturkey.com\/ar\/wp-json\/wp\/v2\/users\/1"}],"replies":[{"embeddable":true,"href":"http:\/\/healthagentsturkey.com\/ar\/wp-json\/wp\/v2\/comments?post=1620"}],"version-history":[{"count":1,"href":"http:\/\/healthagentsturkey.com\/ar\/wp-json\/wp\/v2\/pages\/1620\/revisions"}],"predecessor-version":[{"id":4772,"href":"http:\/\/healthagentsturkey.com\/ar\/wp-json\/wp\/v2\/pages\/1620\/revisions\/4772"}],"up":[{"embeddable":true,"href":"http:\/\/healthagentsturkey.com\/ar\/wp-json\/wp\/v2\/pages\/1439"}],"wp:attachment":[{"href":"http:\/\/healthagentsturkey.com\/ar\/wp-json\/wp\/v2\/media?parent=1620"}],"curies":[{"name":"wp","href":"https:\/\/api.w.org\/{rel}","templated":true}]}}